{"id":5361,"date":"2024-06-28T13:12:33","date_gmt":"2024-06-28T11:12:33","guid":{"rendered":"https:\/\/drap-art.org\/tallers\/"},"modified":"2025-02-20T12:23:38","modified_gmt":"2025-02-20T10:23:38","slug":"tallers","status":"publish","type":"page","link":"https:\/\/drap-art.org\/en\/who-we-are\/what-we-do\/tallers\/","title":{"rendered":"Tallers"},"content":{"rendered":"<h4>Drap-Art Association<\/h4>\n<h1>We do Workshops<\/h1>\n<div>\n<p>The workshops we offer are an excellent way to bring the public closer to the artists and their reflections on sustainability. They are open to both children and adults and serve as a great community activity, being socially inclusive and educational, particularly in terms of climate change and sustainability issues.<\/p>\n<\/div>\n<div>S\u00f3n experi\u00e8ncies col\u00b7laboratives on els i les participants poden aprendre juntxs, abordar una varietat de temes i, sobretot, usar les seves mans per a crear objectes d\u2019art i manualitats que despr\u00e9s es poden emportar a casa. Aprendre \u201cfent\u201d \u00e9s una experi\u00e8ncia pr\u00e0ctica de gran abast que ha demostrat ser molt eficient per estimular el canvi d\u2019h\u00e0bits cap a la sostenibilitat.<\/div>\n<h1>Aspectes Claus<\/h1>\n<div>\n<ul>\n<li>Interactius<\/li>\n<li>Participatius<\/li>\n<li>Interculturals<\/li>\n<li>Faciliten el contacte amb artistes<\/li>\n<li>Transmeten experi\u00e8ncies col\u00b7laboratives<\/li>\n<li>Connecten amb la comunitat<\/li>\n<li>Ensenyen fent<\/li>\n<li>Estimulen la creativitat<\/li>\n<li>Accessibles a tots els p\u00fablics<\/li>\n<\/ul>\n<\/div>\n<ul>\n<li>\n<p>        <img decoding=\"async\" src=\"\/wp-content\/uploads\/2024\/06\/cb_Concierto-La-Maga_plaza-del-Rey_0396-1-1024x683-1.jpg\" alt=\"\"><\/p>\n<h3>cb_Concierto-La-Maga_plaza-del-Rey_0396-1-1024&#215;683<\/h3>\n<\/li>\n<li>\n<p>        <img decoding=\"async\" src=\"\/wp-content\/uploads\/2016\/11\/drapart-2016-05-2000x500-1.jpg\" alt=\"\"><\/p>\n<h3>drapart-2016-05-2000&#215;500<\/h3>\n<\/li>\n<\/ul>\n<p><!--more--><br \/>\n<!-- {\"type\":\"layout\",\"children\":[{\"type\":\"section\",\"props\":{\"height\":\"viewport\",\"height_viewport\":50,\"image\":\"wp-content\\\/uploads\\\/2024\\\/10\\\/drap-art-que-fem-tallers.jpg\",\"image_effect\":\"parallax\",\"image_parallax_bgy\":\"0 0%,-120 100%\",\"image_position\":\"center-center\",\"image_size\":\"cover\",\"media_overlay\":\"rgba(0, 0, 0, 0.33)\",\"style\":\"default\",\"text_color\":\"light\",\"title\":\"fem festivals\",\"title_breakpoint\":\"xl\",\"title_position\":\"top-left\",\"title_rotation\":\"left\",\"vertical_align\":\"middle\",\"width\":\"default\"},\"children\":[{\"type\":\"row\",\"children\":[{\"type\":\"column\",\"props\":{\"image_position\":\"center-center\",\"position_sticky_breakpoint\":\"m\"},\"children\":[{\"type\":\"headline\",\"props\":{\"text_align\":\"center\",\"title_element\":\"h1\",\"title_style\":\"heading-medium\"},\"source_extended\":{\"props\":{\"content\":{\"filters\":{\"search\":\"\"},\"name\":\"title\",\"query\":{\"name\":\"pages.singlePage\"}}}},\"source\":[]}]}]}]},{\"type\":\"section\",\"props\":{\"image_position\":\"center-center\",\"style\":\"default\",\"title_breakpoint\":\"xl\",\"title_position\":\"top-left\",\"title_rotation\":\"left\",\"vertical_align\":\"middle\",\"width\":\"default\"},\"children\":[{\"type\":\"row\",\"children\":[{\"type\":\"column\",\"props\":{\"image_position\":\"center-center\",\"position_sticky_breakpoint\":\"m\"},\"children\":[{\"type\":\"headline\",\"props\":{\"content\":\"Drap-Art Association\",\"margin_remove_bottom\":true,\"title_element\":\"h4\"}},{\"type\":\"headline\",\"props\":{\"content\":\"We do Workshops\",\"margin_remove_top\":true,\"title_decoration\":\"line\",\"title_element\":\"h1\"}}]}]},{\"type\":\"row\",\"props\":{\"column_gap\":\"large\",\"layout\":\"1-2,1-2\"},\"children\":[{\"type\":\"column\",\"props\":{\"image_position\":\"center-center\",\"position_sticky_breakpoint\":\"m\",\"width_medium\":\"1-2\"},\"children\":[{\"type\":\"text\",\"props\":{\"column_breakpoint\":\"m\",\"content\":\"\n\n<p>The workshops we offer are an excellent way to bring the public closer to the artists and their reflections on sustainability. They are open to both children and adults and serve as a great community activity, being socially inclusive and educational, particularly in terms of climate change and sustainability issues.<\\\/p>\",\"margin\":\"default\"}}]},{\"type\":\"column\",\"props\":{\"image_position\":\"center-center\",\"position_sticky_breakpoint\":\"m\",\"width_medium\":\"1-2\"},\"children\":[{\"type\":\"text\",\"props\":{\"column_breakpoint\":\"m\",\"content\":\"S\\u00f3n experi\\u00e8ncies col\\u00b7laboratives on els i les participants poden aprendre juntxs, abordar una varietat de temes i, sobretot, usar les seves mans per a crear objectes d\\u2019art i manualitats que despr\\u00e9s es poden emportar a casa. Aprendre \\u201cfent\\u201d \\u00e9s una experi\\u00e8ncia pr\\u00e0ctica de gran abast que ha demostrat ser molt eficient per estimular el canvi d\\u2019h\\u00e0bits cap a la sostenibilitat.\",\"margin\":\"default\"}}]}]}]},{\"type\":\"section\",\"props\":{\"image_position\":\"center-center\",\"style\":\"secondary\",\"title_breakpoint\":\"xl\",\"title_position\":\"top-left\",\"title_rotation\":\"left\",\"vertical_align\":\"middle\",\"width\":\"default\"},\"children\":[{\"type\":\"row\",\"children\":[{\"type\":\"column\",\"props\":{\"image_position\":\"center-center\",\"position_sticky_breakpoint\":\"m\"},\"children\":[{\"type\":\"headline\",\"props\":{\"content\":\"Aspectes Claus\",\"title_element\":\"h1\"}},{\"type\":\"text\",\"props\":{\"column\":\"1-3\",\"column_breakpoint\":\"m\",\"content\":\"\n\n<ul>\\n\n\n<li>Interactius<\\\/li>\\n\n\n<li>Participatius<\\\/li>\\n\n\n<li>Interculturals<\\\/li>\\n\n\n<li>Faciliten el contacte amb artistes<\\\/li>\\n\n\n<li>Transmeten experi\\u00e8ncies col\\u00b7laboratives<\\\/li>\\n\n\n<li>Connecten amb la comunitat<\\\/li>\\n\n\n<li>Ensenyen fent<\\\/li>\\n\n\n<li>Estimulen la creativitat<\\\/li>\\n\n\n<li>Accessibles a tots els p\\u00fablics<\\\/li>\\n<\\\/ul>\",\"margin\":\"default\"}}]}]}]},{\"type\":\"section\",\"props\":{\"image_position\":\"center-center\",\"style\":\"default\",\"title_breakpoint\":\"xl\",\"title_position\":\"top-left\",\"title_rotation\":\"left\",\"vertical_align\":\"middle\",\"width\":\"default\"},\"children\":[{\"type\":\"row\",\"children\":[{\"type\":\"column\",\"props\":{\"image_position\":\"center-center\",\"position_sticky_breakpoint\":\"m\"},\"children\":[{\"type\":\"gallery\",\"props\":{\"filter_align\":\"left\",\"filter_all\":true,\"filter_grid_breakpoint\":\"m\",\"filter_grid_width\":\"auto\",\"filter_position\":\"top\",\"filter_style\":\"tab\",\"grid_default\":\"1\",\"grid_medium\":\"2\",\"image_height\":\"470\",\"image_width\":\"720\",\"item_animation\":true,\"lightbox\":true,\"link_style\":\"default\",\"link_text\":\"\",\"margin\":\"default\",\"meta_align\":\"below-title\",\"meta_element\":\"div\",\"meta_style\":\"text-meta\",\"overlay_hover\":true,\"overlay_link\":true,\"overlay_mode\":\"cover\",\"overlay_position\":\"center\",\"overlay_style\":\"overlay-default\",\"overlay_transition\":\"fade\",\"show_content\":true,\"show_hover_image\":true,\"show_hover_video\":true,\"show_link\":true,\"show_meta\":true,\"show_title\":false,\"text_align\":\"center\",\"text_color\":\"light\",\"title_element\":\"h3\",\"title_hover_style\":\"reset\"},\"children\":[{\"type\":\"gallery_item\",\"props\":{\"image\":\"wp-content\\\/uploads\\\/2024\\\/06\\\/cb_Concierto-La-Maga_plaza-del-Rey_0396-1-1024x683-1.jpg\",\"title\":\"cb_Concierto-La-Maga_plaza-del-Rey_0396-1-1024x683\"}},{\"type\":\"gallery_item\",\"props\":{\"image\":\"wp-content\\\/uploads\\\/2016\\\/11\\\/drapart-2016-05-2000x500-1.jpg\",\"title\":\"drapart-2016-05-2000x500\"}}]}]}]}]}],\"version\":\"4.4.20\",\"yooessentialsVersion\":\"2.2.32\"} --><\/p>\n","protected":false},"excerpt":{"rendered":"<p>Drap-Art Association We do Workshops The workshops we offer are an excellent way to bring the public closer to the artists and their reflections on sustainability. They are open to [&hellip;]<\/p>\n","protected":false},"author":2,"featured_media":5144,"parent":5369,"menu_order":0,"comment_status":"closed","ping_status":"closed","template":"","meta":{"footnotes":""},"class_list":["post-5361","page","type-page","status-publish","has-post-thumbnail","hentry"],"acf":[],"yoast_head":"<!-- This site is optimized with the Yoast SEO plugin v27.4 - https:\/\/yoast.com\/product\/yoast-seo-wordpress\/ -->\n<title>Tallers - Drap-Art<\/title>\n<meta name=\"robots\" content=\"index, follow, max-snippet:-1, max-image-preview:large, max-video-preview:-1\" \/>\n<link rel=\"canonical\" href=\"https:\/\/drap-art.org\/en\/who-we-are\/what-we-do\/tallers\/\" \/>\n<meta name=\"twitter:label1\" content=\"Est. reading time\" \/>\n\t<meta name=\"twitter:data1\" content=\"1 minute\" \/>\n<!-- \/ Yoast SEO plugin. -->","yoast_head_json":{"title":"Tallers - Drap-Art","robots":{"index":"index","follow":"follow","max-snippet":"max-snippet:-1","max-image-preview":"max-image-preview:large","max-video-preview":"max-video-preview:-1"},"canonical":"https:\/\/drap-art.org\/en\/who-we-are\/what-we-do\/tallers\/","twitter_misc":{"Est. reading time":"1 minute"},"schema":{"@context":"https:\/\/schema.org","@graph":[{"@type":"WebPage","@id":"https:\/\/drap-art.org\/en\/who-we-are\/what-we-do\/tallers\/","url":"https:\/\/drap-art.org\/en\/who-we-are\/what-we-do\/tallers\/","name":"Tallers - Drap-Art","isPartOf":{"@id":"https:\/\/drap-art.org\/#website"},"primaryImageOfPage":{"@id":"https:\/\/drap-art.org\/en\/who-we-are\/what-we-do\/tallers\/#primaryimage"},"image":{"@id":"https:\/\/drap-art.org\/en\/who-we-are\/what-we-do\/tallers\/#primaryimage"},"thumbnailUrl":"https:\/\/drap-art.org\/wp-content\/uploads\/2024\/10\/drap-art-tallers.jpg","datePublished":"2024-06-28T11:12:33+00:00","dateModified":"2025-02-20T10:23:38+00:00","breadcrumb":{"@id":"https:\/\/drap-art.org\/en\/who-we-are\/what-we-do\/tallers\/#breadcrumb"},"inLanguage":"en-US","potentialAction":[{"@type":"ReadAction","target":["https:\/\/drap-art.org\/en\/who-we-are\/what-we-do\/tallers\/"]}]},{"@type":"ImageObject","inLanguage":"en-US","@id":"https:\/\/drap-art.org\/en\/who-we-are\/what-we-do\/tallers\/#primaryimage","url":"https:\/\/drap-art.org\/wp-content\/uploads\/2024\/10\/drap-art-tallers.jpg","contentUrl":"https:\/\/drap-art.org\/wp-content\/uploads\/2024\/10\/drap-art-tallers.jpg","width":1708,"height":1708},{"@type":"BreadcrumbList","@id":"https:\/\/drap-art.org\/en\/who-we-are\/what-we-do\/tallers\/#breadcrumb","itemListElement":[{"@type":"ListItem","position":1,"name":"Home","item":"https:\/\/drap-art.org\/"},{"@type":"ListItem","position":2,"name":"Who we are","item":"https:\/\/drap-art.org\/en\/who-we-are\/"},{"@type":"ListItem","position":3,"name":"What we do","item":"https:\/\/drap-art.org\/en\/who-we-are\/what-we-do\/"},{"@type":"ListItem","position":4,"name":"Tallers"}]},{"@type":"WebSite","@id":"https:\/\/drap-art.org\/#website","url":"https:\/\/drap-art.org\/","name":"Drap-Art","description":"Festival Internacional de Arte y Sostenibilidad","publisher":{"@id":"https:\/\/drap-art.org\/#organization"},"potentialAction":[{"@type":"SearchAction","target":{"@type":"EntryPoint","urlTemplate":"https:\/\/drap-art.org\/?s={search_term_string}"},"query-input":{"@type":"PropertyValueSpecification","valueRequired":true,"valueName":"search_term_string"}}],"inLanguage":"en-US"},{"@type":"Organization","@id":"https:\/\/drap-art.org\/#organization","name":"Associaci\u00f3 Drap-Art","url":"https:\/\/drap-art.org\/","logo":{"@type":"ImageObject","inLanguage":"en-US","@id":"https:\/\/drap-art.org\/#\/schema\/logo\/image\/","url":"https:\/\/drap-art.org\/wp-content\/uploads\/2024\/10\/logo-drapart-24.png","contentUrl":"https:\/\/drap-art.org\/wp-content\/uploads\/2024\/10\/logo-drapart-24.png","width":2157,"height":1929,"caption":"Associaci\u00f3 Drap-Art"},"image":{"@id":"https:\/\/drap-art.org\/#\/schema\/logo\/image\/"},"sameAs":["https:\/\/www.facebook.com\/drapart\/","https:\/\/x.com\/DrapArt","https:\/\/www.instagram.com\/drapart_org\/","https:\/\/www.youtube.com\/channel\/UC_FGj-k0m_HgMv_aYSN5_4Q"]}]}},"_links":{"self":[{"href":"https:\/\/drap-art.org\/en\/wp-json\/wp\/v2\/pages\/5361","targetHints":{"allow":["GET"]}}],"collection":[{"href":"https:\/\/drap-art.org\/en\/wp-json\/wp\/v2\/pages"}],"about":[{"href":"https:\/\/drap-art.org\/en\/wp-json\/wp\/v2\/types\/page"}],"author":[{"embeddable":true,"href":"https:\/\/drap-art.org\/en\/wp-json\/wp\/v2\/users\/2"}],"replies":[{"embeddable":true,"href":"https:\/\/drap-art.org\/en\/wp-json\/wp\/v2\/comments?post=5361"}],"version-history":[{"count":0,"href":"https:\/\/drap-art.org\/en\/wp-json\/wp\/v2\/pages\/5361\/revisions"}],"up":[{"embeddable":true,"href":"https:\/\/drap-art.org\/en\/wp-json\/wp\/v2\/pages\/5369"}],"wp:featuredmedia":[{"embeddable":true,"href":"https:\/\/drap-art.org\/en\/wp-json\/wp\/v2\/media\/5144"}],"wp:attachment":[{"href":"https:\/\/drap-art.org\/en\/wp-json\/wp\/v2\/media?parent=5361"}],"curies":[{"name":"wp","href":"https:\/\/api.w.org\/{rel}","templated":true}]}}