{"id":5373,"date":"2024-06-28T13:14:14","date_gmt":"2024-06-28T11:14:14","guid":{"rendered":"https:\/\/drap-art.org\/qui-som\/que-fem\/dinamitzacio-social-i-intercultural\/"},"modified":"2025-02-20T12:32:39","modified_gmt":"2025-02-20T10:32:39","slug":"dinamitzacio-social-i-intercultural","status":"publish","type":"page","link":"https:\/\/drap-art.org\/en\/who-we-are\/what-we-do\/dinamitzacio-social-i-intercultural\/","title":{"rendered":"Dinamitzaci\u00f3 social i intercultural"},"content":{"rendered":"<h4>Drap-Art Association<\/h4>\n<h1>\n<p>We engage in social and intercultural dynamization<\/p>\n<\/h1>\n<div>\n<p>Since 2004, Drap-Art has been collaborating with organizations and institutions in the implementation of social dynamization, integration, and intercultural inclusion projects, including in the Horta Guinard\u00f3 district, L&#8217;Hospitalet de Llobregat with the Collblanc-La Torrassa Integrated Plan, Santa Coloma de Gramanet, and in recent years in the Gothic Quarter, with the Associaci\u00f3 d\u2019Amics i Comerciants de la Pla\u00e7a Reial, social organizations in the Gothic Quarter and Ciutat Vella, through projects such as Drag\u00f2tica, Jard\u00ed Vertical, and Mar de Fuga, Mar de Cura.<\/p>\n<\/div>\n<div>\n<p>We have artists, educators, experienced workshop facilitators, and other professionals who can intervene and develop projects to dynamize and promote cohesion among diverse groups to improve coexistence. Given the current crisis situation, we are developing projects that can be carried out individually, but within a community or collective context.<\/p>\n<\/div>\n<h1>Aspectes Claus<\/h1>\n<div>\n<ul>\n<li>Diversitat<\/li>\n<li>Conviv\u00e8ncia<\/li>\n<li>Intercanvi<\/li>\n<li>Uni\u00f3<\/li>\n<li>Enriquiment cultural<\/li>\n<li>Empatia<\/li>\n<li>Fer comunitat<\/li>\n<li>Construir un futur com\u00fa<\/li>\n<li>Compartir<\/li>\n<\/ul>\n<\/div>\n<ul>\n<li>\n<p>        <img decoding=\"async\" src=\"\/wp-content\/uploads\/2024\/06\/cb_Concierto-La-Maga_plaza-del-Rey_0396-1-1024x683-1.jpg\" alt=\"\"><\/p>\n<h3>cb_Concierto-La-Maga_plaza-del-Rey_0396-1-1024&#215;683<\/h3>\n<\/li>\n<li>\n<p>        <img decoding=\"async\" src=\"\/wp-content\/uploads\/2016\/11\/drapart-2016-05-2000x500-1.jpg\" alt=\"\"><\/p>\n<h3>drapart-2016-05-2000&#215;500<\/h3>\n<\/li>\n<\/ul>\n<p><!--more--><br \/>\n<!-- {\"type\":\"layout\",\"children\":[{\"type\":\"section\",\"props\":{\"height\":\"viewport\",\"height_viewport\":50,\"image\":\"wp-content\\\/uploads\\\/2024\\\/10\\\/drap-art-dinamitzacio-cultural-hero.jpg\",\"image_effect\":\"parallax\",\"image_parallax_bgy\":\"0 0%,-120 100%\",\"image_position\":\"center-center\",\"image_size\":\"cover\",\"media_overlay\":\"rgba(0, 0, 0, 0.33)\",\"style\":\"default\",\"text_color\":\"light\",\"title\":\"fem dinamitzaci\\u00f3 social i intercultural\",\"title_breakpoint\":\"xl\",\"title_position\":\"top-left\",\"title_rotation\":\"left\",\"vertical_align\":\"middle\",\"width\":\"default\"},\"children\":[{\"type\":\"row\",\"children\":[{\"type\":\"column\",\"props\":{\"image_position\":\"center-center\",\"position_sticky_breakpoint\":\"m\"},\"children\":[{\"type\":\"headline\",\"props\":{\"text_align\":\"center\",\"title_element\":\"h1\",\"title_style\":\"heading-medium\"},\"source_extended\":{\"props\":{\"content\":{\"filters\":{\"search\":\"\"},\"name\":\"title\",\"query\":{\"name\":\"pages.singlePage\"}}}},\"source\":[]}]}]}]},{\"type\":\"section\",\"props\":{\"image_position\":\"center-center\",\"style\":\"default\",\"title_breakpoint\":\"xl\",\"title_position\":\"top-left\",\"title_rotation\":\"left\",\"vertical_align\":\"middle\",\"width\":\"default\"},\"children\":[{\"type\":\"row\",\"children\":[{\"type\":\"column\",\"props\":{\"image_position\":\"center-center\",\"position_sticky_breakpoint\":\"m\"},\"children\":[{\"type\":\"headline\",\"props\":{\"content\":\"Drap-Art Association\",\"margin_remove_bottom\":true,\"title_element\":\"h4\"}},{\"type\":\"headline\",\"props\":{\"content\":\"\n\n<p>We engage in social and intercultural dynamization<\\\/p>\",\"margin_remove_top\":true,\"title_decoration\":\"line\",\"title_element\":\"h1\"}}]}]},{\"type\":\"row\",\"props\":{\"column_gap\":\"large\",\"layout\":\"1-2,1-2\"},\"children\":[{\"type\":\"column\",\"props\":{\"image_position\":\"center-center\",\"position_sticky_breakpoint\":\"m\",\"width_medium\":\"1-2\"},\"children\":[{\"type\":\"text\",\"props\":{\"column_breakpoint\":\"m\",\"content\":\"\n\n<p>Since 2004, Drap-Art has been collaborating with organizations and institutions in the implementation of social dynamization, integration, and intercultural inclusion projects, including in the Horta Guinard\\u00f3 district, L'Hospitalet de Llobregat with the Collblanc-La Torrassa Integrated Plan, Santa Coloma de Gramanet, and in recent years in the Gothic Quarter, with the Associaci\\u00f3 d\\u2019Amics i Comerciants de la Pla\\u00e7a Reial, social organizations in the Gothic Quarter and Ciutat Vella, through projects such as Drag\\u00f2tica, Jard\\u00ed Vertical, and Mar de Fuga, Mar de Cura.<\\\/p>\",\"margin\":\"default\"}}]},{\"type\":\"column\",\"props\":{\"image_position\":\"center-center\",\"position_sticky_breakpoint\":\"m\",\"width_medium\":\"1-2\"},\"children\":[{\"type\":\"text\",\"props\":{\"column_breakpoint\":\"m\",\"content\":\"\n\n<p>We have artists, educators, experienced workshop facilitators, and other professionals who can intervene and develop projects to dynamize and promote cohesion among diverse groups to improve coexistence. Given the current crisis situation, we are developing projects that can be carried out individually, but within a community or collective context.<\\\/p>\",\"margin\":\"default\"}}]}]}]},{\"type\":\"section\",\"props\":{\"image_position\":\"center-center\",\"style\":\"secondary\",\"title_breakpoint\":\"xl\",\"title_position\":\"top-left\",\"title_rotation\":\"left\",\"vertical_align\":\"middle\",\"width\":\"default\"},\"children\":[{\"type\":\"row\",\"children\":[{\"type\":\"column\",\"props\":{\"image_position\":\"center-center\",\"position_sticky_breakpoint\":\"m\"},\"children\":[{\"type\":\"headline\",\"props\":{\"content\":\"Aspectes Claus\",\"title_element\":\"h1\"}},{\"type\":\"text\",\"props\":{\"column\":\"1-3\",\"column_breakpoint\":\"m\",\"content\":\"\n\n<ul>\\n\n\n<li>Diversitat<\\\/li>\\n\n\n<li>Conviv\\u00e8ncia<\\\/li>\\n\n\n<li>Intercanvi<\\\/li>\\n\n\n<li>Uni\\u00f3<\\\/li>\\n\n\n<li>Enriquiment cultural<\\\/li>\\n\n\n<li>Empatia<\\\/li>\\n\n\n<li>Fer comunitat<\\\/li>\\n\n\n<li>Construir un futur com\\u00fa<\\\/li>\\n\n\n<li>Compartir<\\\/li>\\n<\\\/ul>\",\"margin\":\"default\"}}]}]}]},{\"type\":\"section\",\"props\":{\"image_position\":\"center-center\",\"style\":\"default\",\"title_breakpoint\":\"xl\",\"title_position\":\"top-left\",\"title_rotation\":\"left\",\"vertical_align\":\"middle\",\"width\":\"default\"},\"children\":[{\"type\":\"row\",\"children\":[{\"type\":\"column\",\"props\":{\"image_position\":\"center-center\",\"position_sticky_breakpoint\":\"m\"},\"children\":[{\"type\":\"gallery\",\"props\":{\"filter_align\":\"left\",\"filter_all\":true,\"filter_grid_breakpoint\":\"m\",\"filter_grid_width\":\"auto\",\"filter_position\":\"top\",\"filter_style\":\"tab\",\"grid_default\":\"1\",\"grid_medium\":\"2\",\"image_height\":\"470\",\"image_width\":\"720\",\"item_animation\":true,\"lightbox\":true,\"link_style\":\"default\",\"link_text\":\"\",\"margin\":\"default\",\"meta_align\":\"below-title\",\"meta_element\":\"div\",\"meta_style\":\"text-meta\",\"overlay_hover\":true,\"overlay_link\":true,\"overlay_mode\":\"cover\",\"overlay_position\":\"center\",\"overlay_style\":\"overlay-default\",\"overlay_transition\":\"fade\",\"show_content\":true,\"show_hover_image\":true,\"show_hover_video\":true,\"show_link\":true,\"show_meta\":true,\"show_title\":false,\"text_align\":\"center\",\"text_color\":\"light\",\"title_element\":\"h3\",\"title_hover_style\":\"reset\"},\"children\":[{\"type\":\"gallery_item\",\"props\":{\"image\":\"wp-content\\\/uploads\\\/2024\\\/06\\\/cb_Concierto-La-Maga_plaza-del-Rey_0396-1-1024x683-1.jpg\",\"title\":\"cb_Concierto-La-Maga_plaza-del-Rey_0396-1-1024x683\"}},{\"type\":\"gallery_item\",\"props\":{\"image\":\"wp-content\\\/uploads\\\/2016\\\/11\\\/drapart-2016-05-2000x500-1.jpg\",\"title\":\"drapart-2016-05-2000x500\"}}]}]}]}]}],\"version\":\"4.4.20\",\"yooessentialsVersion\":\"2.2.32\"} --><\/p>\n","protected":false},"excerpt":{"rendered":"<p>Drap-Art Association We engage in social and intercultural dynamization Since 2004, Drap-Art has been collaborating with organizations and institutions in the implementation of social dynamization, integration, and intercultural inclusion projects, [&hellip;]<\/p>\n","protected":false},"author":2,"featured_media":5162,"parent":5369,"menu_order":0,"comment_status":"closed","ping_status":"closed","template":"","meta":{"footnotes":""},"class_list":["post-5373","page","type-page","status-publish","has-post-thumbnail","hentry"],"acf":[],"yoast_head":"<!-- This site is optimized with the Yoast SEO plugin v27.4 - https:\/\/yoast.com\/product\/yoast-seo-wordpress\/ -->\n<title>Dinamitzaci\u00f3 social i intercultural - Drap-Art<\/title>\n<meta name=\"robots\" content=\"index, follow, max-snippet:-1, max-image-preview:large, max-video-preview:-1\" \/>\n<link rel=\"canonical\" href=\"https:\/\/drap-art.org\/en\/who-we-are\/what-we-do\/dinamitzacio-social-i-intercultural\/\" \/>\n<meta name=\"twitter:label1\" content=\"Est. reading time\" \/>\n\t<meta name=\"twitter:data1\" content=\"1 minute\" \/>\n<!-- \/ Yoast SEO plugin. -->","yoast_head_json":{"title":"Dinamitzaci\u00f3 social i intercultural - Drap-Art","robots":{"index":"index","follow":"follow","max-snippet":"max-snippet:-1","max-image-preview":"max-image-preview:large","max-video-preview":"max-video-preview:-1"},"canonical":"https:\/\/drap-art.org\/en\/who-we-are\/what-we-do\/dinamitzacio-social-i-intercultural\/","twitter_misc":{"Est. reading time":"1 minute"},"schema":{"@context":"https:\/\/schema.org","@graph":[{"@type":"WebPage","@id":"https:\/\/drap-art.org\/en\/who-we-are\/what-we-do\/dinamitzacio-social-i-intercultural\/","url":"https:\/\/drap-art.org\/en\/who-we-are\/what-we-do\/dinamitzacio-social-i-intercultural\/","name":"Dinamitzaci\u00f3 social i intercultural - Drap-Art","isPartOf":{"@id":"https:\/\/drap-art.org\/#website"},"primaryImageOfPage":{"@id":"https:\/\/drap-art.org\/en\/who-we-are\/what-we-do\/dinamitzacio-social-i-intercultural\/#primaryimage"},"image":{"@id":"https:\/\/drap-art.org\/en\/who-we-are\/what-we-do\/dinamitzacio-social-i-intercultural\/#primaryimage"},"thumbnailUrl":"https:\/\/drap-art.org\/wp-content\/uploads\/2024\/10\/drap-art-dinamitzacio-cultural.jpg","datePublished":"2024-06-28T11:14:14+00:00","dateModified":"2025-02-20T10:32:39+00:00","breadcrumb":{"@id":"https:\/\/drap-art.org\/en\/who-we-are\/what-we-do\/dinamitzacio-social-i-intercultural\/#breadcrumb"},"inLanguage":"en-US","potentialAction":[{"@type":"ReadAction","target":["https:\/\/drap-art.org\/en\/who-we-are\/what-we-do\/dinamitzacio-social-i-intercultural\/"]}]},{"@type":"ImageObject","inLanguage":"en-US","@id":"https:\/\/drap-art.org\/en\/who-we-are\/what-we-do\/dinamitzacio-social-i-intercultural\/#primaryimage","url":"https:\/\/drap-art.org\/wp-content\/uploads\/2024\/10\/drap-art-dinamitzacio-cultural.jpg","contentUrl":"https:\/\/drap-art.org\/wp-content\/uploads\/2024\/10\/drap-art-dinamitzacio-cultural.jpg","width":1500,"height":1500},{"@type":"BreadcrumbList","@id":"https:\/\/drap-art.org\/en\/who-we-are\/what-we-do\/dinamitzacio-social-i-intercultural\/#breadcrumb","itemListElement":[{"@type":"ListItem","position":1,"name":"Home","item":"https:\/\/drap-art.org\/"},{"@type":"ListItem","position":2,"name":"Who we are","item":"https:\/\/drap-art.org\/en\/who-we-are\/"},{"@type":"ListItem","position":3,"name":"What we do","item":"https:\/\/drap-art.org\/en\/who-we-are\/what-we-do\/"},{"@type":"ListItem","position":4,"name":"Dinamitzaci\u00f3 social i intercultural"}]},{"@type":"WebSite","@id":"https:\/\/drap-art.org\/#website","url":"https:\/\/drap-art.org\/","name":"Drap-Art","description":"Festival Internacional de Arte y Sostenibilidad","publisher":{"@id":"https:\/\/drap-art.org\/#organization"},"potentialAction":[{"@type":"SearchAction","target":{"@type":"EntryPoint","urlTemplate":"https:\/\/drap-art.org\/?s={search_term_string}"},"query-input":{"@type":"PropertyValueSpecification","valueRequired":true,"valueName":"search_term_string"}}],"inLanguage":"en-US"},{"@type":"Organization","@id":"https:\/\/drap-art.org\/#organization","name":"Associaci\u00f3 Drap-Art","url":"https:\/\/drap-art.org\/","logo":{"@type":"ImageObject","inLanguage":"en-US","@id":"https:\/\/drap-art.org\/#\/schema\/logo\/image\/","url":"https:\/\/drap-art.org\/wp-content\/uploads\/2024\/10\/logo-drapart-24.png","contentUrl":"https:\/\/drap-art.org\/wp-content\/uploads\/2024\/10\/logo-drapart-24.png","width":2157,"height":1929,"caption":"Associaci\u00f3 Drap-Art"},"image":{"@id":"https:\/\/drap-art.org\/#\/schema\/logo\/image\/"},"sameAs":["https:\/\/www.facebook.com\/drapart\/","https:\/\/x.com\/DrapArt","https:\/\/www.instagram.com\/drapart_org\/","https:\/\/www.youtube.com\/channel\/UC_FGj-k0m_HgMv_aYSN5_4Q"]}]}},"_links":{"self":[{"href":"https:\/\/drap-art.org\/en\/wp-json\/wp\/v2\/pages\/5373","targetHints":{"allow":["GET"]}}],"collection":[{"href":"https:\/\/drap-art.org\/en\/wp-json\/wp\/v2\/pages"}],"about":[{"href":"https:\/\/drap-art.org\/en\/wp-json\/wp\/v2\/types\/page"}],"author":[{"embeddable":true,"href":"https:\/\/drap-art.org\/en\/wp-json\/wp\/v2\/users\/2"}],"replies":[{"embeddable":true,"href":"https:\/\/drap-art.org\/en\/wp-json\/wp\/v2\/comments?post=5373"}],"version-history":[{"count":0,"href":"https:\/\/drap-art.org\/en\/wp-json\/wp\/v2\/pages\/5373\/revisions"}],"up":[{"embeddable":true,"href":"https:\/\/drap-art.org\/en\/wp-json\/wp\/v2\/pages\/5369"}],"wp:featuredmedia":[{"embeddable":true,"href":"https:\/\/drap-art.org\/en\/wp-json\/wp\/v2\/media\/5162"}],"wp:attachment":[{"href":"https:\/\/drap-art.org\/en\/wp-json\/wp\/v2\/media?parent=5373"}],"curies":[{"name":"wp","href":"https:\/\/api.w.org\/{rel}","templated":true}]}}