{"id":5375,"date":"2024-06-28T13:12:11","date_gmt":"2024-06-28T11:12:11","guid":{"rendered":"https:\/\/drap-art.org\/qui-som\/que-fem\/exposicions\/"},"modified":"2024-06-28T13:12:11","modified_gmt":"2024-06-28T11:12:11","slug":"exposicions","status":"publish","type":"page","link":"https:\/\/drap-art.org\/en\/who-we-are\/what-we-do\/exposicions\/","title":{"rendered":"Exposicions"},"content":{"rendered":"<h4>Associaci\u00f3 Drap-Art<\/h4>\n<h1>Fem Exposicions<\/h1>\n<div>\n<p>Les exposicions de Drap-Art s\u00f3n pedag\u00f2giques, mostren com el que habitualment descartem pot convertir-se en un recurs de gran valor i fomenta el canvi d\u2019h\u00e0bits dels visitants d\u2019una forma l\u00fadica.<\/p>\n<p>Destaquen entre altres esdeveniments similars per la gran qualitat de les obres seleccionades. Pot incloure de 10 a 60 artistes i ocupar de 100 m\u00b2 a 3000 m\u00b2. Crea un pont entre generacions, incloent tant artistes destacats de provada traject\u00f2ria com talents nous i emergents.<\/p>\n<\/div>\n<div>\n<p>Tracta temes de rellev\u00e0ncia actual com el canvi clim\u00e0tic, la contaminaci\u00f3 pl\u00e0stica, i la gesti\u00f3 de residus; inclou tamb\u00e9 aspectes socials com la migraci\u00f3 i la desigualtat social aix\u00ed com q\u00fcestions socials i de g\u00e8nere. Les obres d\u2019art estan fetes principalment de materials reutilitzats que redueixen el malbaratament, en si mateixes. L\u2019exposici\u00f3 \u00e9s accessible a tota mena de persones, introduint nous p\u00fablics al m\u00f3n de l\u2019art i la cultura. El m\u00e9s gratificant de les nostres exposicions \u00e9s que la gent s\u2019en va amb un somriure als llavis.<\/p>\n<\/div>\n<h1>Aspectes Claus<\/h1>\n<div>\n<ul>\n<li>Selecci\u00f3 d&#8217;art innovador i sostenible<\/li>\n<li>Artistes destacats<\/li>\n<li>Nous valors<\/li>\n<li>Creaci\u00f3 de consci\u00e8ncia<\/li>\n<li>Inclusi\u00f3 social<\/li>\n<li>Valors educatius<\/li>\n<li>Transformaci\u00f3 a trav\u00e9s de l&#8217;art<\/li>\n<li>Accessible a tots els p\u00fablics<\/li>\n<li>Captaci\u00f3 de nous p\u00fablics per a l&#8217;art i la cultura<\/li>\n<\/ul>\n<\/div>\n<ul>\n<li>\n<p>        <img decoding=\"async\" src=\"\/wp-content\/uploads\/2024\/06\/cb_Concierto-La-Maga_plaza-del-Rey_0396-1-1024x683-1.jpg\" alt=\"\"><\/p>\n<h3>cb_Concierto-La-Maga_plaza-del-Rey_0396-1-1024&#215;683<\/h3>\n<\/li>\n<li>\n<p>        <img decoding=\"async\" src=\"\/wp-content\/uploads\/2016\/11\/drapart-2016-05-2000x500-1.jpg\" alt=\"\"><\/p>\n<h3>drapart-2016-05-2000&#215;500<\/h3>\n<\/li>\n<\/ul>\n<p><!--more--><br \/>\n<!-- {\"type\":\"layout\",\"children\":[{\"type\":\"section\",\"props\":{\"height\":\"viewport\",\"height_viewport\":50,\"image\":\"wp-content\\\/uploads\\\/2024\\\/10\\\/drap-art-fem-exposicions.jpg\",\"image_effect\":\"parallax\",\"image_parallax_bgy\":\"0 0%,-120 100%\",\"image_position\":\"center-center\",\"image_size\":\"cover\",\"media_overlay\":\"rgba(0, 0, 0, 0.33)\",\"style\":\"default\",\"text_color\":\"light\",\"title\":\"fem festivals\",\"title_breakpoint\":\"xl\",\"title_position\":\"top-left\",\"title_rotation\":\"left\",\"vertical_align\":\"middle\",\"width\":\"default\"},\"children\":[{\"type\":\"row\",\"children\":[{\"type\":\"column\",\"props\":{\"image_position\":\"center-center\",\"position_sticky_breakpoint\":\"m\"},\"children\":[{\"type\":\"headline\",\"props\":{\"text_align\":\"center\",\"title_element\":\"h1\",\"title_style\":\"heading-medium\"},\"source_extended\":{\"props\":{\"content\":{\"filters\":{\"search\":\"\"},\"name\":\"title\",\"query\":{\"name\":\"pages.singlePage\"}}}},\"source\":[]}]}]}]},{\"type\":\"section\",\"props\":{\"image_position\":\"center-center\",\"style\":\"default\",\"title_breakpoint\":\"xl\",\"title_position\":\"top-left\",\"title_rotation\":\"left\",\"vertical_align\":\"middle\",\"width\":\"default\"},\"children\":[{\"type\":\"row\",\"children\":[{\"type\":\"column\",\"props\":{\"image_position\":\"center-center\",\"position_sticky_breakpoint\":\"m\"},\"children\":[{\"type\":\"headline\",\"props\":{\"content\":\"Associaci\\u00f3 Drap-Art\",\"margin_remove_bottom\":true,\"title_element\":\"h4\"}},{\"type\":\"headline\",\"props\":{\"content\":\"Fem Exposicions\",\"margin_remove_top\":true,\"title_decoration\":\"line\",\"title_element\":\"h1\"}}]}]},{\"type\":\"row\",\"props\":{\"column_gap\":\"large\",\"layout\":\"1-2,1-2\"},\"children\":[{\"type\":\"column\",\"props\":{\"image_position\":\"center-center\",\"position_sticky_breakpoint\":\"m\",\"width_medium\":\"1-2\"},\"children\":[{\"type\":\"text\",\"props\":{\"column_breakpoint\":\"m\",\"content\":\"\n\n<p>Les exposicions de Drap-Art s\\u00f3n pedag\\u00f2giques, mostren com el que habitualment descartem pot convertir-se en un recurs de gran valor i fomenta el canvi d\\u2019h\\u00e0bits dels visitants d\\u2019una forma l\\u00fadica.<\\\/p>\\n\n\n<p>Destaquen entre altres esdeveniments similars per la gran qualitat de les obres seleccionades. Pot incloure de 10 a 60 artistes i ocupar de 100 m\\u00b2 a 3000 m\\u00b2. Crea un pont entre generacions, incloent tant artistes destacats de provada traject\\u00f2ria com talents nous i emergents.<\\\/p>\",\"margin\":\"default\"}}]},{\"type\":\"column\",\"props\":{\"image_position\":\"center-center\",\"position_sticky_breakpoint\":\"m\",\"width_medium\":\"1-2\"},\"children\":[{\"type\":\"text\",\"props\":{\"column_breakpoint\":\"m\",\"content\":\"\n\n<p>Tracta temes de rellev\\u00e0ncia actual com el canvi clim\\u00e0tic, la contaminaci\\u00f3 pl\\u00e0stica, i la gesti\\u00f3 de residus; inclou tamb\\u00e9 aspectes socials com la migraci\\u00f3 i la desigualtat social aix\\u00ed com q\\u00fcestions socials i de g\\u00e8nere. Les obres d\\u2019art estan fetes principalment de materials reutilitzats que redueixen el malbaratament, en si mateixes. L\\u2019exposici\\u00f3 \\u00e9s accessible a tota mena de persones, introduint nous p\\u00fablics al m\\u00f3n de l\\u2019art i la cultura. El m\\u00e9s gratificant de les nostres exposicions \\u00e9s que la gent s\\u2019en va amb un somriure als llavis.<\\\/p>\",\"margin\":\"default\"}}]}]}]},{\"type\":\"section\",\"props\":{\"image_position\":\"center-center\",\"style\":\"secondary\",\"title_breakpoint\":\"xl\",\"title_position\":\"top-left\",\"title_rotation\":\"left\",\"vertical_align\":\"middle\",\"width\":\"default\"},\"children\":[{\"type\":\"row\",\"children\":[{\"type\":\"column\",\"props\":{\"image_position\":\"center-center\",\"position_sticky_breakpoint\":\"m\"},\"children\":[{\"type\":\"headline\",\"props\":{\"content\":\"Aspectes Claus\",\"title_element\":\"h1\"}},{\"type\":\"text\",\"props\":{\"column\":\"1-3\",\"column_breakpoint\":\"m\",\"content\":\"\n\n<ul>\\n\n\n<li>Selecci\\u00f3 d'art innovador i sostenible<\\\/li>\\n\n\n<li>Artistes destacats<\\\/li>\\n\n\n<li>Nous valors<\\\/li>\\n\n\n<li>Creaci\\u00f3 de consci\\u00e8ncia<\\\/li>\\n\n\n<li>Inclusi\\u00f3 social<\\\/li>\\n\n\n<li>Valors educatius<\\\/li>\\n\n\n<li>Transformaci\\u00f3 a trav\\u00e9s de l'art<\\\/li>\\n\n\n<li>Accessible a tots els p\\u00fablics<\\\/li>\\n\n\n<li>Captaci\\u00f3 de nous p\\u00fablics per a l'art i la cultura<\\\/li>\\n<\\\/ul>\",\"margin\":\"default\"}}]}]}]},{\"type\":\"section\",\"props\":{\"image_position\":\"center-center\",\"style\":\"default\",\"title_breakpoint\":\"xl\",\"title_position\":\"top-left\",\"title_rotation\":\"left\",\"vertical_align\":\"middle\",\"width\":\"default\"},\"children\":[{\"type\":\"row\",\"children\":[{\"type\":\"column\",\"props\":{\"image_position\":\"center-center\",\"position_sticky_breakpoint\":\"m\"},\"children\":[{\"type\":\"gallery\",\"props\":{\"filter_align\":\"left\",\"filter_all\":true,\"filter_grid_breakpoint\":\"m\",\"filter_grid_width\":\"auto\",\"filter_position\":\"top\",\"filter_style\":\"tab\",\"grid_default\":\"1\",\"grid_medium\":\"2\",\"image_height\":\"470\",\"image_width\":\"720\",\"item_animation\":true,\"lightbox\":true,\"link_style\":\"default\",\"link_text\":\"\",\"margin\":\"default\",\"meta_align\":\"below-title\",\"meta_element\":\"div\",\"meta_style\":\"text-meta\",\"overlay_hover\":true,\"overlay_link\":true,\"overlay_mode\":\"cover\",\"overlay_position\":\"center\",\"overlay_style\":\"overlay-default\",\"overlay_transition\":\"fade\",\"show_content\":true,\"show_hover_image\":true,\"show_hover_video\":true,\"show_link\":true,\"show_meta\":true,\"show_title\":false,\"text_align\":\"center\",\"text_color\":\"light\",\"title_element\":\"h3\",\"title_hover_style\":\"reset\"},\"children\":[{\"type\":\"gallery_item\",\"props\":{\"image\":\"wp-content\\\/uploads\\\/2024\\\/06\\\/cb_Concierto-La-Maga_plaza-del-Rey_0396-1-1024x683-1.jpg\",\"title\":\"cb_Concierto-La-Maga_plaza-del-Rey_0396-1-1024x683\"}},{\"type\":\"gallery_item\",\"props\":{\"image\":\"wp-content\\\/uploads\\\/2016\\\/11\\\/drapart-2016-05-2000x500-1.jpg\",\"title\":\"drapart-2016-05-2000x500\"}}]}]}]}]}],\"version\":\"4.4.9\",\"yooessentialsVersion\":\"2.2.22\"} --><\/p>\n","protected":false},"excerpt":{"rendered":"<p>Associaci\u00f3 Drap-Art Fem Exposicions Les exposicions de Drap-Art s\u00f3n pedag\u00f2giques, mostren com el que habitualment descartem pot convertir-se en un recurs de gran valor i fomenta el canvi d\u2019h\u00e0bits dels [&hellip;]<\/p>\n","protected":false},"author":2,"featured_media":5159,"parent":5369,"menu_order":0,"comment_status":"closed","ping_status":"closed","template":"","meta":{"footnotes":""},"class_list":["post-5375","page","type-page","status-publish","has-post-thumbnail","hentry"],"acf":[],"yoast_head":"<!-- This site is optimized with the Yoast SEO plugin v27.4 - https:\/\/yoast.com\/product\/yoast-seo-wordpress\/ -->\n<title>Exposicions - Drap-Art<\/title>\n<meta name=\"robots\" content=\"index, follow, max-snippet:-1, max-image-preview:large, max-video-preview:-1\" \/>\n<link rel=\"canonical\" href=\"https:\/\/drap-art.org\/en\/who-we-are\/what-we-do\/exposicions\/\" \/>\n<meta name=\"twitter:label1\" content=\"Est. reading time\" \/>\n\t<meta name=\"twitter:data1\" content=\"1 minute\" \/>\n<!-- \/ Yoast SEO plugin. -->","yoast_head_json":{"title":"Exposicions - Drap-Art","robots":{"index":"index","follow":"follow","max-snippet":"max-snippet:-1","max-image-preview":"max-image-preview:large","max-video-preview":"max-video-preview:-1"},"canonical":"https:\/\/drap-art.org\/en\/who-we-are\/what-we-do\/exposicions\/","twitter_misc":{"Est. reading time":"1 minute"},"schema":{"@context":"https:\/\/schema.org","@graph":[{"@type":"WebPage","@id":"https:\/\/drap-art.org\/en\/who-we-are\/what-we-do\/exposicions\/","url":"https:\/\/drap-art.org\/en\/who-we-are\/what-we-do\/exposicions\/","name":"Exposicions - Drap-Art","isPartOf":{"@id":"https:\/\/drap-art.org\/#website"},"primaryImageOfPage":{"@id":"https:\/\/drap-art.org\/en\/who-we-are\/what-we-do\/exposicions\/#primaryimage"},"image":{"@id":"https:\/\/drap-art.org\/en\/who-we-are\/what-we-do\/exposicions\/#primaryimage"},"thumbnailUrl":"https:\/\/drap-art.org\/wp-content\/uploads\/2024\/10\/drap-art-exposicions.jpg","datePublished":"2024-06-28T11:12:11+00:00","breadcrumb":{"@id":"https:\/\/drap-art.org\/en\/who-we-are\/what-we-do\/exposicions\/#breadcrumb"},"inLanguage":"en-US","potentialAction":[{"@type":"ReadAction","target":["https:\/\/drap-art.org\/en\/who-we-are\/what-we-do\/exposicions\/"]}]},{"@type":"ImageObject","inLanguage":"en-US","@id":"https:\/\/drap-art.org\/en\/who-we-are\/what-we-do\/exposicions\/#primaryimage","url":"https:\/\/drap-art.org\/wp-content\/uploads\/2024\/10\/drap-art-exposicions.jpg","contentUrl":"https:\/\/drap-art.org\/wp-content\/uploads\/2024\/10\/drap-art-exposicions.jpg","width":800,"height":800},{"@type":"BreadcrumbList","@id":"https:\/\/drap-art.org\/en\/who-we-are\/what-we-do\/exposicions\/#breadcrumb","itemListElement":[{"@type":"ListItem","position":1,"name":"Home","item":"https:\/\/drap-art.org\/"},{"@type":"ListItem","position":2,"name":"Who we are","item":"https:\/\/drap-art.org\/en\/who-we-are\/"},{"@type":"ListItem","position":3,"name":"What we do","item":"https:\/\/drap-art.org\/en\/who-we-are\/what-we-do\/"},{"@type":"ListItem","position":4,"name":"Exposicions"}]},{"@type":"WebSite","@id":"https:\/\/drap-art.org\/#website","url":"https:\/\/drap-art.org\/","name":"Drap-Art","description":"Festival Internacional de Arte y Sostenibilidad","publisher":{"@id":"https:\/\/drap-art.org\/#organization"},"potentialAction":[{"@type":"SearchAction","target":{"@type":"EntryPoint","urlTemplate":"https:\/\/drap-art.org\/?s={search_term_string}"},"query-input":{"@type":"PropertyValueSpecification","valueRequired":true,"valueName":"search_term_string"}}],"inLanguage":"en-US"},{"@type":"Organization","@id":"https:\/\/drap-art.org\/#organization","name":"Associaci\u00f3 Drap-Art","url":"https:\/\/drap-art.org\/","logo":{"@type":"ImageObject","inLanguage":"en-US","@id":"https:\/\/drap-art.org\/#\/schema\/logo\/image\/","url":"https:\/\/drap-art.org\/wp-content\/uploads\/2024\/10\/logo-drapart-24.png","contentUrl":"https:\/\/drap-art.org\/wp-content\/uploads\/2024\/10\/logo-drapart-24.png","width":2157,"height":1929,"caption":"Associaci\u00f3 Drap-Art"},"image":{"@id":"https:\/\/drap-art.org\/#\/schema\/logo\/image\/"},"sameAs":["https:\/\/www.facebook.com\/drapart\/","https:\/\/x.com\/DrapArt","https:\/\/www.instagram.com\/drapart_org\/","https:\/\/www.youtube.com\/channel\/UC_FGj-k0m_HgMv_aYSN5_4Q"]}]}},"_links":{"self":[{"href":"https:\/\/drap-art.org\/en\/wp-json\/wp\/v2\/pages\/5375","targetHints":{"allow":["GET"]}}],"collection":[{"href":"https:\/\/drap-art.org\/en\/wp-json\/wp\/v2\/pages"}],"about":[{"href":"https:\/\/drap-art.org\/en\/wp-json\/wp\/v2\/types\/page"}],"author":[{"embeddable":true,"href":"https:\/\/drap-art.org\/en\/wp-json\/wp\/v2\/users\/2"}],"replies":[{"embeddable":true,"href":"https:\/\/drap-art.org\/en\/wp-json\/wp\/v2\/comments?post=5375"}],"version-history":[{"count":0,"href":"https:\/\/drap-art.org\/en\/wp-json\/wp\/v2\/pages\/5375\/revisions"}],"up":[{"embeddable":true,"href":"https:\/\/drap-art.org\/en\/wp-json\/wp\/v2\/pages\/5369"}],"wp:featuredmedia":[{"embeddable":true,"href":"https:\/\/drap-art.org\/en\/wp-json\/wp\/v2\/media\/5159"}],"wp:attachment":[{"href":"https:\/\/drap-art.org\/en\/wp-json\/wp\/v2\/media?parent=5375"}],"curies":[{"name":"wp","href":"https:\/\/api.w.org\/{rel}","templated":true}]}}