{"id":10291,"date":"2025-01-12T14:26:03","date_gmt":"2025-01-12T13:26:03","guid":{"rendered":"https:\/\/drap-art.org\/uneix-te\/"},"modified":"2025-07-04T10:59:44","modified_gmt":"2025-07-04T08:59:44","slug":"unete","status":"publish","type":"page","link":"https:\/\/drap-art.org\/es\/unete\/","title":{"rendered":"\u00danete"},"content":{"rendered":"<h1>\u00danete al Drap-Art hoy<br \/>\n<span class=\"uk-text-muted\">Uneix-te al Drap-Art avui<br \/>\nJoin Drap-Art today<\/span><\/h1>\n<h2>\u00a1Difunde la conciencia ambiental creativa!<br \/>\n<\/h2>\n<div>\n<p><strong>Drap-Art<\/strong> es una asociaci\u00f3n sin \u00e1nimo de lucro, una plataforma para artistas que desean contribuir a un futuro m\u00e1s sostenible. En <strong>Drap-Art<\/strong> ayudamos al planeta al mismo tiempo que promovemos la creaci\u00f3n art\u00edstica.<\/p>\n<p>Estimular la creatividad y conectar personas de diferentes entornos sociales es el objetivo de los diversos eventos y actividades que realizamos a lo largo del a\u00f1o.<\/p>\n<p>El reciclaje creativo es una herramienta para apoyar la transformaci\u00f3n en el arte, la sociedad y el medio ambiente.<\/p>\n<p><strong>Ay\u00fadanos a cambiar el mundo y revolucionar el arte.<\/strong><\/p>\n<p>Agradecemos cualquier tipo de colaboraci\u00f3n para nuestros eventos y damos la bienvenida a quienes deseen ser voluntarios\/as.<\/p>\n<\/div>\n<h3>Socio\/a \u2013 Cuota anual 35\u202f\u20ac<\/h3>\n<div>\n<p>Participa en eventos como el mercado, exposiciones y otras actividades reservadas a los miembros. Recibe ofertas, descuentos especiales en actividades del festival, en la tienda online y en nuestra tienda-galer\u00eda, y recibe el cat\u00e1logo (env\u00edo incluido dentro de Europa).<\/p>\n<\/div>\n<div><!-- Stripe suscripci\u00f3n real 35\u20ac al a\u00f1o: --><br \/>\n<div class=\"swpm-payment-button\"><div class=\"swpm-button-wrapper swpm-stripe-buy-now-wrapper\"><form id='swpm-stripe-payment-form-bd8765a71131de868ebd0a0f2113b0ee' action='https:\/\/drap-art.org\/?swpm_process_stripe_sca_subscription=1&ref_id=swpm_bd8765a71131de868ebd0a0f2113b0ee|10346' METHOD='POST'> <div style='display: none !important'>\t<script>\n        document.addEventListener('DOMContentLoaded', function (){\n            const swpmStripeScaSubsPaymentFrom = document.getElementById('swpm-stripe-payment-form-bd8765a71131de868ebd0a0f2113b0ee');\n            swpmStripeScaSubsPaymentFrom?.addEventListener('submit', async function (e){\n                e.preventDefault();\n\n                let submitBUtton = this.querySelector('button');\n                if ( ! submitBUtton ){\n                    \/\/ Using image type button\n                    submitBUtton = this.querySelector('input[type=\"image\"]');\n                }\n\n                submitBUtton?.setAttribute('disabled', true);\n\n\t            const stripe_js_obj = stripe_10346;\n                const request_url = 'https:\/\/drap-art.org\/wp-admin\/admin-ajax.php';\n                const payload = new URLSearchParams({\n                    action: 'swpm_stripe_sca_create_checkout_session',\n                    swpm_button_id: 10346,\n                    payment_method_types: '',\n                    swpm_page_url: 'https:\/\/drap-art.org\/es\/wp-json\/wp\/v2\/pages\/10291',\n                    swpm_uniqid: 'bd8765a71131de868ebd0a0f2113b0ee'\n                });\n\n                try {\n                    let response = await fetch(request_url, {\n                        method: 'POST',\n                        headers: {\n                            'Content-Type': 'application\/x-www-form-urlencoded',\n                        },\n                        body: payload\n                    })\n\n                    if (!response.ok) {\n                        \/\/ HTTP error codes (e.g. 404, 500)\n                        throw new Error(\"Error code: \" + response.status);\n                    }\n\n                    response = await response.json();\n\n                    if (!response.error) {\n                        stripe_js_obj.redirectToCheckout({\n                            sessionId: response.session_id\n                        }).then(function (result) {\n                            \/\/\n                        });\n                    } else {\n                        alert(response.error);\n                        submitBUtton?.removeAttribute('disabled');\n                        return false;\n                    }\n\n                } catch (e) {\n                    alert(\"HTTP error occurred during AJAX request. Error: \"+ e.message);\n                    submitBUtton?.removeAttribute('disabled');\n                    return false;\n                }\n            })\n        })\n\t<\/script>\n\t<\/div><input type=\"image\" src=\"https:\/\/drap-art.org\/wp-content\/uploads\/2025\/07\/btn-asociarse-esp-1.png\" class=\"stripe-button-el\" alt=\"Comprar ahora\" title=\"Comprar ahora\" \/><\/form><\/div><\/div><\/div>\n<p><!--more--><br \/>\n<!-- {\"type\":\"layout\",\"children\":[{\"type\":\"section\",\"props\":{\"image_position\":\"center-center\",\"style\":\"default\",\"title_breakpoint\":\"xl\",\"title_position\":\"top-left\",\"title_rotation\":\"left\",\"vertical_align\":\"middle\",\"width\":\"default\"},\"children\":[{\"type\":\"row\",\"props\":{\"layout\":\"2-3,1-3\"},\"children\":[{\"type\":\"column\",\"props\":{\"image_position\":\"center-center\",\"position_sticky_breakpoint\":\"m\",\"width_medium\":\"2-3\"},\"children\":[{\"type\":\"headline\",\"props\":{\"content\":\"\\u00danete al Drap-Art hoy<br \/>\\n<span class=\\\"uk-text-muted\\\">Uneix-te al Drap-Art avui<br \/>\\nJoin Drap-Art today<\\\/span>\",\"title_element\":\"h1\",\"yooessentials_access_conditions\":[],\"yooessentials_access_mode\":\"AND\"}}]},{\"type\":\"column\",\"props\":{\"image_position\":\"center-center\",\"position_sticky_breakpoint\":\"m\",\"width_medium\":\"1-3\"}}]},{\"type\":\"row\",\"props\":{\"layout\":\"2-3,1-3\"},\"children\":[{\"type\":\"column\",\"props\":{\"image_position\":\"center-center\",\"position_sticky_breakpoint\":\"m\",\"width_medium\":\"2-3\"},\"children\":[{\"type\":\"headline\",\"props\":{\"content\":\"\\u00a1Difunde la conciencia ambiental creativa!\\n\",\"title_element\":\"h2\"}},{\"type\":\"text\",\"props\":{\"column_breakpoint\":\"m\",\"content\":\"\n\n<p><strong>Drap-Art<\\\/strong> es una asociaci\\u00f3n sin \\u00e1nimo de lucro, una plataforma para artistas que desean contribuir a un futuro m\\u00e1s sostenible. En <strong>Drap-Art<\\\/strong> ayudamos al planeta al mismo tiempo que promovemos la creaci\\u00f3n art\\u00edstica.<\\\/p>\\n\n\n<p>Estimular la creatividad y conectar personas de diferentes entornos sociales es el objetivo de los diversos eventos y actividades que realizamos a lo largo del a\\u00f1o.<\\\/p>\\n\n\n<p>El reciclaje creativo es una herramienta para apoyar la transformaci\\u00f3n en el arte, la sociedad y el medio ambiente.<\\\/p>\\n\n\n<p><strong>Ay\\u00fadanos a cambiar el mundo y revolucionar el arte.<\\\/strong><\\\/p>\\n\n\n<p>Agradecemos cualquier tipo de colaboraci\\u00f3n para nuestros eventos y damos la bienvenida a quienes deseen ser voluntarios\\\/as.<\\\/p>\",\"margin\":\"default\"}}]},{\"type\":\"column\",\"props\":{\"image_position\":\"center-center\",\"position_sticky_breakpoint\":\"m\",\"width_medium\":\"1-3\"},\"children\":[{\"type\":\"headline\",\"props\":{\"content\":\"Socio\\\/a \\u2013 Cuota anual 35\\u202f\\u20ac\",\"title_element\":\"h3\"}},{\"type\":\"text\",\"props\":{\"column_breakpoint\":\"m\",\"content\":\"\n\n<p>Participa en eventos como el mercado, exposiciones y otras actividades reservadas a los miembros. Recibe ofertas, descuentos especiales en actividades del festival, en la tienda online y en nuestra tienda-galer\\u00eda, y recibe el cat\\u00e1logo (env\\u00edo incluido dentro de Europa).<\\\/p>\",\"margin\":\"default\"}},{\"type\":\"text\",\"props\":{\"column_breakpoint\":\"m\",\"content\":\"<!-- Stripe suscripci\\u00f3n real 35\\u20ac al a\\u00f1o: -->\\n<p class=\"swpm-red-box\">Error! You must specify a button ID with this shortcode. Check the usage documentation.<\/p>\u00ab,\u00bbcss\u00bb:\u00bbbutton,\\n.stripe-button-el,\\n.stripe-button-el span {\\n    border-radius: 0 !important;\\n    padding:0!important;\\n\\tborder: 0 !important;\\n    border-color: transparent!important; \\n    outline:0!important;\\n    background-image: none!important;\\n    box-shadow: 0 0 0 transparent!important;\\n}\\n.stripe-button-el:hover {\\n  opacity: 0.85;\\n}\u00bb,\u00bbmargin\u00bb:\u00bbdefault\u00bb}},{\u00abtype\u00bb:\u00bbtext\u00bb,\u00bbprops\u00bb:{\u00abcolumn_breakpoint\u00bb:\u00bbm\u00bb,\u00bbcontent\u00bb:\u00bbStripe suscripci\\u00f3n real 35\\u20ac al a\\u00f1o:\\n<p class=\"swpm-red-box\">Error! You must specify a button ID with this shortcode. Check the usage documentation.<\/p>\\n\\nStripe suscripci\\u00f3n de prueba 1\\u20ac al a\\u00f1o\\n<p class=\"swpm-red-box\">Error! You must specify a button ID with this shortcode. Check the usage documentation.<\/p>\\n\\nPayPal:\\n<p class=\"swpm-red-box\">Error! You must specify a button ID with this shortcode. Check the usage documentation.<\/p>\u00ab,\u00bbmargin\u00bb:\u00bbdefault\u00bb,\u00bbstatus\u00bb:\u00bbdisabled\u00bb}}]}]}]}],\u00bbversion\u00bb:\u00bb4.5.20&#8243;,\u00bbyooessentialsVersion\u00bb:\u00bb2.3.9&#8243;} &#8211;><\/p>\n","protected":false},"excerpt":{"rendered":"<p>\u00danete al Drap-Art hoy Uneix-te al Drap-Art avui Join Drap-Art today \u00a1Difunde la conciencia ambiental creativa! Drap-Art es una asociaci\u00f3n sin \u00e1nimo de lucro, una plataforma para artistas que desean [&hellip;]<\/p>\n","protected":false},"author":1,"featured_media":0,"parent":0,"menu_order":0,"comment_status":"closed","ping_status":"closed","template":"","meta":{"footnotes":""},"class_list":["post-10291","page","type-page","status-publish","hentry"],"acf":[],"yoast_head":"<!-- This site is optimized with the Yoast SEO plugin v27.4 - https:\/\/yoast.com\/product\/yoast-seo-wordpress\/ -->\n<title>\u00danete - Drap-Art<\/title>\n<meta name=\"robots\" content=\"index, follow, max-snippet:-1, max-image-preview:large, max-video-preview:-1\" \/>\n<link rel=\"canonical\" href=\"https:\/\/drap-art.org\/uneix-te\/\" \/>\n<meta name=\"twitter:label1\" content=\"Tiempo de lectura\" \/>\n\t<meta name=\"twitter:data1\" content=\"1 minuto\" \/>\n<!-- \/ Yoast SEO plugin. -->","yoast_head_json":{"title":"\u00danete - Drap-Art","robots":{"index":"index","follow":"follow","max-snippet":"max-snippet:-1","max-image-preview":"max-image-preview:large","max-video-preview":"max-video-preview:-1"},"canonical":"https:\/\/drap-art.org\/uneix-te\/","twitter_misc":{"Tiempo de lectura":"1 minuto"},"schema":{"@context":"https:\/\/schema.org","@graph":[{"@type":"WebPage","@id":"https:\/\/drap-art.org\/uneix-te\/","url":"https:\/\/drap-art.org\/uneix-te\/","name":"\u00danete - Drap-Art","isPartOf":{"@id":"https:\/\/drap-art.org\/#website"},"datePublished":"2025-01-12T13:26:03+00:00","dateModified":"2025-07-04T08:59:44+00:00","breadcrumb":{"@id":"https:\/\/drap-art.org\/uneix-te\/#breadcrumb"},"inLanguage":"es","potentialAction":[{"@type":"ReadAction","target":["https:\/\/drap-art.org\/uneix-te\/"]}]},{"@type":"BreadcrumbList","@id":"https:\/\/drap-art.org\/uneix-te\/#breadcrumb","itemListElement":[{"@type":"ListItem","position":1,"name":"Home","item":"https:\/\/drap-art.org\/"},{"@type":"ListItem","position":2,"name":"\u00danete"}]},{"@type":"WebSite","@id":"https:\/\/drap-art.org\/#website","url":"https:\/\/drap-art.org\/","name":"Drap-Art","description":"Festival Internacional de Arte y Sostenibilidad","publisher":{"@id":"https:\/\/drap-art.org\/#organization"},"potentialAction":[{"@type":"SearchAction","target":{"@type":"EntryPoint","urlTemplate":"https:\/\/drap-art.org\/?s={search_term_string}"},"query-input":{"@type":"PropertyValueSpecification","valueRequired":true,"valueName":"search_term_string"}}],"inLanguage":"es"},{"@type":"Organization","@id":"https:\/\/drap-art.org\/#organization","name":"Associaci\u00f3 Drap-Art","url":"https:\/\/drap-art.org\/","logo":{"@type":"ImageObject","inLanguage":"es","@id":"https:\/\/drap-art.org\/#\/schema\/logo\/image\/","url":"https:\/\/drap-art.org\/wp-content\/uploads\/2024\/10\/logo-drapart-24.png","contentUrl":"https:\/\/drap-art.org\/wp-content\/uploads\/2024\/10\/logo-drapart-24.png","width":2157,"height":1929,"caption":"Associaci\u00f3 Drap-Art"},"image":{"@id":"https:\/\/drap-art.org\/#\/schema\/logo\/image\/"},"sameAs":["https:\/\/www.facebook.com\/drapart\/","https:\/\/x.com\/DrapArt","https:\/\/www.instagram.com\/drapart_org\/","https:\/\/www.youtube.com\/channel\/UC_FGj-k0m_HgMv_aYSN5_4Q"]}]}},"_links":{"self":[{"href":"https:\/\/drap-art.org\/es\/wp-json\/wp\/v2\/pages\/10291","targetHints":{"allow":["GET"]}}],"collection":[{"href":"https:\/\/drap-art.org\/es\/wp-json\/wp\/v2\/pages"}],"about":[{"href":"https:\/\/drap-art.org\/es\/wp-json\/wp\/v2\/types\/page"}],"author":[{"embeddable":true,"href":"https:\/\/drap-art.org\/es\/wp-json\/wp\/v2\/users\/1"}],"replies":[{"embeddable":true,"href":"https:\/\/drap-art.org\/es\/wp-json\/wp\/v2\/comments?post=10291"}],"version-history":[{"count":3,"href":"https:\/\/drap-art.org\/es\/wp-json\/wp\/v2\/pages\/10291\/revisions"}],"predecessor-version":[{"id":10348,"href":"https:\/\/drap-art.org\/es\/wp-json\/wp\/v2\/pages\/10291\/revisions\/10348"}],"wp:attachment":[{"href":"https:\/\/drap-art.org\/es\/wp-json\/wp\/v2\/media?parent=10291"}],"curies":[{"name":"wp","href":"https:\/\/api.w.org\/{rel}","templated":true}]}}