{"id":21,"date":"2024-03-13T16:35:55","date_gmt":"2024-03-13T15:35:55","guid":{"rendered":"https:\/\/dev.drap-art.org\/inici\/"},"modified":"2026-03-27T17:02:21","modified_gmt":"2026-03-27T16:02:21","slug":"inicio","status":"publish","type":"page","link":"https:\/\/drap-art.org\/es\/","title":{"rendered":"Inicio"},"content":{"rendered":"<ul>\n<li>\n<p>        <img decoding=\"async\" src=\"https:\/\/drap-art.org\/wp-content\/uploads\/2026\/03\/cb_Exposicio-Mater_Drap-Art-25_1607-1.jpg\" alt=\"\"><\/p>\n<\/li>\n<li>\n<p>        <img decoding=\"async\" src=\"https:\/\/drap-art.org\/wp-content\/uploads\/2026\/03\/cb_Interaccions-Visuals_L\u00b4Ardiaca_Drap-art-25_1279.jpg\" alt=\"Sitges Reciclart '25\"><\/p>\n<\/li>\n<li>\n<p>        <img decoding=\"async\" src=\"https:\/\/drap-art.org\/wp-content\/uploads\/2026\/03\/cb_In-Memoriam_-Generals_Drap-art-25_1215-1.jpg\" alt=\"\"><\/p>\n<h3>silvia-isach-amphyctionis<\/h3>\n<\/li>\n<li>\n<p>        <img decoding=\"async\" src=\"https:\/\/drap-art.org\/wp-content\/uploads\/2026\/03\/cb_Exposicio-artistes-Seleccionats_Borsi_1581-1.jpg\" alt=\"\"><\/p>\n<h3>HelenaTorres_Sillon_2<\/h3>\n<\/li>\n<li>\n<p>        <img decoding=\"async\" src=\"https:\/\/drap-art.org\/wp-content\/uploads\/2026\/03\/cb_Interaccions-Visuals_L\u00b4Ardiaca_Drap-art-25_1327.jpg\" alt=\"\"><\/p>\n<h3>slide-1<\/h3>\n<\/li>\n<\/ul>\n<p><img decoding=\"async\" src=\"https:\/\/drap-art.org\/wp-content\/uploads\/2026\/03\/Logo_Drap-Art26_Black.png\" alt=\"Festival Drap-Art '25\"><\/p>\n<h2>30 a\u00f1os de Drap-Art<\/h2>\n<h3>Festival Internacional de Arte Sostenible 2026<\/h3>\n<div>\n<p>En 2026, Drap-Art celebra 30 a\u00f1os de trayectoria promoviendo la sostenibilidad a trav\u00e9s del arte contempor\u00e1neo. Tres d\u00e9cadas conectando artistas, ciudadan\u00eda y territorio a trav\u00e9s de la reutilizaci\u00f3n, la creatividad y el pensamiento cr\u00edtico.<\/p>\n<p>Durante el a\u00f1o, el festival desplegar\u00e1 una programaci\u00f3n especial con exposiciones, acciones culturales y actividades participativas en Barcelona y en el \u00e1mbito internacional.<\/p>\n<p>Pr\u00f3ximamente abriremos las convocatorias para artistas. Mantente atento\/a para formar parte de esta edici\u00f3n especial.<\/p>\n<\/div>\n<p><img decoding=\"async\" src=\"https:\/\/drap-art.org\/wp-content\/uploads\/2026\/03\/cb_In-Memoriam_-Generals_Drap-art-25_1194.jpg\" alt=\"\"><\/p>\n<div>\n<h3>Avance de programaci\u00f3n 2026<\/h3>\n<p><strong>Abril 2026<\/strong> <br \/>Apertura de convocatorias para exposiciones y proyectos Drap-Art 2026<\/p>\n<p><strong>Mayo 2026<\/strong> <br \/>Tot sona a l\u2019Amazones, Pla\u00e7a Carme Sim\u00f3, Barcelona, 15\/05\/2026, 15:00 &#8211; 19:00<br \/>Actividad familiar con espect\u00e1culo musical participativo y acciones de sensibilizaci\u00f3n ambiental con objetos reciclados convertidos en instrumentos.\u00a0<\/p>\n<p><strong>Septiembre 2026<\/strong> <br \/>Presentaci\u00f3n del libro Drap-Aires: Historias del Festival Drap-Art<\/p>\n<p><strong>Octubre 2026<\/strong> <br \/>Fira Tardor d\u2019Art de Formentera, 2 &#8211; 17 de octubre<br \/>Drap-Art Deltebre, 29 de octubre &#8211; 30 de noviembre<\/p>\n<p><strong>Noviembre &#8211; Diciembre 2026<\/strong> <br \/>30\u00ba Festival Internacional Drap-Art en Barcelona, 17 de noviembre &#8211; 21 de diciembre<\/p>\n<\/div>\n<hr>\n<h2>Drap-Art News<\/h2>\n<h3>\u00bfQu\u00e9 est\u00e1 pasando en Drap-Art?<\/h3>\n<div>\n<\/div>\n<p><img decoding=\"async\" src=\"\/wp-content\/uploads\/2024\/04\/drap-art-sm.png\" alt=\"\"><\/p>\n<h2>\u00a1Explora el mundo del arte en nuestro Canal de YouTube!<\/h2>\n<h4>Estamos encantados de invitarte a visitar nuestro canal de YouTube @drap-art, donde podr\u00e1s sumergirte en el fascinante mundo del arte. \u00bfTe gustar\u00eda conocer m\u00e1s sobre el festival y descubrir exclusivas entrevistas con nuestros talentosos artistas?<\/h4>\n<div>\n<p>En nuestro canal, encontrar\u00e1s una amplia variedad de v\u00eddeos que capturan la esencia del festival, desde las vibrantes actuaciones en directo hasta los cautivadores momentos detr\u00e1s del escenario. Adem\u00e1s, no te pierdas nuestras entrevistas \u00edntimas con los artistas, en los que comparten sus inspiraciones, procesos creativos y experiencias \u00fanicas.<\/p>\n<p>\u00danete a nuestra comunidad art\u00edstica y s\u00e9 parte de esta emocionante experiencia. Visita nuestro canal de YouTube <a href=\"https:\/\/www.youtube.com\/@drap-art\" target=\"_blank\" rel=\"noopener\">@drap-art<\/a> y sum\u00e9rgete en el fascinante mundo del arte. \u00a1No te lo pierdas!<\/p>\n<p>\u00a1Suscr\u00edbete, activa las notificaciones y empieza tu viaje art\u00edstico hoy mismo!<\/p>\n<\/div>\n<p><p>\n        <a href=\"https:\/\/www.youtube.com\/@drap-art\">S\u00edguenos en YouTube<\/a>\n    <\/p>\n<\/p>\n<h2>Drap-Art Barcelona<\/h2>\n<h3>Festival<\/h3>\n<div>\n<\/div>\n<p><p>\n        <a href=\"#\">Ver todos<\/a>\n    <\/p>\n<\/p>\n<p><!--more--><br \/>\n<!-- {\"type\":\"layout\",\"children\":[{\"type\":\"section\",\"props\":{\"height_viewport\":500,\"image_position\":\"center-center\",\"image_size\":\"contain\",\"padding\":\"none\",\"style\":\"default\",\"title_breakpoint\":\"xl\",\"title_position\":\"top-left\",\"title_rotation\":\"left\",\"vertical_align\":\"\",\"width\":\"\"},\"children\":[{\"type\":\"row\",\"children\":[{\"type\":\"column\",\"props\":{\"image_position\":\"center-center\",\"position_sticky_breakpoint\":\"m\"},\"children\":[{\"type\":\"slideshow\",\"props\":{\"link_style\":\"default\",\"link_text\":\"Read more\",\"margin\":\"default\",\"meta_align\":\"below-title\",\"meta_element\":\"div\",\"meta_style\":\"text-meta\",\"nav\":\"dotnav\",\"nav_align\":\"center\",\"nav_breakpoint\":\"s\",\"nav_position\":\"bottom-center\",\"nav_position_margin\":\"medium\",\"overlay_animation\":\"parallax\",\"overlay_position\":\"center-left\",\"show_content\":true,\"show_link\":true,\"show_meta\":true,\"show_thumbnail\":true,\"show_title\":false,\"slidenav\":\"\",\"slidenav_breakpoint\":\"s\",\"slidenav_margin\":\"medium\",\"slidenav_outside_breakpoint\":\"xl\",\"slideshow_autoplay\":true,\"slideshow_autoplay_pause\":true,\"slideshow_min_height\":\"\",\"slideshow_ratio\":\"20:8\",\"thumbnav_height\":\"75\",\"thumbnav_svg_color\":\"emphasis\",\"thumbnav_width\":\"100\",\"title_element\":\"h3\",\"title_hover_style\":\"reset\"},\"children\":[{\"type\":\"slideshow_item\",\"props\":{\"image\":\"https:\\\/\\\/drap-art.org\\\/wp-content\\\/uploads\\\/2026\\\/03\\\/cb_Exposicio-Mater_Drap-Art-25_1607-1.jpg\"}},{\"type\":\"slideshow_item\",\"props\":{\"image\":\"https:\\\/\\\/drap-art.org\\\/wp-content\\\/uploads\\\/2026\\\/03\\\/cb_Interaccions-Visuals_L\\u00b4Ardiaca_Drap-art-25_1279.jpg\",\"image_alt\":\"Sitges Reciclart '25\",\"meta\":\"\"}},{\"type\":\"slideshow_item\",\"props\":{\"image\":\"https:\\\/\\\/drap-art.org\\\/wp-content\\\/uploads\\\/2026\\\/03\\\/cb_In-Memoriam_-Generals_Drap-art-25_1215-1.jpg\",\"title\":\"silvia-isach-amphyctionis\"}},{\"type\":\"slideshow_item\",\"props\":{\"image\":\"https:\\\/\\\/drap-art.org\\\/wp-content\\\/uploads\\\/2026\\\/03\\\/cb_Exposicio-artistes-Seleccionats_Borsi_1581-1.jpg\",\"title\":\"HelenaTorres_Sillon_2\"}},{\"type\":\"slideshow_item\",\"props\":{\"image\":\"https:\\\/\\\/drap-art.org\\\/wp-content\\\/uploads\\\/2026\\\/03\\\/cb_Interaccions-Visuals_L\\u00b4Ardiaca_Drap-art-25_1327.jpg\",\"title\":\"slide-1\"}}]}]}]}],\"name\":\"Hero\"},{\"type\":\"section\",\"props\":{\"image_position\":\"center-center\",\"style\":\"default\",\"title_breakpoint\":\"xl\",\"title_position\":\"top-left\",\"title_rotation\":\"left\",\"vertical_align\":\"middle\",\"width\":\"default\"},\"children\":[{\"type\":\"row\",\"children\":[{\"type\":\"column\",\"props\":{\"image_position\":\"center-center\",\"position_sticky_breakpoint\":\"m\"}}]},{\"type\":\"row\",\"props\":{\"layout\":\"1-5,4-5\"},\"children\":[{\"type\":\"column\",\"props\":{\"image_position\":\"center-center\",\"position_sticky_breakpoint\":\"m\",\"width_medium\":\"1-5\"},\"children\":[{\"type\":\"image\",\"props\":{\"image\":\"https:\\\/\\\/drap-art.org\\\/wp-content\\\/uploads\\\/2026\\\/03\\\/Logo_Drap-Art26_Black.png\",\"image_alt\":\"Festival Drap-Art '25\",\"image_svg_color\":\"emphasis\",\"image_width\":180,\"margin\":\"default\"}}]},{\"type\":\"column\",\"props\":{\"image_position\":\"center-center\",\"position_sticky_breakpoint\":\"m\",\"width_medium\":\"4-5\"},\"children\":[{\"type\":\"headline\",\"props\":{\"content\":\"30 a\\u00f1os de Drap-Art\",\"margin_remove_bottom\":true,\"title_element\":\"h2\",\"title_style\":\"h1\"}},{\"type\":\"headline\",\"props\":{\"content\":\"Festival Internacional de Arte Sostenible 2026\",\"margin_remove_top\":true,\"title_element\":\"h3\",\"title_style\":\"h2\"}},{\"type\":\"text\",\"props\":{\"column_breakpoint\":\"m\",\"content\":\"\n\n<p>En 2026, Drap-Art celebra 30 a\\u00f1os de trayectoria promoviendo la sostenibilidad a trav\\u00e9s del arte contempor\\u00e1neo. Tres d\\u00e9cadas conectando artistas, ciudadan\\u00eda y territorio a trav\\u00e9s de la reutilizaci\\u00f3n, la creatividad y el pensamiento cr\\u00edtico.<\\\/p>\\n\\n\n\n<p>Durante el a\\u00f1o, el festival desplegar\\u00e1 una programaci\\u00f3n especial con exposiciones, acciones culturales y actividades participativas en Barcelona y en el \\u00e1mbito internacional.<\\\/p>\\n\\n\n\n<p>Pr\\u00f3ximamente abriremos las convocatorias para artistas. Mantente atento\\\/a para formar parte de esta edici\\u00f3n especial.<\\\/p>\",\"dropcap\":false,\"margin\":\"default\"}}]}]},{\"type\":\"row\",\"children\":[{\"type\":\"column\",\"props\":{\"image_position\":\"center-center\",\"position_sticky_breakpoint\":\"m\",\"width_medium\":\"2-5\"},\"children\":[{\"type\":\"image\",\"props\":{\"image\":\"https:\\\/\\\/drap-art.org\\\/wp-content\\\/uploads\\\/2026\\\/03\\\/cb_In-Memoriam_-Generals_Drap-art-25_1194.jpg\",\"image_height\":477,\"image_svg_color\":\"emphasis\",\"image_width\":500,\"margin\":\"default\"}}]},{\"type\":\"column\",\"props\":{\"image_position\":\"center-center\",\"position_sticky_breakpoint\":\"m\",\"width_medium\":\"3-5\"},\"children\":[{\"type\":\"text\",\"props\":{\"column_breakpoint\":\"m\",\"content\":\"\n\n<h3>Avance de programaci\\u00f3n 2026<\\\/h3>\\n\n\n<p><strong>Abril 2026<\\\/strong> <br \\\/>Apertura de convocatorias para exposiciones y proyectos Drap-Art 2026<\\\/p>\\n\n\n<p><strong>Mayo 2026<\\\/strong> <br \\\/>Tot sona a l\\u2019Amazones, Pla\\u00e7a Carme Sim\\u00f3, Barcelona, 15\\\/05\\\/2026, 15:00 - 19:00<br \\\/>Actividad familiar con espect\\u00e1culo musical participativo y acciones de sensibilizaci\\u00f3n ambiental con objetos reciclados convertidos en instrumentos.\\u00a0<\\\/p>\\n\n\n<p><strong>Septiembre 2026<\\\/strong> <br \\\/>Presentaci\\u00f3n del libro Drap-Aires: Historias del Festival Drap-Art<\\\/p>\\n\n\n<p><strong>Octubre 2026<\\\/strong> <br \\\/>Fira Tardor d\\u2019Art de Formentera, 2 - 17 de octubre<br \\\/>Drap-Art Deltebre, 29 de octubre - 30 de noviembre<\\\/p>\\n\n\n<p><strong>Noviembre - Diciembre 2026<\\\/strong> <br \\\/>30\\u00ba Festival Internacional Drap-Art en Barcelona, 17 de noviembre - 21 de diciembre<\\\/p>\",\"dropcap\":false,\"margin\":\"default\"}}]}],\"props\":{\"layout\":\"2-5,3-5\"}},{\"type\":\"row\",\"children\":[{\"type\":\"column\",\"props\":{\"image_position\":\"center-center\",\"position_sticky_breakpoint\":\"m\"},\"children\":[{\"type\":\"divider\",\"props\":{\"divider_element\":\"hr\"}}]}]}],\"name\":\"Avance festival '25\"},{\"type\":\"section\",\"props\":{\"image_position\":\"center-center\",\"padding_remove_top\":true,\"style\":\"default\",\"title_breakpoint\":\"xl\",\"title_position\":\"top-left\",\"title_rotation\":\"left\",\"vertical_align\":\"\",\"width\":\"default\"},\"children\":[{\"type\":\"row\",\"children\":[{\"type\":\"column\",\"props\":{\"image_position\":\"center-center\",\"position_sticky_breakpoint\":\"m\",\"width_medium\":\"3-4\"},\"children\":[{\"type\":\"headline\",\"props\":{\"content\":\"Drap-Art News\",\"margin\":\"remove-vertical\",\"title_element\":\"h2\",\"title_style\":\"heading-small\"}},{\"type\":\"headline\",\"props\":{\"content\":\"\\u00bfQu\\u00e9 est\\u00e1 pasando en Drap-Art?\",\"margin_remove_top\":true,\"title_decoration\":\"line\",\"title_element\":\"h3\",\"title_style\":\"h2\"}},{\"type\":\"grid\",\"props\":{\"content_column_breakpoint\":\"m\",\"filter_align\":\"left\",\"filter_all\":true,\"filter_grid_breakpoint\":\"m\",\"filter_grid_width\":\"auto\",\"filter_position\":\"top\",\"filter_style\":\"tab\",\"grid_default\":\"1\",\"grid_masonry\":\"pack\",\"grid_medium\":\"2\",\"grid_parallax_justify\":true,\"icon_width\":80,\"image_align\":\"top\",\"image_grid_breakpoint\":\"m\",\"image_grid_width\":\"1-2\",\"image_link\":true,\"image_loading\":true,\"image_svg_color\":\"emphasis\",\"image_transition\":\"scale-up\",\"image_transition_border\":false,\"image_width\":\"720\",\"item_animation\":true,\"lightbox_bg_close\":true,\"link_style\":\"secondary\",\"link_text\":\"Leer m\\u00e1s...\",\"margin\":\"default\",\"meta_align\":\"below-title\",\"meta_element\":\"div\",\"meta_margin\":\"small\",\"meta_style\":\"text-meta\",\"show_content\":true,\"show_hover_image\":true,\"show_hover_video\":true,\"show_image\":true,\"show_link\":true,\"show_meta\":true,\"show_title\":true,\"show_video\":true,\"title_align\":\"top\",\"title_element\":\"h3\",\"title_grid_breakpoint\":\"m\",\"title_grid_width\":\"1-2\",\"title_hover_style\":\"reset\",\"title_style\":\"h3\"},\"children\":[{\"type\":\"grid_item\",\"source\":{\"query\":{\"name\":\"posts.customPosts\",\"arguments\":{\"terms\":[135],\"category_operator\":\"IN\",\"post_tag_operator\":\"IN\",\"users\":[],\"users_operator\":\"IN\",\"offset\":0,\"limit\":6,\"order\":\"date\",\"order_direction\":\"DESC\"}},\"props\":{\"title\":{\"filters\":{\"search\":\"\"},\"name\":\"title\"},\"meta\":{\"filters\":{\"search\":\"\",\"date\":\"\"},\"name\":\"date\"},\"image\":{\"filters\":{\"search\":\"\"},\"name\":\"featuredImage.url\"},\"image_alt\":{\"filters\":{\"search\":\"\"},\"name\":\"title\"},\"link\":{\"filters\":{\"search\":\"\"},\"name\":\"link\"}}}}]}]},{\"type\":\"column\",\"props\":{\"image_position\":\"center-center\",\"position_sticky\":\"column\",\"position_sticky_breakpoint\":\"m\",\"position_sticky_offset\":\"90\",\"width_medium\":\"1-4\"},\"children\":[{\"type\":\"image\",\"props\":{\"image\":\"wp-content\\\/uploads\\\/2024\\\/04\\\/drap-art-sm.png\",\"image_svg_color\":\"emphasis\",\"margin\":\"default\"}}]}],\"props\":{\"layout\":\"3-4,1-4\"}}],\"name\":\"Drap-Art news\"},{\"type\":\"section\",\"props\":{\"image_position\":\"center-center\",\"padding_remove_bottom\":true,\"padding_remove_top\":false,\"style\":\"default\",\"title_breakpoint\":\"xl\",\"title_position\":\"top-left\",\"title_rotation\":\"left\",\"vertical_align\":\"\",\"width\":\"default\"},\"children\":[{\"type\":\"row\",\"props\":{\"column_gap\":\"large\",\"layout\":\"2-3,1-3\",\"parallax\":true,\"parallax_start\":\"70vh\"},\"children\":[{\"type\":\"column\",\"props\":{\"image_position\":\"center-center\",\"position_sticky_breakpoint\":\"m\",\"width_medium\":\"2-3\"},\"children\":[{\"type\":\"headline\",\"props\":{\"content\":\"\\u00a1Explora el mundo del arte en nuestro Canal de YouTube!\",\"margin_remove_top\":false,\"title_element\":\"h2\"}},{\"type\":\"headline\",\"props\":{\"content\":\"Estamos encantados de invitarte a visitar nuestro canal de YouTube @drap-art, donde podr\\u00e1s sumergirte en el fascinante mundo del arte. \\u00bfTe gustar\\u00eda conocer m\\u00e1s sobre el festival y descubrir exclusivas entrevistas con nuestros talentosos artistas?\",\"title_element\":\"h4\"}},{\"type\":\"text\",\"props\":{\"column_breakpoint\":\"m\",\"content\":\"\n\n<p>En nuestro canal, encontrar\\u00e1s una amplia variedad de v\\u00eddeos que capturan la esencia del festival, desde las vibrantes actuaciones en directo hasta los cautivadores momentos detr\\u00e1s del escenario. Adem\\u00e1s, no te pierdas nuestras entrevistas \\u00edntimas con los artistas, en los que comparten sus inspiraciones, procesos creativos y experiencias \\u00fanicas.<\\\/p>\\n\n\n<p>\\u00danete a nuestra comunidad art\\u00edstica y s\\u00e9 parte de esta emocionante experiencia. Visita nuestro canal de YouTube <a href=\\\"https:\\\/\\\/www.youtube.com\\\/@drap-art\\\" target=\\\"_blank\\\" rel=\\\"noopener\\\">@drap-art<\\\/a> y sum\\u00e9rgete en el fascinante mundo del arte. \\u00a1No te lo pierdas!<\\\/p>\\n\n\n<p>\\u00a1Suscr\\u00edbete, activa las notificaciones y empieza tu viaje art\\u00edstico hoy mismo!<\\\/p>\",\"dropcap\":false,\"margin\":\"default\"}},{\"type\":\"button\",\"props\":{\"grid_column_gap\":\"small\",\"grid_row_gap\":\"small\",\"margin\":\"default\"},\"children\":[{\"type\":\"button_item\",\"props\":{\"button_style\":\"secondary\",\"content\":\"S\\u00edguenos en YouTube\",\"dialog_layout\":\"modal\",\"dialog_offcanvas_flip\":true,\"icon\":\"youtube\",\"icon_align\":\"left\",\"link\":\"https:\\\/\\\/www.youtube.com\\\/@drap-art\",\"link_target\":\"blank\"}}]}]},{\"type\":\"column\",\"props\":{\"image_position\":\"center-center\",\"position_sticky_breakpoint\":\"m\",\"width_medium\":\"1-3\"}}]}],\"name\":\"Youtube \\\/ Artista del mes\"},{\"type\":\"section\",\"props\":{\"image_position\":\"center-center\",\"style\":\"default\",\"title_breakpoint\":\"xl\",\"title_position\":\"top-left\",\"title_rotation\":\"left\",\"vertical_align\":\"\",\"width\":\"default\"},\"children\":[{\"type\":\"row\",\"children\":[{\"type\":\"column\",\"props\":{\"image_position\":\"center-center\",\"position_sticky_breakpoint\":\"m\"},\"children\":[{\"type\":\"headline\",\"props\":{\"content\":\"Drap-Art Barcelona\",\"margin\":\"remove-vertical\",\"title_element\":\"h2\",\"title_style\":\"heading-small\"}},{\"type\":\"headline\",\"props\":{\"content\":\"Festival\",\"margin_remove_top\":true,\"title_decoration\":\"line\",\"title_element\":\"h3\",\"title_style\":\"h2\"}}]}]}],\"name\":\"Festival Title\"},{\"type\":\"section\",\"props\":{\"image_position\":\"center-center\",\"padding_remove_top\":true,\"style\":\"default\",\"title_breakpoint\":\"xl\",\"title_position\":\"top-left\",\"title_rotation\":\"left\",\"vertical_align\":\"\",\"width\":\"\"},\"children\":[{\"type\":\"row\",\"children\":[{\"type\":\"column\",\"props\":{\"image_position\":\"center-center\",\"position_sticky_breakpoint\":\"m\"},\"children\":[{\"type\":\"overlay-slider\",\"props\":{\"image_height\":\"352\",\"image_width\":\"500\",\"link_style\":\"secondary\",\"link_text\":\"\",\"margin\":\"default\",\"meta_align\":\"below-title\",\"meta_element\":\"div\",\"meta_margin\":\"small\",\"meta_style\":\"text-meta\",\"nav\":\"dotnav\",\"nav_align\":\"center\",\"nav_below\":true,\"nav_breakpoint\":\"s\",\"nav_position\":\"bottom-center\",\"nav_position_margin\":\"medium\",\"overlay_display\":\"hover\",\"overlay_link\":true,\"overlay_mode\":\"cover\",\"overlay_position\":\"center\",\"overlay_style\":\"tile-secondary\",\"overlay_transition\":\"fade\",\"show_content\":true,\"show_hover_image\":true,\"show_hover_video\":true,\"show_link\":true,\"show_meta\":true,\"show_title\":true,\"slidenav\":\"\",\"slidenav_breakpoint\":\"s\",\"slidenav_margin\":\"medium\",\"slidenav_outside_breakpoint\":\"xl\",\"slider_autoplay_pause\":true,\"slider_gap\":\"small\",\"slider_sets\":true,\"slider_width\":\"fixed\",\"slider_width_default\":\"1-1\",\"slider_width_large\":\"1-3\",\"slider_width_medium\":\"1-3\",\"slider_width_xlarge\":\"1-4\",\"text_align\":\"center\",\"text_color\":\"light\",\"title_element\":\"h3\",\"title_hover_style\":\"reset\",\"title_style\":\"h2\"},\"children\":[{\"type\":\"overlay-slider_item\",\"source\":{\"props\":{\"title\":{\"filters\":{\"search\":\"\"},\"name\":\"title\"},\"meta\":{\"filters\":{\"search\":\"\",\"date\":\"Y\"},\"name\":\"date\"},\"image\":{\"filters\":{\"search\":\"\"},\"name\":\"featuredImage.url\"},\"image_alt\":{\"filters\":{\"search\":\"\"},\"name\":\"title\"},\"link\":{\"filters\":{\"search\":\"\"},\"name\":\"link\"}},\"query\":{\"name\":\"festivals.customFestivals\",\"arguments\":{\"terms\":[141],\"limit\":99,\"offset\":0,\"order_direction\":\"DESC\"}}}}]},{\"type\":\"button\",\"props\":{\"button_size\":\"large\",\"grid_column_gap\":\"small\",\"grid_row_gap\":\"small\",\"margin\":\"medium\",\"text_align\":\"center\"},\"children\":[{\"type\":\"button_item\",\"props\":{\"button_style\":\"text\",\"content\":\"Ver todos\",\"dialog_layout\":\"modal\",\"dialog_offcanvas_flip\":true,\"icon_align\":\"left\",\"link\":\"#\"}}]}]}]}],\"name\":\"Festival Overlay slide\"}],\"version\":\"4.5.31\",\"yooessentialsVersion\":\"2.3.9\"} --><\/p>\n","protected":false},"excerpt":{"rendered":"<p>silvia-isach-amphyctionis HelenaTorres_Sillon_2 slide-1 30 a\u00f1os de Drap-Art Festival Internacional de Arte Sostenible 2026 En 2026, Drap-Art celebra 30 a\u00f1os de trayectoria promoviendo la sostenibilidad a trav\u00e9s del arte contempor\u00e1neo. Tres [&hellip;]<\/p>\n","protected":false},"author":1,"featured_media":0,"parent":0,"menu_order":0,"comment_status":"closed","ping_status":"closed","template":"","meta":{"footnotes":""},"class_list":["post-21","page","type-page","status-publish","hentry"],"acf":[],"yoast_head":"<!-- This site is optimized with the Yoast SEO plugin v27.3 - https:\/\/yoast.com\/product\/yoast-seo-wordpress\/ -->\n<title>Drap-Art: Festival Internacional de Arte y Sostenibilidad | Barcelona<\/title>\n<meta name=\"description\" content=\"Drap-Art es una plataforma de artistas que utilizan materiales reciclados, trabajan conceptos de sostenibilidad y reflexionan problem\u00e1ticas ambientales utilizando el arte como herramienta para la transformaci\u00f3n social.\" \/>\n<meta name=\"robots\" content=\"index, follow, max-snippet:-1, max-image-preview:large, max-video-preview:-1\" \/>\n<link rel=\"canonical\" href=\"https:\/\/drap-art.org\/\" \/>\n<meta name=\"twitter:label1\" content=\"Tiempo de lectura\" \/>\n\t<meta name=\"twitter:data1\" content=\"3 minutos\" \/>\n<!-- \/ Yoast SEO plugin. -->","yoast_head_json":{"title":"Drap-Art: Festival Internacional de Arte y Sostenibilidad | Barcelona","description":"Drap-Art es una plataforma de artistas que utilizan materiales reciclados, trabajan conceptos de sostenibilidad y reflexionan problem\u00e1ticas ambientales utilizando el arte como herramienta para la transformaci\u00f3n social.","robots":{"index":"index","follow":"follow","max-snippet":"max-snippet:-1","max-image-preview":"max-image-preview:large","max-video-preview":"max-video-preview:-1"},"canonical":"https:\/\/drap-art.org\/","twitter_misc":{"Tiempo de lectura":"3 minutos"},"schema":{"@context":"https:\/\/schema.org","@graph":[{"@type":"WebPage","@id":"https:\/\/drap-art.org\/","url":"https:\/\/drap-art.org\/","name":"Drap-Art: Festival Internacional de Arte y Sostenibilidad | Barcelona","isPartOf":{"@id":"https:\/\/drap-art.org\/#website"},"primaryImageOfPage":{"@id":"https:\/\/drap-art.org\/#primaryimage"},"image":{"@id":"https:\/\/drap-art.org\/#primaryimage"},"thumbnailUrl":"https:\/\/drap-art.org\/wp-content\/uploads\/2026\/03\/cb_Exposicio-Mater_Drap-Art-25_1607-1.jpg","datePublished":"2024-03-13T15:35:55+00:00","dateModified":"2026-03-27T16:02:21+00:00","description":"Drap-Art es una plataforma de artistas que utilizan materiales reciclados, trabajan conceptos de sostenibilidad y reflexionan problem\u00e1ticas ambientales utilizando el arte como herramienta para la transformaci\u00f3n social.","breadcrumb":{"@id":"https:\/\/drap-art.org\/#breadcrumb"},"inLanguage":"es","potentialAction":[{"@type":"ReadAction","target":["https:\/\/drap-art.org\/"]}]},{"@type":"ImageObject","inLanguage":"es","@id":"https:\/\/drap-art.org\/#primaryimage","url":"https:\/\/drap-art.org\/wp-content\/uploads\/2026\/03\/cb_Exposicio-Mater_Drap-Art-25_1607-1.jpg","contentUrl":"https:\/\/drap-art.org\/wp-content\/uploads\/2026\/03\/cb_Exposicio-Mater_Drap-Art-25_1607-1.jpg"},{"@type":"BreadcrumbList","@id":"https:\/\/drap-art.org\/#breadcrumb","itemListElement":[{"@type":"ListItem","position":1,"name":"Home","item":"https:\/\/drap-art.org\/"},{"@type":"ListItem","position":2,"name":"Inicio"}]},{"@type":"WebSite","@id":"https:\/\/drap-art.org\/#website","url":"https:\/\/drap-art.org\/","name":"Drap-Art","description":"Festival Internacional de Arte y Sostenibilidad","publisher":{"@id":"https:\/\/drap-art.org\/#organization"},"potentialAction":[{"@type":"SearchAction","target":{"@type":"EntryPoint","urlTemplate":"https:\/\/drap-art.org\/?s={search_term_string}"},"query-input":{"@type":"PropertyValueSpecification","valueRequired":true,"valueName":"search_term_string"}}],"inLanguage":"es"},{"@type":"Organization","@id":"https:\/\/drap-art.org\/#organization","name":"Associaci\u00f3 Drap-Art","url":"https:\/\/drap-art.org\/","logo":{"@type":"ImageObject","inLanguage":"es","@id":"https:\/\/drap-art.org\/#\/schema\/logo\/image\/","url":"https:\/\/drap-art.org\/wp-content\/uploads\/2024\/10\/logo-drapart-24.png","contentUrl":"https:\/\/drap-art.org\/wp-content\/uploads\/2024\/10\/logo-drapart-24.png","width":2157,"height":1929,"caption":"Associaci\u00f3 Drap-Art"},"image":{"@id":"https:\/\/drap-art.org\/#\/schema\/logo\/image\/"},"sameAs":["https:\/\/www.facebook.com\/drapart\/","https:\/\/x.com\/DrapArt","https:\/\/www.instagram.com\/drapart_org\/","https:\/\/www.youtube.com\/channel\/UC_FGj-k0m_HgMv_aYSN5_4Q"]}]}},"_links":{"self":[{"href":"https:\/\/drap-art.org\/es\/wp-json\/wp\/v2\/pages\/21","targetHints":{"allow":["GET"]}}],"collection":[{"href":"https:\/\/drap-art.org\/es\/wp-json\/wp\/v2\/pages"}],"about":[{"href":"https:\/\/drap-art.org\/es\/wp-json\/wp\/v2\/types\/page"}],"author":[{"embeddable":true,"href":"https:\/\/drap-art.org\/es\/wp-json\/wp\/v2\/users\/1"}],"replies":[{"embeddable":true,"href":"https:\/\/drap-art.org\/es\/wp-json\/wp\/v2\/comments?post=21"}],"version-history":[{"count":3,"href":"https:\/\/drap-art.org\/es\/wp-json\/wp\/v2\/pages\/21\/revisions"}],"predecessor-version":[{"id":12359,"href":"https:\/\/drap-art.org\/es\/wp-json\/wp\/v2\/pages\/21\/revisions\/12359"}],"wp:attachment":[{"href":"https:\/\/drap-art.org\/es\/wp-json\/wp\/v2\/media?parent=21"}],"curies":[{"name":"wp","href":"https:\/\/api.w.org\/{rel}","templated":true}]}}