{"id":4540,"date":"2024-04-22T15:34:33","date_gmt":"2024-04-22T13:34:33","guid":{"rendered":"https:\/\/dev.drap-art.org\/mercat-drap-art\/"},"modified":"2026-02-02T17:35:58","modified_gmt":"2026-02-02T16:35:58","slug":"mercado-drap-art","status":"publish","type":"page","link":"https:\/\/drap-art.org\/es\/mercado-drap-art\/","title":{"rendered":"Mercado Drap-Art"},"content":{"rendered":"<h1>Mercado de Reciclaje Art\u00edstico y Consumo Sostenible<\/h1>\n<hr>\n<h2>Mercado de arte y consumo sostenible en la Plaza Real de Barcelona<\/h2>\n<h3>Todos los s\u00e1bados de marzo a diciembre de 11h a 22h<\/h3>\n<div>\n<p>Nuestro mercado potencia una econom\u00eda verde y creativa, y ofrece un punto de venta a diferentes artistas, dise\u00f1adores y artesanos que apuestan por un mundo m\u00e1s sostenible.<\/p>\n<p>Presentamos aqu\u00ed algunos de los trabajos que se exponen y se pueden comprar en el mercado. Tambi\u00e9n encontrar\u00e9is algunos de ellos en nuestra tienda online.<\/p>\n<p>Si ten\u00e9is que hacer un regalo o quer\u00e9is haceros un auto-regalo, no dud\u00e9is en comprarlo en el mercado o aqu\u00ed, que estar\u00e9is apoyando a personas que apuestan por un mundo mejor.<\/p>\n<p>Cuanto m\u00e1s apoyo tenga su movimiento, m\u00e1s fuerza e impacto tendr\u00e1 y m\u00e1s cerca estaremos de conseguir realizar el cambio hacia la sostenibilidad.<\/p>\n<p>Organizado por: <a href=\"https:\/\/dev.drap-art.org\/es\/\">www.drap-art.org<\/a> y <a href=\"https:\/\/lareial.com\/\">www.lareial.com<\/a><\/p>\n<\/div>\n<ul>\n<li>\n<p>        <img decoding=\"async\" src=\"\/wp-content\/uploads\/2025\/02\/cb_Mercado-Drap-Art-24_3243.jpg\" alt=\"\"><\/p>\n<h3>cb_Mercado Drap-Art 24_3243<\/h3>\n<\/li>\n<li>\n<p>        <img decoding=\"async\" src=\"\/wp-content\/uploads\/2025\/02\/cb_Mercado-Drap-Art-24_3310.jpg\" alt=\"\"><\/p>\n<h3>cb_Mercado Drap-Art 24_3310<\/h3>\n<\/li>\n<li>\n<p>        <img decoding=\"async\" src=\"\/wp-content\/uploads\/2025\/02\/cb_Mercado-Drap-Art-24_3221.jpg\" alt=\"\"><\/p>\n<h3>cb_Mercado Drap-Art 24_3221<\/h3>\n<\/li>\n<li>\n<p>        <img decoding=\"async\" src=\"\/wp-content\/uploads\/2025\/02\/cb_Mercado-Drap-Art-24_3176.jpg\" alt=\"\"><\/p>\n<h3>cb_Mercado Drap-Art 24_3176<\/h3>\n<\/li>\n<li>\n<p>        <img decoding=\"async\" src=\"\/wp-content\/uploads\/2025\/02\/cb_Mercado-Drap-Art-24_3174.jpg\" alt=\"\"><\/p>\n<h3>cb_Mercado Drap-Art 24_3174<\/h3>\n<\/li>\n<\/ul>\n<ul>\n<li>\n<p>\n        <a href=\"https:\/\/drap-art.org\/wp-content\/uploads\/2026\/02\/Drap-Art_Mercado_Normativa_2026_ESP.odt\">Normativa Mercado 2026<\/a>\n    <\/p>\n<\/li>\n<li>\n<p>\n        <a href=\"https:\/\/drap-art.org\/wp-content\/uploads\/2026\/02\/Mercat_DrapArt_Formulari2026_ESP.docx\">Formulario Mercado 2026<\/a>\n    <\/p>\n<\/li>\n<li>\n<p>\n        <a href=\"https:\/\/drap-art.org\/wp-content\/uploads\/2026\/02\/Mercat_DrapArt_Text_convocatoria2026_ESP.docx\">Convocatoria Mercado 2026<\/a>\n    <\/p>\n<\/li>\n<\/ul>\n<hr>\n<h1>Artistas del Mercado \u00b7 2025<\/h1>\n<div>\n<\/div>\n<div>\n<\/div>\n<hr>\n<h3>Mercado Drap-Art \u00b7 Pla\u00e7a Reial<\/h3>\n<h2>Localizaci\u00f3n y horarios<\/h2>\n<div>\n<p><strong>Cu<span>\u00e1<\/span>ndo:<\/strong> Tots els dissabtes de mar\u00e7 a desembre<br \/><strong>En qu<span>\u00e9<\/span> horario:<\/strong> de 11h a 22h<br \/><strong>D<span>\u00f3<\/span>nde:<\/strong> Pla\u00e7a Reial \u00b7 Barri G\u00f2tic \u00b7 Barcelona<br \/><strong><span data-position=\"122\">Qu\u00e9<\/span><span>\u00a0<\/span><span data-position=\"126\">puedo<\/span><span>\u00a0<\/span><span data-position=\"132\">encontrar<\/span>:<\/strong>Joyer\u00eda, bisuter\u00eda, objetos decorativos y de dise\u00f1o, l\u00e1minas, ropa personalizada, complementos, instrumentos musicales, collages, libretas artesanales y m\u00e1s&#8230;<\/p>\n<\/div>\n<p><p>\n        <a href=\"https:\/\/www.google.es\/maps\/place\/Pl.+Reial,+Ciutat+Vella,+08002+Barcelona\/@41.380052,2.1726994,17z\/data=!3m1!4b1!4m6!3m5!1s0x12a4a257e581ce27:0x90dcec0919a87166!8m2!3d41.380052!4d2.1752743!16s%2Fm%2F04f2zs4?entry=ttu&#038;g_ep=EgoyMDI0MDgyMS4wIKXMDSoASAFQAw%3D%3D\">C\u00f3mo llegar<\/a>\n    <\/p>\n<\/p>\n<div>\n<p>41.3801,2.1754<\/p>\n<h3>Mercat Drap-Art d&#8217;Art Sostenible<\/h3>\n<\/div>\n<p><!--more--><br \/>\n<!-- {\"type\":\"layout\",\"children\":[{\"type\":\"section\",\"props\":{\"height\":\"viewport\",\"image\":\"wp-content\\\/uploads\\\/2025\\\/02\\\/cb_Mercado-Drap-Art-24_3221.jpg\",\"image_effect\":\"fixed\",\"image_position\":\"bottom-center\",\"media_focal_point\":\"bottom-center\",\"style\":\"default\",\"title\":\"Mercado Drap-Art\",\"title_breakpoint\":\"xl\",\"title_position\":\"top-left\",\"title_rotation\":\"left\",\"vertical_align\":\"middle\",\"width\":\"default\"},\"children\":[{\"type\":\"row\",\"children\":[{\"type\":\"column\",\"props\":{\"image_position\":\"center-center\",\"position_sticky_breakpoint\":\"m\"}}]}]},{\"type\":\"section\",\"props\":{\"image_position\":\"center-center\",\"style\":\"default\",\"title_breakpoint\":\"xl\",\"title_position\":\"top-left\",\"title_rotation\":\"left\",\"vertical_align\":\"\",\"width\":\"default\"},\"children\":[{\"type\":\"row\",\"children\":[{\"type\":\"column\",\"props\":{\"image_position\":\"center-center\",\"position_sticky_breakpoint\":\"m\"},\"children\":[{\"type\":\"headline\",\"props\":{\"title_element\":\"h2\"},\"source\":{\"query\":{\"name\":\"pages.singlePage\"},\"props\":{\"content\":{\"filters\":{\"search\":\"\"},\"name\":\"title\"}}}},{\"type\":\"headline\",\"props\":{\"content\":\"Mercado de Reciclaje Art\\u00edstico y Consumo Sostenible\",\"margin_remove_top\":true,\"title_element\":\"h1\",\"title_style\":\"h1\"}}]}]},{\"type\":\"row\",\"children\":[{\"type\":\"column\",\"props\":{\"image_position\":\"center-center\",\"position_sticky_breakpoint\":\"m\"},\"children\":[{\"type\":\"divider\",\"props\":{\"divider_element\":\"hr\",\"divider_style\":\"small\"}},{\"type\":\"headline\",\"props\":{\"content\":\"Mercado de arte y consumo sostenible en la Plaza Real de Barcelona\",\"margin_remove_bottom\":true,\"title_element\":\"h2\"}},{\"type\":\"headline\",\"props\":{\"content\":\"Todos los s\\u00e1bados de marzo a diciembre de 11h a 22h\",\"margin_remove_top\":true,\"title_element\":\"h3\"}}]}]}],\"name\":\"Headings\"},{\"type\":\"section\",\"props\":{\"image_position\":\"center-center\",\"padding_remove_top\":true,\"style\":\"default\",\"title_breakpoint\":\"xl\",\"title_position\":\"top-left\",\"title_rotation\":\"left\",\"vertical_align\":\"\",\"width\":\"default\"},\"children\":[{\"type\":\"row\",\"props\":{\"layout\":\"1-2,1-2\"},\"children\":[{\"type\":\"column\",\"props\":{\"image_position\":\"center-center\",\"position_sticky_breakpoint\":\"m\",\"width_medium\":\"1-2\"},\"children\":[{\"type\":\"text\",\"props\":{\"column_breakpoint\":\"m\",\"content\":\"\n\n<p>Nuestro mercado potencia una econom\\u00eda verde y creativa, y ofrece un punto de venta a diferentes artistas, dise\\u00f1adores y artesanos que apuestan por un mundo m\\u00e1s sostenible.<\\\/p>\\n\n\n<p>Presentamos aqu\\u00ed algunos de los trabajos que se exponen y se pueden comprar en el mercado. Tambi\\u00e9n encontrar\\u00e9is algunos de ellos en nuestra tienda online.<\\\/p>\\n\n\n<p>Si ten\\u00e9is que hacer un regalo o quer\\u00e9is haceros un auto-regalo, no dud\\u00e9is en comprarlo en el mercado o aqu\\u00ed, que estar\\u00e9is apoyando a personas que apuestan por un mundo mejor.<\\\/p>\\n\n\n<p>Cuanto m\\u00e1s apoyo tenga su movimiento, m\\u00e1s fuerza e impacto tendr\\u00e1 y m\\u00e1s cerca estaremos de conseguir realizar el cambio hacia la sostenibilidad.<\\\/p>\\n\n\n<p>Organizado por: <a href=\\\"https:\\\/\\\/dev.drap-art.org\\\/es\\\/\\\">www.drap-art.org<\\\/a> y <a href=\\\"https:\\\/\\\/lareial.com\\\/\\\">www.lareial.com<\\\/a><\\\/p>\",\"margin\":\"default\"}}]},{\"type\":\"column\",\"props\":{\"image_position\":\"center-center\",\"position_sticky_breakpoint\":\"m\",\"width_medium\":\"1-2\"},\"children\":[{\"type\":\"slideshow\",\"props\":{\"link_style\":\"default\",\"link_text\":\"Read more\",\"margin\":\"default\",\"meta_align\":\"below-title\",\"meta_element\":\"div\",\"meta_style\":\"text-meta\",\"nav\":\"dotnav\",\"nav_align\":\"center\",\"nav_below\":true,\"nav_breakpoint\":\"s\",\"nav_position\":\"bottom-center\",\"nav_position_margin\":\"medium\",\"overlay_animation\":\"parallax\",\"overlay_position\":\"center-left\",\"show_content\":true,\"show_link\":true,\"show_meta\":true,\"show_thumbnail\":true,\"show_title\":false,\"slidenav\":\"\",\"slidenav_breakpoint\":\"s\",\"slidenav_margin\":\"medium\",\"slidenav_outside_breakpoint\":\"xl\",\"slideshow_autoplay\":true,\"slideshow_autoplay_pause\":true,\"slideshow_min_height\":300,\"thumbnav_height\":\"75\",\"thumbnav_svg_color\":\"emphasis\",\"thumbnav_width\":\"100\",\"title_element\":\"h3\",\"title_hover_style\":\"reset\"},\"children\":[{\"type\":\"slideshow_item\",\"props\":{\"image\":\"wp-content\\\/uploads\\\/2025\\\/02\\\/cb_Mercado-Drap-Art-24_3243.jpg\",\"title\":\"cb_Mercado Drap-Art 24_3243\"}},{\"type\":\"slideshow_item\",\"props\":{\"image\":\"wp-content\\\/uploads\\\/2025\\\/02\\\/cb_Mercado-Drap-Art-24_3310.jpg\",\"title\":\"cb_Mercado Drap-Art 24_3310\"}},{\"type\":\"slideshow_item\",\"props\":{\"image\":\"wp-content\\\/uploads\\\/2025\\\/02\\\/cb_Mercado-Drap-Art-24_3221.jpg\",\"title\":\"cb_Mercado Drap-Art 24_3221\"}},{\"type\":\"slideshow_item\",\"props\":{\"image\":\"wp-content\\\/uploads\\\/2025\\\/02\\\/cb_Mercado-Drap-Art-24_3176.jpg\",\"title\":\"cb_Mercado Drap-Art 24_3176\"}},{\"type\":\"slideshow_item\",\"props\":{\"image\":\"wp-content\\\/uploads\\\/2025\\\/02\\\/cb_Mercado-Drap-Art-24_3174.jpg\",\"title\":\"cb_Mercado Drap-Art 24_3174\"}}]}]}]},{\"type\":\"row\",\"children\":[{\"type\":\"column\",\"props\":{\"image_position\":\"center-center\",\"position_sticky_breakpoint\":\"m\"},\"children\":[{\"type\":\"button\",\"props\":{\"grid_column_gap\":\"small\",\"grid_row_gap\":\"small\",\"margin\":\"default\"},\"children\":[{\"type\":\"button_item\",\"props\":{\"button_style\":\"secondary\",\"content\":\"Normativa Mercado 2026\",\"dialog_layout\":\"modal\",\"dialog_offcanvas_flip\":true,\"icon_align\":\"left\",\"link\":\"https:\\\/\\\/drap-art.org\\\/wp-content\\\/uploads\\\/2026\\\/02\\\/Drap-Art_Mercado_Normativa_2026_ESP.odt\",\"link_target\":\"blank\"}},{\"type\":\"button_item\",\"props\":{\"button_style\":\"secondary\",\"content\":\"Formulario Mercado 2026\",\"dialog_layout\":\"modal\",\"dialog_offcanvas_flip\":true,\"icon_align\":\"left\",\"link\":\"https:\\\/\\\/drap-art.org\\\/wp-content\\\/uploads\\\/2026\\\/02\\\/Mercat_DrapArt_Formulari2026_ESP.docx\",\"link_target\":\"blank\"}},{\"type\":\"button_item\",\"props\":{\"button_style\":\"secondary\",\"content\":\"Convocatoria Mercado 2026\",\"dialog_layout\":\"modal\",\"dialog_offcanvas_flip\":true,\"icon_align\":\"left\",\"link\":\"https:\\\/\\\/drap-art.org\\\/wp-content\\\/uploads\\\/2026\\\/02\\\/Mercat_DrapArt_Text_convocatoria2026_ESP.docx\",\"link_target\":\"blank\"}}]}]}]}]},{\"type\":\"section\",\"props\":{\"image_position\":\"center-center\",\"padding_remove_top\":true,\"style\":\"default\",\"title_breakpoint\":\"xl\",\"title_position\":\"top-left\",\"title_rotation\":\"left\",\"vertical_align\":\"\",\"width\":\"default\"},\"children\":[{\"type\":\"row\",\"children\":[{\"type\":\"column\",\"props\":{\"image_position\":\"center-center\",\"position_sticky_breakpoint\":\"m\"},\"children\":[{\"type\":\"divider\",\"props\":{\"divider_element\":\"hr\"}}]}]}]},{\"type\":\"section\",\"props\":{\"image_position\":\"center-center\",\"padding_remove_top\":true,\"style\":\"default\",\"title_breakpoint\":\"xl\",\"title_position\":\"top-left\",\"title_rotation\":\"left\",\"vertical_align\":\"\",\"width\":\"default\"},\"children\":[{\"type\":\"row\",\"children\":[{\"type\":\"column\",\"props\":{\"image_position\":\"center-center\",\"position_sticky_breakpoint\":\"m\"},\"children\":[{\"type\":\"headline\",\"props\":{\"content\":\"Artistas del Mercado \\u00b7 2025\",\"title_element\":\"h1\"}},{\"type\":\"gallery\",\"props\":{\"content_style\":\"text-meta\",\"filter_align\":\"left\",\"filter_all\":true,\"filter_grid_breakpoint\":\"m\",\"filter_grid_width\":\"auto\",\"filter_position\":\"top\",\"filter_style\":\"tab\",\"grid_default\":\"1\",\"grid_medium\":\"4\",\"image_height\":\"450\",\"image_width\":\"450\",\"item_animation\":true,\"lightbox_bg_close\":true,\"link_style\":\"default\",\"link_text\":\"\",\"margin\":\"default\",\"meta_align\":\"below-title\",\"meta_element\":\"div\",\"meta_margin\":\"remove\",\"meta_style\":\"text-meta\",\"overlay_hover\":true,\"overlay_link\":true,\"overlay_margin\":\"medium\",\"overlay_mode\":\"cover\",\"overlay_position\":\"center\",\"overlay_style\":\"tile-secondary\",\"overlay_transition\":\"fade\",\"show_content\":true,\"show_hover_image\":true,\"show_hover_video\":true,\"show_link\":true,\"show_meta\":true,\"show_title\":true,\"text_align\":\"center\",\"text_color\":\"light\",\"title_element\":\"h4\",\"title_hover_style\":\"reset\",\"visibility\":\"l\"},\"children\":[{\"type\":\"gallery_item\",\"source\":{\"query\":{\"name\":\"talents.customTalents\",\"arguments\":{\"terms\":[145],\"ambit_operator\":\"IN\",\"users\":[],\"users_operator\":\"IN\",\"offset\":0,\"limit\":99,\"order\":\"rand\",\"order_direction\":\"DESC\"}},\"props\":{\"image\":{\"filters\":{\"search\":\"\"},\"name\":\"featuredImage.url\"},\"image_alt\":{\"filters\":{\"search\":\"\"},\"name\":\"title\"},\"title\":{\"filters\":{\"search\":\"\"},\"name\":\"title\"},\"meta\":{\"filters\":{\"search\":\"\"},\"name\":\"field.descripcio_breu\"},\"link\":{\"filters\":{\"search\":\"\"},\"name\":\"link\"}}}}],\"name\":\"Artistes Desktop\"},{\"type\":\"gallery\",\"props\":{\"filter_align\":\"left\",\"filter_all\":true,\"filter_grid_breakpoint\":\"m\",\"filter_grid_width\":\"auto\",\"filter_position\":\"top\",\"filter_style\":\"tab\",\"grid_default\":\"1\",\"grid_medium\":\"\",\"grid_row_gap\":\"small\",\"image_height\":\"720\",\"image_width\":\"720\",\"item_animation\":true,\"lightbox_bg_close\":true,\"link_style\":\"default\",\"link_text\":\"\",\"margin\":\"default\",\"margin_remove_top\":true,\"meta_align\":\"below-title\",\"meta_element\":\"div\",\"meta_margin\":\"remove\",\"meta_style\":\"text-meta\",\"overlay_hover\":false,\"overlay_link\":true,\"overlay_margin\":\"medium\",\"overlay_mode\":\"caption\",\"overlay_padding\":\"large\",\"overlay_position\":\"center\",\"overlay_style\":\"\",\"overlay_transition\":\"fade\",\"overlay_transition_background\":true,\"show_content\":true,\"show_hover_image\":true,\"show_hover_video\":true,\"show_link\":true,\"show_meta\":true,\"show_title\":true,\"text_align\":\"center\",\"text_color\":\"light\",\"text_color_hover\":false,\"title_element\":\"h3\",\"title_hover_style\":\"reset\",\"visibility\":\"hidden-l\"},\"children\":[{\"type\":\"gallery_item\",\"source\":{\"query\":{\"name\":\"talents.customTalents\",\"arguments\":{\"terms\":[145],\"ambit_operator\":\"IN\",\"users\":[],\"users_operator\":\"IN\",\"offset\":0,\"limit\":99,\"order\":\"rand\",\"order_direction\":\"DESC\"}},\"props\":{\"image\":{\"filters\":{\"search\":\"\"},\"name\":\"featuredImage.url\"},\"image_alt\":{\"filters\":{\"search\":\"\"},\"name\":\"title\"},\"title\":{\"filters\":{\"search\":\"\"},\"name\":\"title\"},\"meta\":{\"filters\":{\"search\":\"\"},\"name\":\"field.descripcio_breu\"},\"link\":{\"filters\":{\"search\":\"\"},\"name\":\"link\"}}},\"props\":{\"media_overlay\":\"rgba(0, 0, 0, 0.35)\"}}],\"name\":\"Artistes Mobile\"}]}]}],\"name\":\"Artistes del mercat\"},{\"type\":\"section\",\"props\":{\"image_position\":\"center-center\",\"padding_remove_top\":true,\"style\":\"default\",\"title_breakpoint\":\"xl\",\"title_position\":\"top-left\",\"title_rotation\":\"left\",\"vertical_align\":\"\",\"width\":\"default\"},\"children\":[{\"type\":\"row\",\"children\":[{\"type\":\"column\",\"props\":{\"image_position\":\"center-center\",\"position_sticky_breakpoint\":\"m\"},\"children\":[{\"type\":\"divider\",\"props\":{\"divider_element\":\"hr\"}}]}]}]},{\"type\":\"section\",\"props\":{\"image_position\":\"center-center\",\"padding_remove_top\":true,\"style\":\"default\",\"title_breakpoint\":\"xl\",\"title_position\":\"top-left\",\"title_rotation\":\"left\",\"vertical_align\":\"\",\"width\":\"default\"},\"children\":[{\"type\":\"row\",\"props\":{\"layout\":\"1-3,2-3\"},\"children\":[{\"type\":\"column\",\"props\":{\"image_position\":\"center-center\",\"position_sticky_breakpoint\":\"m\",\"vertical_align\":\"middle\",\"width_medium\":\"1-3\"},\"children\":[{\"type\":\"headline\",\"props\":{\"content\":\"Mercado Drap-Art \\u00b7 Pla\\u00e7a Reial\",\"margin_remove_bottom\":true,\"title_element\":\"h3\"}},{\"type\":\"headline\",\"props\":{\"content\":\"Localizaci\\u00f3n y horarios\",\"margin_remove_top\":true,\"title_element\":\"h2\"}},{\"type\":\"text\",\"props\":{\"column_breakpoint\":\"m\",\"content\":\"\n\n<p><strong>Cu<span>\\u00e1<\\\/span>ndo:<\\\/strong> Tots els dissabtes de mar\\u00e7 a desembre<br \\\/><strong>En qu<span>\\u00e9<\\\/span> horario:<\\\/strong> de 11h a 22h<br \\\/><strong>D<span>\\u00f3<\\\/span>nde:<\\\/strong> Pla\\u00e7a Reial \\u00b7 Barri G\\u00f2tic \\u00b7 Barcelona<br \\\/><strong><span data-position=\\\"122\\\">Qu\\u00e9<\\\/span><span>\\u00a0<\\\/span><span data-position=\\\"126\\\">puedo<\\\/span><span>\\u00a0<\\\/span><span data-position=\\\"132\\\">encontrar<\\\/span>:<\\\/strong>Joyer\\u00eda, bisuter\\u00eda, objetos decorativos y de dise\\u00f1o, l\\u00e1minas, ropa personalizada, complementos, instrumentos musicales, collages, libretas artesanales y m\\u00e1s...<\\\/p>\",\"margin\":\"default\"}},{\"type\":\"button\",\"props\":{\"grid_column_gap\":\"small\",\"grid_row_gap\":\"small\",\"margin\":\"medium\"},\"children\":[{\"type\":\"button_item\",\"props\":{\"button_style\":\"secondary\",\"content\":\"C\\u00f3mo llegar\",\"dialog_layout\":\"modal\",\"dialog_offcanvas_flip\":true,\"icon\":\"location\",\"icon_align\":\"left\",\"link\":\"https:\\\/\\\/www.google.es\\\/maps\\\/place\\\/Pl.+Reial,+Ciutat+Vella,+08002+Barcelona\\\/@41.380052,2.1726994,17z\\\/data=!3m1!4b1!4m6!3m5!1s0x12a4a257e581ce27:0x90dcec0919a87166!8m2!3d41.380052!4d2.1752743!16s%2Fm%2F04f2zs4?entry=ttu&g_ep=EgoyMDI0MDgyMS4wIKXMDSoASAFQAw%3D%3D\",\"link_target\":\"blank\"}}]}]},{\"type\":\"column\",\"props\":{\"image_position\":\"center-center\",\"position_sticky_breakpoint\":\"m\",\"width_medium\":\"2-3\"},\"children\":[{\"type\":\"map\",\"props\":{\"controls\":true,\"dragging\":true,\"height\":450,\"image_svg_color\":\"emphasis\",\"link_style\":\"default\",\"link_text\":\"Read more\",\"margin\":\"default\",\"max_zoom\":18,\"meta_align\":\"below-title\",\"meta_element\":\"div\",\"meta_style\":\"text-meta\",\"min_zoom\":0,\"poi\":false,\"show_content\":true,\"show_image\":true,\"show_link\":true,\"show_meta\":true,\"show_title\":true,\"title_element\":\"h3\",\"title_hover_style\":\"reset\",\"type\":\"roadmap\",\"zoom\":\"17\",\"zooming\":true},\"children\":[{\"type\":\"map_item\",\"props\":{\"location\":\"41.3801,2.1754\",\"title\":\"Mercat Drap-Art d'Art Sostenible\"}}]}]}]}]}],\"version\":\"4.5.31\",\"yooessentialsVersion\":\"2.3.9\"} --><\/p>\n","protected":false},"excerpt":{"rendered":"<p>Mercado de Reciclaje Art\u00edstico y Consumo Sostenible Mercado de arte y consumo sostenible en la Plaza Real de Barcelona Todos los s\u00e1bados de marzo a diciembre de 11h a 22h [&hellip;]<\/p>\n","protected":false},"author":1,"featured_media":0,"parent":0,"menu_order":0,"comment_status":"closed","ping_status":"closed","template":"","meta":{"footnotes":""},"class_list":["post-4540","page","type-page","status-publish","hentry"],"acf":[],"yoast_head":"<!-- This site is optimized with the Yoast SEO plugin v27.4 - https:\/\/yoast.com\/product\/yoast-seo-wordpress\/ -->\n<title>Mercado Drap-Art | Arte reciclado y consumo sostenible<\/title>\n<meta name=\"description\" content=\"Descubre el Mercat Drap-Art en la Pla\u00e7a Reial: arte, dise\u00f1o y productos sostenibles hechos con materiales reciclados. Cada s\u00e1bado, de marzo a diciembre.\" \/>\n<meta name=\"robots\" content=\"index, follow, max-snippet:-1, max-image-preview:large, max-video-preview:-1\" \/>\n<link rel=\"canonical\" href=\"https:\/\/drap-art.org\/es\/mercado-drap-art\/\" \/>\n<meta name=\"twitter:label1\" content=\"Tiempo de lectura\" \/>\n\t<meta name=\"twitter:data1\" content=\"3 minutos\" \/>\n<!-- \/ Yoast SEO plugin. -->","yoast_head_json":{"title":"Mercado Drap-Art | Arte reciclado y consumo sostenible","description":"Descubre el Mercat Drap-Art en la Pla\u00e7a Reial: arte, dise\u00f1o y productos sostenibles hechos con materiales reciclados. Cada s\u00e1bado, de marzo a diciembre.","robots":{"index":"index","follow":"follow","max-snippet":"max-snippet:-1","max-image-preview":"max-image-preview:large","max-video-preview":"max-video-preview:-1"},"canonical":"https:\/\/drap-art.org\/es\/mercado-drap-art\/","twitter_misc":{"Tiempo de lectura":"3 minutos"},"schema":{"@context":"https:\/\/schema.org","@graph":[{"@type":"WebPage","@id":"https:\/\/drap-art.org\/es\/mercado-drap-art\/","url":"https:\/\/drap-art.org\/es\/mercado-drap-art\/","name":"Mercado Drap-Art | Arte reciclado y consumo sostenible","isPartOf":{"@id":"https:\/\/drap-art.org\/#website"},"datePublished":"2024-04-22T13:34:33+00:00","dateModified":"2026-02-02T16:35:58+00:00","description":"Descubre el Mercat Drap-Art en la Pla\u00e7a Reial: arte, dise\u00f1o y productos sostenibles hechos con materiales reciclados. Cada s\u00e1bado, de marzo a diciembre.","breadcrumb":{"@id":"https:\/\/drap-art.org\/es\/mercado-drap-art\/#breadcrumb"},"inLanguage":"es","potentialAction":[{"@type":"ReadAction","target":["https:\/\/drap-art.org\/es\/mercado-drap-art\/"]}]},{"@type":"BreadcrumbList","@id":"https:\/\/drap-art.org\/es\/mercado-drap-art\/#breadcrumb","itemListElement":[{"@type":"ListItem","position":1,"name":"Home","item":"https:\/\/drap-art.org\/"},{"@type":"ListItem","position":2,"name":"Mercado Drap-Art"}]},{"@type":"WebSite","@id":"https:\/\/drap-art.org\/#website","url":"https:\/\/drap-art.org\/","name":"Drap-Art","description":"Festival Internacional de Arte y Sostenibilidad","publisher":{"@id":"https:\/\/drap-art.org\/#organization"},"potentialAction":[{"@type":"SearchAction","target":{"@type":"EntryPoint","urlTemplate":"https:\/\/drap-art.org\/?s={search_term_string}"},"query-input":{"@type":"PropertyValueSpecification","valueRequired":true,"valueName":"search_term_string"}}],"inLanguage":"es"},{"@type":"Organization","@id":"https:\/\/drap-art.org\/#organization","name":"Associaci\u00f3 Drap-Art","url":"https:\/\/drap-art.org\/","logo":{"@type":"ImageObject","inLanguage":"es","@id":"https:\/\/drap-art.org\/#\/schema\/logo\/image\/","url":"https:\/\/drap-art.org\/wp-content\/uploads\/2024\/10\/logo-drapart-24.png","contentUrl":"https:\/\/drap-art.org\/wp-content\/uploads\/2024\/10\/logo-drapart-24.png","width":2157,"height":1929,"caption":"Associaci\u00f3 Drap-Art"},"image":{"@id":"https:\/\/drap-art.org\/#\/schema\/logo\/image\/"},"sameAs":["https:\/\/www.facebook.com\/drapart\/","https:\/\/x.com\/DrapArt","https:\/\/www.instagram.com\/drapart_org\/","https:\/\/www.youtube.com\/channel\/UC_FGj-k0m_HgMv_aYSN5_4Q"]}]}},"_links":{"self":[{"href":"https:\/\/drap-art.org\/es\/wp-json\/wp\/v2\/pages\/4540","targetHints":{"allow":["GET"]}}],"collection":[{"href":"https:\/\/drap-art.org\/es\/wp-json\/wp\/v2\/pages"}],"about":[{"href":"https:\/\/drap-art.org\/es\/wp-json\/wp\/v2\/types\/page"}],"author":[{"embeddable":true,"href":"https:\/\/drap-art.org\/es\/wp-json\/wp\/v2\/users\/1"}],"replies":[{"embeddable":true,"href":"https:\/\/drap-art.org\/es\/wp-json\/wp\/v2\/comments?post=4540"}],"version-history":[{"count":4,"href":"https:\/\/drap-art.org\/es\/wp-json\/wp\/v2\/pages\/4540\/revisions"}],"predecessor-version":[{"id":12157,"href":"https:\/\/drap-art.org\/es\/wp-json\/wp\/v2\/pages\/4540\/revisions\/12157"}],"wp:attachment":[{"href":"https:\/\/drap-art.org\/es\/wp-json\/wp\/v2\/media?parent=4540"}],"curies":[{"name":"wp","href":"https:\/\/api.w.org\/{rel}","templated":true}]}}