{"id":4576,"date":"2024-04-22T15:32:53","date_gmt":"2024-04-22T13:32:53","guid":{"rendered":"https:\/\/dev.drap-art.org\/drap-art-festival\/"},"modified":"2025-05-21T17:17:10","modified_gmt":"2025-05-21T15:17:10","slug":"drap-art-festival","status":"publish","type":"page","link":"https:\/\/drap-art.org\/es\/drap-art-festival\/","title":{"rendered":"Drap-Art Festival"},"content":{"rendered":"<h2>Acerca de Drap-Art y el festival<\/h2>\n<div>\n<p>Drap-Art nace en 1995, en Barcelona, como una plataforma para artistas que recuperan el concepto del objet trouv\u00e9 y lo reflejan en su entorno y sus preocupaciones.<\/p>\n<\/div>\n<div>\n<p>Drap-Art ha estado presente en m\u00e1s que 16 pa\u00edses y a sus 24 a\u00f1os de actividad el proyecto fue extendido a las Am\u00e9ricas, con actividades habituales en Barcelona, Montevideo y Pittsburgh, y desde 2017 tambi\u00e9n en Buenos Aires, difundiendo el trabajo de m\u00e1s que 780 artistas y realizando actividades de sensibilizaci\u00f3n para todos los p\u00fablicos. Drap-Art se ha convertido en una red del emergente sector de artistas, dise\u00f1adores, artesanos y otros profesionales creativos catalanes que trabajan con trastos y fomenta el intercambio con artistas de otras partes de Espa\u00f1a, Europa y el resto del mundo. Desde estas premisas, funciona por un lado como trampol\u00edn para artistas j\u00f3venes en el mundo profesional del arte, crea oportunidades laborales y fomenta el intercambio con artistas experimentados, por otro lado act\u00faa como una campa\u00f1a de sensibilizaci\u00f3n que hace eco y disemina las reflexiones de sus artistas sobre cuestiones ambientales y sociales, invitando al p\u00fablico a consumir de manera responsable, cambiar de h\u00e1bitos, y respetar el lema de las tres Rs (reducir, reutilizar y reciclar). La filosof\u00eda de Drap-Art se est\u00e1 extendiendo a otros campos de la acci\u00f3n social y cultural como premisa para sobrevivir en el tiempo actual de crisis econ\u00f3mica, social y ambiental, promoviendo el arte como herramienta de experimentaci\u00f3n y transformaci\u00f3n.<\/p>\n<p>Los h\u00e1bitos de utilizar y tirar tienen que ser redirigidos hacia la conciencia que nada desaparece, todo se transforma.<\/p>\n<\/div>\n<h2>El festival<\/h2>\n<div>\n<p>El festival ofrece a los visitantes la oportunidad de aprender y conocer diferentes problem\u00e1ticas como la gesti\u00f3n de residuos, el consumismo, el cambio clim\u00e1tico, la contaminaci\u00f3n por los micropl\u00e1sticos, el drama de las migraciones clandestinas, la desigualdad social y cuestiones de g\u00e9nero, as\u00ed como posibles soluciones: el desarrollo sostenible, el consumo responsable y propuestas de cambio de h\u00e1bitos. Drap-Art ofrece una plataforma y da visibilidad a los y las artistas que trabajan en el campo de la sostenibilidad y el desarrollo social, para mostrar su trabajo, educar y crear conciencia sobre la necesidad urgente de encontrar alternativas innovadoras y desarrollar nuevas soluciones, que sean inclusivas de todas las comunidades dentro de la sociedad.<\/p>\n<p>Drap-Art ofereix una plataforma i d\u00f3na visibilitat a les artistes que treballen en el camp de la sostenibilitat i el desenvolupament social, per a mostrar el seu treball, educar i crear consci\u00e8ncia sobre la necessitat urgent de trobar alternatives innovadores, que siguin inclusives de totes les comunitats que formen part de la societat.<\/p>\n<\/div>\n<ul>\n<li>\n<p>\n        <a href=\"https:\/\/drap-art.org\/es\/drap-art-festival\/barcelona\/\">Ediciones en Barcelona<\/a>\n    <\/p>\n<\/li>\n<li>\n<p>\n        <a href=\"https:\/\/drap-art.org\/es\/drap-art-festival\/internacional\/\">Ediciones Internacionales<\/a>\n    <\/p>\n<\/li>\n<\/ul>\n<p><!--more--><br \/>\n<!-- {\"type\":\"layout\",\"children\":[{\"type\":\"section\",\"props\":{\"height\":\"pixels\",\"height_viewport\":500,\"image\":\"wp-content\\\/uploads\\\/2022\\\/12\\\/Jordi_Prat_Pons-Lonada_que_ve-200X100-2022-1024x506-1.jpg\",\"image_effect\":\"fixed\",\"image_position\":\"center-center\",\"image_size\":\"cover\",\"style\":\"default\",\"text_color\":\"light\",\"title_breakpoint\":\"xl\",\"title_position\":\"top-left\",\"title_rotation\":\"left\",\"vertical_align\":\"middle\",\"width\":\"\"},\"children\":[{\"type\":\"row\",\"children\":[{\"type\":\"column\",\"props\":{\"image_position\":\"center-center\",\"position_sticky_breakpoint\":\"m\"},\"children\":[{\"type\":\"headline\",\"props\":{\"text_align\":\"center\",\"title_element\":\"h1\"},\"source\":{\"query\":{\"name\":\"pages.singlePage\"},\"props\":{\"content\":{\"filters\":{\"search\":\"\"},\"name\":\"title\"}}}}]}]}]},{\"type\":\"section\",\"props\":{\"image_position\":\"center-center\",\"style\":\"default\",\"title_breakpoint\":\"xl\",\"title_position\":\"top-left\",\"title_rotation\":\"left\",\"vertical_align\":\"middle\",\"width\":\"default\"},\"children\":[{\"type\":\"row\",\"props\":{\"layout\":\"2-3,1-3\"},\"children\":[{\"type\":\"column\",\"props\":{\"image_position\":\"center-center\",\"position_sticky_breakpoint\":\"m\",\"width_medium\":\"2-3\"},\"children\":[{\"type\":\"headline\",\"props\":{\"content\":\"Acerca de Drap-Art y el festival\",\"title_element\":\"h2\",\"title_style\":\"h1\"}},{\"type\":\"text\",\"props\":{\"column_breakpoint\":\"m\",\"content\":\"\n\n<p>Drap-Art nace en 1995, en Barcelona, como una plataforma para artistas que recuperan el concepto del objet trouv\\u00e9 y lo reflejan en su entorno y sus preocupaciones.<\\\/p>\",\"dropcap\":false,\"margin\":\"default\",\"text_style\":\"lead\"}},{\"type\":\"text\",\"props\":{\"column_breakpoint\":\"m\",\"content\":\"\n\n<p>Drap-Art ha estado presente en m\\u00e1s que 16 pa\\u00edses y a sus 24 a\\u00f1os de actividad el proyecto fue extendido a las Am\\u00e9ricas, con actividades habituales en Barcelona, Montevideo y Pittsburgh, y desde 2017 tambi\\u00e9n en Buenos Aires, difundiendo el trabajo de m\\u00e1s que 780 artistas y realizando actividades de sensibilizaci\\u00f3n para todos los p\\u00fablicos. Drap-Art se ha convertido en una red del emergente sector de artistas, dise\\u00f1adores, artesanos y otros profesionales creativos catalanes que trabajan con trastos y fomenta el intercambio con artistas de otras partes de Espa\\u00f1a, Europa y el resto del mundo. Desde estas premisas, funciona por un lado como trampol\\u00edn para artistas j\\u00f3venes en el mundo profesional del arte, crea oportunidades laborales y fomenta el intercambio con artistas experimentados, por otro lado act\\u00faa como una campa\\u00f1a de sensibilizaci\\u00f3n que hace eco y disemina las reflexiones de sus artistas sobre cuestiones ambientales y sociales, invitando al p\\u00fablico a consumir de manera responsable, cambiar de h\\u00e1bitos, y respetar el lema de las tres Rs (reducir, reutilizar y reciclar). La filosof\\u00eda de Drap-Art se est\\u00e1 extendiendo a otros campos de la acci\\u00f3n social y cultural como premisa para sobrevivir en el tiempo actual de crisis econ\\u00f3mica, social y ambiental, promoviendo el arte como herramienta de experimentaci\\u00f3n y transformaci\\u00f3n.<\\\/p>\\n\n\n<p>Los h\\u00e1bitos de utilizar y tirar tienen que ser redirigidos hacia la conciencia que nada desaparece, todo se transforma.<\\\/p>\",\"dropcap\":false,\"margin\":\"default\"}}]},{\"type\":\"column\",\"props\":{\"image_position\":\"center-center\",\"position_sticky_breakpoint\":\"m\",\"width_medium\":\"1-3\"}}]},{\"type\":\"row\",\"props\":{\"layout\":\"2-3,1-3\"},\"children\":[{\"type\":\"column\",\"props\":{\"image_position\":\"center-center\",\"position_sticky_breakpoint\":\"m\",\"width_medium\":\"2-3\"},\"children\":[{\"type\":\"headline\",\"props\":{\"content\":\"El festival\",\"title_element\":\"h2\",\"title_style\":\"h1\"}},{\"type\":\"text\",\"props\":{\"column_breakpoint\":\"m\",\"content\":\"\n\n<p>El festival ofrece a los visitantes la oportunidad de aprender y conocer diferentes problem\\u00e1ticas como la gesti\\u00f3n de residuos, el consumismo, el cambio clim\\u00e1tico, la contaminaci\\u00f3n por los micropl\\u00e1sticos, el drama de las migraciones clandestinas, la desigualdad social y cuestiones de g\\u00e9nero, as\\u00ed como posibles soluciones: el desarrollo sostenible, el consumo responsable y propuestas de cambio de h\\u00e1bitos. Drap-Art ofrece una plataforma y da visibilidad a los y las artistas que trabajan en el campo de la sostenibilidad y el desarrollo social, para mostrar su trabajo, educar y crear conciencia sobre la necesidad urgente de encontrar alternativas innovadoras y desarrollar nuevas soluciones, que sean inclusivas de todas las comunidades dentro de la sociedad.<\\\/p>\\n\n\n<p>Drap-Art ofereix una plataforma i d\\u00f3na visibilitat a les artistes que treballen en el camp de la sostenibilitat i el desenvolupament social, per a mostrar el seu treball, educar i crear consci\\u00e8ncia sobre la necessitat urgent de trobar alternatives innovadores, que siguin inclusives de totes les comunitats que formen part de la societat.<\\\/p>\",\"margin\":\"default\"}}]},{\"type\":\"column\",\"props\":{\"image_position\":\"center-center\",\"position_sticky_breakpoint\":\"m\",\"width_medium\":\"1-3\"}}]},{\"type\":\"row\",\"children\":[{\"type\":\"column\",\"props\":{\"image_position\":\"center-center\",\"position_sticky_breakpoint\":\"m\"},\"children\":[{\"type\":\"button\",\"props\":{\"grid_column_gap\":\"small\",\"grid_row_gap\":\"small\",\"margin\":\"default\"},\"children\":[{\"type\":\"button_item\",\"props\":{\"button_style\":\"secondary\",\"content\":\"Ediciones en Barcelona\",\"dialog_layout\":\"modal\",\"dialog_offcanvas_flip\":true,\"icon_align\":\"left\",\"link\":\"es\\\/drap-art-festival\\\/barcelona\\\/\"}},{\"type\":\"button_item\",\"props\":{\"button_style\":\"secondary\",\"content\":\"Ediciones Internacionales\",\"dialog_layout\":\"modal\",\"dialog_offcanvas_flip\":true,\"icon_align\":\"left\",\"link\":\"https:\\\/\\\/drap-art.org\\\/es\\\/drap-art-festival\\\/internacional\\\/\"}}]}]}]}]}],\"version\":\"4.5.5\",\"yooessentialsVersion\":\"2.3.7\"} --><\/p>\n","protected":false},"excerpt":{"rendered":"<p>Acerca de Drap-Art y el festival Drap-Art nace en 1995, en Barcelona, como una plataforma para artistas que recuperan el concepto del objet trouv\u00e9 y lo reflejan en su entorno [&hellip;]<\/p>\n","protected":false},"author":1,"featured_media":0,"parent":0,"menu_order":0,"comment_status":"closed","ping_status":"closed","template":"","meta":{"footnotes":""},"class_list":["post-4576","page","type-page","status-publish","hentry"],"acf":[],"yoast_head":"<!-- This site is optimized with the Yoast SEO plugin v27.4 - https:\/\/yoast.com\/product\/yoast-seo-wordpress\/ -->\n<title>Drap-Art Festival 2024 | Arte sostenible y reciclaje en Barcelona<\/title>\n<meta name=\"description\" content=\"Disfruta del Drap-Art Festival 2025en el G\u00f3tico de Barcelona: exposiciones, talleres y arte con materiales reciclados. Del 21 de noviembre al 21 de diciembre.\" \/>\n<meta name=\"robots\" content=\"index, follow, max-snippet:-1, max-image-preview:large, max-video-preview:-1\" \/>\n<link rel=\"canonical\" href=\"https:\/\/drap-art.org\/es\/drap-art-festival\/\" \/>\n<meta name=\"twitter:label1\" content=\"Tiempo de lectura\" \/>\n\t<meta name=\"twitter:data1\" content=\"2 minutos\" \/>\n<!-- \/ Yoast SEO plugin. -->","yoast_head_json":{"title":"Drap-Art Festival 2024 | Arte sostenible y reciclaje en Barcelona","description":"Disfruta del Drap-Art Festival 2025en el G\u00f3tico de Barcelona: exposiciones, talleres y arte con materiales reciclados. Del 21 de noviembre al 21 de diciembre.","robots":{"index":"index","follow":"follow","max-snippet":"max-snippet:-1","max-image-preview":"max-image-preview:large","max-video-preview":"max-video-preview:-1"},"canonical":"https:\/\/drap-art.org\/es\/drap-art-festival\/","twitter_misc":{"Tiempo de lectura":"2 minutos"},"schema":{"@context":"https:\/\/schema.org","@graph":[{"@type":"WebPage","@id":"https:\/\/drap-art.org\/es\/drap-art-festival\/","url":"https:\/\/drap-art.org\/es\/drap-art-festival\/","name":"Drap-Art Festival 2024 | Arte sostenible y reciclaje en Barcelona","isPartOf":{"@id":"https:\/\/drap-art.org\/#website"},"datePublished":"2024-04-22T13:32:53+00:00","dateModified":"2025-05-21T15:17:10+00:00","description":"Disfruta del Drap-Art Festival 2025en el G\u00f3tico de Barcelona: exposiciones, talleres y arte con materiales reciclados. Del 21 de noviembre al 21 de diciembre.","breadcrumb":{"@id":"https:\/\/drap-art.org\/es\/drap-art-festival\/#breadcrumb"},"inLanguage":"es","potentialAction":[{"@type":"ReadAction","target":["https:\/\/drap-art.org\/es\/drap-art-festival\/"]}]},{"@type":"BreadcrumbList","@id":"https:\/\/drap-art.org\/es\/drap-art-festival\/#breadcrumb","itemListElement":[{"@type":"ListItem","position":1,"name":"Home","item":"https:\/\/drap-art.org\/"},{"@type":"ListItem","position":2,"name":"Drap-Art Festival"}]},{"@type":"WebSite","@id":"https:\/\/drap-art.org\/#website","url":"https:\/\/drap-art.org\/","name":"Drap-Art","description":"Festival Internacional de Arte y Sostenibilidad","publisher":{"@id":"https:\/\/drap-art.org\/#organization"},"potentialAction":[{"@type":"SearchAction","target":{"@type":"EntryPoint","urlTemplate":"https:\/\/drap-art.org\/?s={search_term_string}"},"query-input":{"@type":"PropertyValueSpecification","valueRequired":true,"valueName":"search_term_string"}}],"inLanguage":"es"},{"@type":"Organization","@id":"https:\/\/drap-art.org\/#organization","name":"Associaci\u00f3 Drap-Art","url":"https:\/\/drap-art.org\/","logo":{"@type":"ImageObject","inLanguage":"es","@id":"https:\/\/drap-art.org\/#\/schema\/logo\/image\/","url":"https:\/\/drap-art.org\/wp-content\/uploads\/2024\/10\/logo-drapart-24.png","contentUrl":"https:\/\/drap-art.org\/wp-content\/uploads\/2024\/10\/logo-drapart-24.png","width":2157,"height":1929,"caption":"Associaci\u00f3 Drap-Art"},"image":{"@id":"https:\/\/drap-art.org\/#\/schema\/logo\/image\/"},"sameAs":["https:\/\/www.facebook.com\/drapart\/","https:\/\/x.com\/DrapArt","https:\/\/www.instagram.com\/drapart_org\/","https:\/\/www.youtube.com\/channel\/UC_FGj-k0m_HgMv_aYSN5_4Q"]}]}},"_links":{"self":[{"href":"https:\/\/drap-art.org\/es\/wp-json\/wp\/v2\/pages\/4576","targetHints":{"allow":["GET"]}}],"collection":[{"href":"https:\/\/drap-art.org\/es\/wp-json\/wp\/v2\/pages"}],"about":[{"href":"https:\/\/drap-art.org\/es\/wp-json\/wp\/v2\/types\/page"}],"author":[{"embeddable":true,"href":"https:\/\/drap-art.org\/es\/wp-json\/wp\/v2\/users\/1"}],"replies":[{"embeddable":true,"href":"https:\/\/drap-art.org\/es\/wp-json\/wp\/v2\/comments?post=4576"}],"version-history":[{"count":1,"href":"https:\/\/drap-art.org\/es\/wp-json\/wp\/v2\/pages\/4576\/revisions"}],"predecessor-version":[{"id":10042,"href":"https:\/\/drap-art.org\/es\/wp-json\/wp\/v2\/pages\/4576\/revisions\/10042"}],"wp:attachment":[{"href":"https:\/\/drap-art.org\/es\/wp-json\/wp\/v2\/media?parent=4576"}],"curies":[{"name":"wp","href":"https:\/\/api.w.org\/{rel}","templated":true}]}}