{"id":4606,"date":"2024-04-22T15:37:21","date_gmt":"2024-04-22T13:37:21","guid":{"rendered":"https:\/\/dev.drap-art.org\/galeria-dart\/"},"modified":"2025-05-21T17:54:12","modified_gmt":"2025-05-21T15:54:12","slug":"galeria-de-arte","status":"publish","type":"page","link":"https:\/\/drap-art.org\/es\/galeria-de-arte\/","title":{"rendered":"Galer\u00eda de arte Drap-Art"},"content":{"rendered":"<p>Ubicada en el hist\u00f3rico barrio G\u00f3tico, en un antiguo edificio con paredes de piedra de origen romano, la Galer\u00eda Drap-Art es el espacio permanente de Drap-Art. Aqu\u00ed se pueden encontrar, durante todo el a\u00f1o, obras de artistas vinculados a la organizaci\u00f3n o que han participado en sus festivales y mercados, desde obras de arte hasta objetos de dise\u00f1o y artesan\u00eda.<\/p>\n<p>&nbsp;<\/p>\n<p><strong>Direcci\u00f3n:<\/strong><br \/>\nCarrer d\u2019En Groc, 1, 08002 Barcelona<\/p>\n<p>Adem\u00e1s de la galer\u00eda en el barrio G\u00f3tico, tambi\u00e9n contamos con una <a href=\"https:\/\/drap-art.org\/es\/tienda\/\">tienda en l\u00ednea<\/a>, donde es posible adquirir las obras expuestas en el festival o en ediciones anteriores.\u00a0En este espacio virtual se re\u00fane una gran variedad de artistas que trabajan con materiales reciclados, contribuyendo as\u00ed a reducir la contaminaci\u00f3n de nuestro entorno.<\/p>\n","protected":false},"excerpt":{"rendered":"<p>Ubicada en el hist\u00f3rico barrio G\u00f3tico, en un antiguo edificio con paredes de piedra de origen romano, la Galer\u00eda Drap-Art es el espacio permanente de Drap-Art. Aqu\u00ed se pueden encontrar, [&hellip;]<\/p>\n","protected":false},"author":1,"featured_media":0,"parent":0,"menu_order":0,"comment_status":"closed","ping_status":"closed","template":"","meta":{"footnotes":""},"class_list":["post-4606","page","type-page","status-publish","hentry"],"acf":[],"yoast_head":"<!-- This site is optimized with the Yoast SEO plugin v27.3 - https:\/\/yoast.com\/product\/yoast-seo-wordpress\/ -->\n<title>Galer\u00eda de Arte Drap-Art | Arte sostenible y reciclado en Barcelona<\/title>\n<meta name=\"description\" content=\"Visita la Galer\u00eda Drap-Art en el Barrio G\u00f3tico de Barcelona: exposiciones de artistas que convierten materiales reciclados en obras \u00fanicas.\" \/>\n<meta name=\"robots\" content=\"index, follow, max-snippet:-1, max-image-preview:large, max-video-preview:-1\" \/>\n<link rel=\"canonical\" href=\"https:\/\/drap-art.org\/es\/galeria-de-arte\/\" \/>\n<meta name=\"twitter:label1\" content=\"Tiempo de lectura\" \/>\n\t<meta name=\"twitter:data1\" content=\"1 minuto\" \/>\n<!-- \/ Yoast SEO plugin. -->","yoast_head_json":{"title":"Galer\u00eda de Arte Drap-Art | Arte sostenible y reciclado en Barcelona","description":"Visita la Galer\u00eda Drap-Art en el Barrio G\u00f3tico de Barcelona: exposiciones de artistas que convierten materiales reciclados en obras \u00fanicas.","robots":{"index":"index","follow":"follow","max-snippet":"max-snippet:-1","max-image-preview":"max-image-preview:large","max-video-preview":"max-video-preview:-1"},"canonical":"https:\/\/drap-art.org\/es\/galeria-de-arte\/","twitter_misc":{"Tiempo de lectura":"1 minuto"},"schema":{"@context":"https:\/\/schema.org","@graph":[{"@type":"WebPage","@id":"https:\/\/drap-art.org\/es\/galeria-de-arte\/","url":"https:\/\/drap-art.org\/es\/galeria-de-arte\/","name":"Galer\u00eda de Arte Drap-Art | Arte sostenible y reciclado en Barcelona","isPartOf":{"@id":"https:\/\/drap-art.org\/#website"},"datePublished":"2024-04-22T13:37:21+00:00","dateModified":"2025-05-21T15:54:12+00:00","description":"Visita la Galer\u00eda Drap-Art en el Barrio G\u00f3tico de Barcelona: exposiciones de artistas que convierten materiales reciclados en obras \u00fanicas.","breadcrumb":{"@id":"https:\/\/drap-art.org\/es\/galeria-de-arte\/#breadcrumb"},"inLanguage":"es","potentialAction":[{"@type":"ReadAction","target":["https:\/\/drap-art.org\/es\/galeria-de-arte\/"]}]},{"@type":"BreadcrumbList","@id":"https:\/\/drap-art.org\/es\/galeria-de-arte\/#breadcrumb","itemListElement":[{"@type":"ListItem","position":1,"name":"Home","item":"https:\/\/drap-art.org\/"},{"@type":"ListItem","position":2,"name":"Galer\u00eda de arte Drap-Art"}]},{"@type":"WebSite","@id":"https:\/\/drap-art.org\/#website","url":"https:\/\/drap-art.org\/","name":"Drap-Art","description":"Festival Internacional de Arte y Sostenibilidad","publisher":{"@id":"https:\/\/drap-art.org\/#organization"},"potentialAction":[{"@type":"SearchAction","target":{"@type":"EntryPoint","urlTemplate":"https:\/\/drap-art.org\/?s={search_term_string}"},"query-input":{"@type":"PropertyValueSpecification","valueRequired":true,"valueName":"search_term_string"}}],"inLanguage":"es"},{"@type":"Organization","@id":"https:\/\/drap-art.org\/#organization","name":"Associaci\u00f3 Drap-Art","url":"https:\/\/drap-art.org\/","logo":{"@type":"ImageObject","inLanguage":"es","@id":"https:\/\/drap-art.org\/#\/schema\/logo\/image\/","url":"https:\/\/drap-art.org\/wp-content\/uploads\/2024\/10\/logo-drapart-24.png","contentUrl":"https:\/\/drap-art.org\/wp-content\/uploads\/2024\/10\/logo-drapart-24.png","width":2157,"height":1929,"caption":"Associaci\u00f3 Drap-Art"},"image":{"@id":"https:\/\/drap-art.org\/#\/schema\/logo\/image\/"},"sameAs":["https:\/\/www.facebook.com\/drapart\/","https:\/\/x.com\/DrapArt","https:\/\/www.instagram.com\/drapart_org\/","https:\/\/www.youtube.com\/channel\/UC_FGj-k0m_HgMv_aYSN5_4Q"]}]}},"_links":{"self":[{"href":"https:\/\/drap-art.org\/es\/wp-json\/wp\/v2\/pages\/4606","targetHints":{"allow":["GET"]}}],"collection":[{"href":"https:\/\/drap-art.org\/es\/wp-json\/wp\/v2\/pages"}],"about":[{"href":"https:\/\/drap-art.org\/es\/wp-json\/wp\/v2\/types\/page"}],"author":[{"embeddable":true,"href":"https:\/\/drap-art.org\/es\/wp-json\/wp\/v2\/users\/1"}],"replies":[{"embeddable":true,"href":"https:\/\/drap-art.org\/es\/wp-json\/wp\/v2\/comments?post=4606"}],"version-history":[{"count":2,"href":"https:\/\/drap-art.org\/es\/wp-json\/wp\/v2\/pages\/4606\/revisions"}],"predecessor-version":[{"id":10049,"href":"https:\/\/drap-art.org\/es\/wp-json\/wp\/v2\/pages\/4606\/revisions\/10049"}],"wp:attachment":[{"href":"https:\/\/drap-art.org\/es\/wp-json\/wp\/v2\/media?parent=4606"}],"curies":[{"name":"wp","href":"https:\/\/api.w.org\/{rel}","templated":true}]}}