{"id":5360,"date":"2024-06-28T13:13:26","date_gmt":"2024-06-28T11:13:26","guid":{"rendered":"https:\/\/drap-art.org\/performances-i-espectacles\/"},"modified":"2025-02-14T18:18:05","modified_gmt":"2025-02-14T16:18:05","slug":"performances-y-espectaculos","status":"publish","type":"page","link":"https:\/\/drap-art.org\/es\/quienes-somos\/que-hacemos\/performances-y-espectaculos\/","title":{"rendered":"Performances y espectaculos"},"content":{"rendered":"<h4>Asociaci\u00f3n Drap-Art<\/h4>\n<h1>Hacemos performances y espectaculos<\/h1>\n<div>\n<p>Drap-Art trabaja con una serie de artistas y performers originales que incorporan la sostenibilidad en sus espect\u00e1culos y acciones, ya sea mediante el uso de instrumentos y vestuarios hechos con materiales reciclados o a trav\u00e9s de su enfoque tem\u00e1tico.<\/p>\n<\/div>\n<h1>Aspectos Clave<\/h1>\n<div>\n<ul>\n<li>Interactivos<\/li>\n<li>Socialmente inclusivos<\/li>\n<li>Educativos<\/li>\n<li>Inspiradores<\/li>\n<li>Invitan a seguirlos<\/li>\n<li>Facilitan el cambio de h\u00e1bitos<\/li>\n<li>Transmiten valores<\/li>\n<li>Tocan nuestra fibra<\/li>\n<li>Estimulan la empat\u00eda y el hermanamiento<\/li>\n<\/ul>\n<\/div>\n<ul>\n<li>\n<p>        <img decoding=\"async\" src=\"\/wp-content\/uploads\/2024\/06\/cb_Concierto-La-Maga_plaza-del-Rey_0396-1-1024x683-1.jpg\" alt=\"\"><\/p>\n<h3>cb_Concierto-La-Maga_plaza-del-Rey_0396-1-1024&#215;683<\/h3>\n<\/li>\n<li>\n<p>        <img decoding=\"async\" src=\"\/wp-content\/uploads\/2016\/11\/drapart-2016-05-2000x500-1.jpg\" alt=\"\"><\/p>\n<h3>drapart-2016-05-2000&#215;500<\/h3>\n<\/li>\n<\/ul>\n<p><!--more--><br \/>\n<!-- {\"type\":\"layout\",\"children\":[{\"type\":\"section\",\"props\":{\"height\":\"viewport\",\"height_viewport\":50,\"image\":\"wp-content\\\/uploads\\\/2024\\\/10\\\/drap-art-performances-espectacles-hero.jpg\",\"image_effect\":\"parallax\",\"image_parallax_bgy\":\"0 0%,-120 100%\",\"image_position\":\"center-center\",\"image_size\":\"cover\",\"media_overlay\":\"rgba(0, 0, 0, 0.33)\",\"style\":\"default\",\"text_color\":\"light\",\"title\":\"fem festivals\",\"title_breakpoint\":\"xl\",\"title_position\":\"top-left\",\"title_rotation\":\"left\",\"vertical_align\":\"middle\",\"width\":\"default\"},\"children\":[{\"type\":\"row\",\"children\":[{\"type\":\"column\",\"props\":{\"image_position\":\"center-center\",\"position_sticky_breakpoint\":\"m\"},\"children\":[{\"type\":\"headline\",\"props\":{\"text_align\":\"center\",\"title_element\":\"h1\",\"title_style\":\"heading-medium\"},\"source_extended\":{\"props\":{\"content\":{\"filters\":{\"search\":\"\"},\"name\":\"title\",\"query\":{\"name\":\"pages.singlePage\"}}}},\"source\":[]}]}]}]},{\"type\":\"section\",\"props\":{\"image_position\":\"center-center\",\"style\":\"default\",\"title_breakpoint\":\"xl\",\"title_position\":\"top-left\",\"title_rotation\":\"left\",\"vertical_align\":\"middle\",\"width\":\"default\"},\"children\":[{\"type\":\"row\",\"children\":[{\"type\":\"column\",\"props\":{\"image_position\":\"center-center\",\"position_sticky_breakpoint\":\"m\"},\"children\":[{\"type\":\"headline\",\"props\":{\"content\":\"Asociaci\\u00f3n Drap-Art\",\"margin_remove_bottom\":true,\"title_element\":\"h4\"}},{\"type\":\"headline\",\"props\":{\"content\":\"Hacemos performances y espectaculos\",\"margin_remove_top\":true,\"title_decoration\":\"line\",\"title_element\":\"h1\"}}]}]},{\"type\":\"row\",\"props\":{\"column_gap\":\"large\",\"layout\":\"1-2,1-2\"},\"children\":[{\"type\":\"column\",\"props\":{\"image_position\":\"center-center\",\"position_sticky_breakpoint\":\"m\",\"width_medium\":\"1-2\"},\"children\":[{\"type\":\"text\",\"props\":{\"column_breakpoint\":\"m\",\"content\":\"\n\n<p>Drap-Art trabaja con una serie de artistas y performers originales que incorporan la sostenibilidad en sus espect\\u00e1culos y acciones, ya sea mediante el uso de instrumentos y vestuarios hechos con materiales reciclados o a trav\\u00e9s de su enfoque tem\\u00e1tico.<\\\/p>\",\"margin\":\"default\"}}]},{\"type\":\"column\",\"props\":{\"image_position\":\"center-center\",\"position_sticky_breakpoint\":\"m\",\"width_medium\":\"1-2\"}}]}]},{\"type\":\"section\",\"props\":{\"image_position\":\"center-center\",\"style\":\"secondary\",\"title_breakpoint\":\"xl\",\"title_position\":\"top-left\",\"title_rotation\":\"left\",\"vertical_align\":\"middle\",\"width\":\"default\"},\"children\":[{\"type\":\"row\",\"children\":[{\"type\":\"column\",\"props\":{\"image_position\":\"center-center\",\"position_sticky_breakpoint\":\"m\"},\"children\":[{\"type\":\"headline\",\"props\":{\"content\":\"Aspectos Clave\",\"title_element\":\"h1\"}},{\"type\":\"text\",\"props\":{\"column\":\"1-3\",\"column_breakpoint\":\"m\",\"content\":\"\n\n<ul>\\n\n\n<li>Interactivos<\\\/li>\\n\n\n<li>Socialmente inclusivos<\\\/li>\\n\n\n<li>Educativos<\\\/li>\\n\n\n<li>Inspiradores<\\\/li>\\n\n\n<li>Invitan a seguirlos<\\\/li>\\n\n\n<li>Facilitan el cambio de h\\u00e1bitos<\\\/li>\\n\n\n<li>Transmiten valores<\\\/li>\\n\n\n<li>Tocan nuestra fibra<\\\/li>\\n\n\n<li>Estimulan la empat\\u00eda y el hermanamiento<\\\/li>\\n<\\\/ul>\",\"margin\":\"default\"}}]}]}]},{\"type\":\"section\",\"props\":{\"image_position\":\"center-center\",\"style\":\"default\",\"title_breakpoint\":\"xl\",\"title_position\":\"top-left\",\"title_rotation\":\"left\",\"vertical_align\":\"middle\",\"width\":\"default\"},\"children\":[{\"type\":\"row\",\"children\":[{\"type\":\"column\",\"props\":{\"image_position\":\"center-center\",\"position_sticky_breakpoint\":\"m\"},\"children\":[{\"type\":\"gallery\",\"props\":{\"filter_align\":\"left\",\"filter_all\":true,\"filter_grid_breakpoint\":\"m\",\"filter_grid_width\":\"auto\",\"filter_position\":\"top\",\"filter_style\":\"tab\",\"grid_default\":\"1\",\"grid_medium\":\"2\",\"image_height\":\"470\",\"image_width\":\"720\",\"item_animation\":true,\"lightbox\":true,\"link_style\":\"default\",\"link_text\":\"\",\"margin\":\"default\",\"meta_align\":\"below-title\",\"meta_element\":\"div\",\"meta_style\":\"text-meta\",\"overlay_hover\":true,\"overlay_link\":true,\"overlay_mode\":\"cover\",\"overlay_position\":\"center\",\"overlay_style\":\"overlay-default\",\"overlay_transition\":\"fade\",\"show_content\":true,\"show_hover_image\":true,\"show_hover_video\":true,\"show_link\":true,\"show_meta\":true,\"show_title\":false,\"text_align\":\"center\",\"text_color\":\"light\",\"title_element\":\"h3\",\"title_hover_style\":\"reset\"},\"children\":[{\"type\":\"gallery_item\",\"props\":{\"image\":\"wp-content\\\/uploads\\\/2024\\\/06\\\/cb_Concierto-La-Maga_plaza-del-Rey_0396-1-1024x683-1.jpg\",\"title\":\"cb_Concierto-La-Maga_plaza-del-Rey_0396-1-1024x683\"}},{\"type\":\"gallery_item\",\"props\":{\"image\":\"wp-content\\\/uploads\\\/2016\\\/11\\\/drapart-2016-05-2000x500-1.jpg\",\"title\":\"drapart-2016-05-2000x500\"}}]}]}]}]}],\"version\":\"4.4.20\",\"yooessentialsVersion\":\"2.2.32\"} --><\/p>\n","protected":false},"excerpt":{"rendered":"<p>Asociaci\u00f3n Drap-Art Hacemos performances y espectaculos Drap-Art trabaja con una serie de artistas y performers originales que incorporan la sostenibilidad en sus espect\u00e1culos y acciones, ya sea mediante el uso [&hellip;]<\/p>\n","protected":false},"author":2,"featured_media":5148,"parent":5370,"menu_order":0,"comment_status":"closed","ping_status":"closed","template":"","meta":{"footnotes":""},"class_list":["post-5360","page","type-page","status-publish","has-post-thumbnail","hentry"],"acf":[],"yoast_head":"<!-- This site is optimized with the Yoast SEO plugin v27.4 - https:\/\/yoast.com\/product\/yoast-seo-wordpress\/ -->\n<title>Performances y espectaculos - Drap-Art<\/title>\n<meta name=\"robots\" content=\"index, follow, max-snippet:-1, max-image-preview:large, max-video-preview:-1\" \/>\n<link rel=\"canonical\" href=\"https:\/\/drap-art.org\/es\/quienes-somos\/que-hacemos\/performances-y-espectaculos\/\" \/>\n<!-- \/ Yoast SEO plugin. -->","yoast_head_json":{"title":"Performances y espectaculos - Drap-Art","robots":{"index":"index","follow":"follow","max-snippet":"max-snippet:-1","max-image-preview":"max-image-preview:large","max-video-preview":"max-video-preview:-1"},"canonical":"https:\/\/drap-art.org\/es\/quienes-somos\/que-hacemos\/performances-y-espectaculos\/","schema":{"@context":"https:\/\/schema.org","@graph":[{"@type":"WebPage","@id":"https:\/\/drap-art.org\/es\/quienes-somos\/que-hacemos\/performances-y-espectaculos\/","url":"https:\/\/drap-art.org\/es\/quienes-somos\/que-hacemos\/performances-y-espectaculos\/","name":"Performances y espectaculos - Drap-Art","isPartOf":{"@id":"https:\/\/drap-art.org\/#website"},"primaryImageOfPage":{"@id":"https:\/\/drap-art.org\/es\/quienes-somos\/que-hacemos\/performances-y-espectaculos\/#primaryimage"},"image":{"@id":"https:\/\/drap-art.org\/es\/quienes-somos\/que-hacemos\/performances-y-espectaculos\/#primaryimage"},"thumbnailUrl":"https:\/\/drap-art.org\/wp-content\/uploads\/2024\/10\/drap-art-performances-i-espectacles.jpg","datePublished":"2024-06-28T11:13:26+00:00","dateModified":"2025-02-14T16:18:05+00:00","breadcrumb":{"@id":"https:\/\/drap-art.org\/es\/quienes-somos\/que-hacemos\/performances-y-espectaculos\/#breadcrumb"},"inLanguage":"es","potentialAction":[{"@type":"ReadAction","target":["https:\/\/drap-art.org\/es\/quienes-somos\/que-hacemos\/performances-y-espectaculos\/"]}]},{"@type":"ImageObject","inLanguage":"es","@id":"https:\/\/drap-art.org\/es\/quienes-somos\/que-hacemos\/performances-y-espectaculos\/#primaryimage","url":"https:\/\/drap-art.org\/wp-content\/uploads\/2024\/10\/drap-art-performances-i-espectacles.jpg","contentUrl":"https:\/\/drap-art.org\/wp-content\/uploads\/2024\/10\/drap-art-performances-i-espectacles.jpg","width":1708,"height":1708},{"@type":"BreadcrumbList","@id":"https:\/\/drap-art.org\/es\/quienes-somos\/que-hacemos\/performances-y-espectaculos\/#breadcrumb","itemListElement":[{"@type":"ListItem","position":1,"name":"Home","item":"https:\/\/drap-art.org\/es\/"},{"@type":"ListItem","position":2,"name":"Qui\u00e9nes somos","item":"https:\/\/drap-art.org\/es\/quienes-somos\/"},{"@type":"ListItem","position":3,"name":"Qu\u00e9 hacemos","item":"https:\/\/drap-art.org\/es\/quienes-somos\/que-hacemos\/"},{"@type":"ListItem","position":4,"name":"Performances y espectaculos"}]},{"@type":"WebSite","@id":"https:\/\/drap-art.org\/#website","url":"https:\/\/drap-art.org\/","name":"Drap-Art","description":"Festival Internacional de Arte y Sostenibilidad","publisher":{"@id":"https:\/\/drap-art.org\/#organization"},"potentialAction":[{"@type":"SearchAction","target":{"@type":"EntryPoint","urlTemplate":"https:\/\/drap-art.org\/?s={search_term_string}"},"query-input":{"@type":"PropertyValueSpecification","valueRequired":true,"valueName":"search_term_string"}}],"inLanguage":"es"},{"@type":"Organization","@id":"https:\/\/drap-art.org\/#organization","name":"Associaci\u00f3 Drap-Art","url":"https:\/\/drap-art.org\/","logo":{"@type":"ImageObject","inLanguage":"es","@id":"https:\/\/drap-art.org\/#\/schema\/logo\/image\/","url":"https:\/\/drap-art.org\/wp-content\/uploads\/2024\/10\/logo-drapart-24.png","contentUrl":"https:\/\/drap-art.org\/wp-content\/uploads\/2024\/10\/logo-drapart-24.png","width":2157,"height":1929,"caption":"Associaci\u00f3 Drap-Art"},"image":{"@id":"https:\/\/drap-art.org\/#\/schema\/logo\/image\/"},"sameAs":["https:\/\/www.facebook.com\/drapart\/","https:\/\/x.com\/DrapArt","https:\/\/www.instagram.com\/drapart_org\/","https:\/\/www.youtube.com\/channel\/UC_FGj-k0m_HgMv_aYSN5_4Q"]}]}},"_links":{"self":[{"href":"https:\/\/drap-art.org\/es\/wp-json\/wp\/v2\/pages\/5360","targetHints":{"allow":["GET"]}}],"collection":[{"href":"https:\/\/drap-art.org\/es\/wp-json\/wp\/v2\/pages"}],"about":[{"href":"https:\/\/drap-art.org\/es\/wp-json\/wp\/v2\/types\/page"}],"author":[{"embeddable":true,"href":"https:\/\/drap-art.org\/es\/wp-json\/wp\/v2\/users\/2"}],"replies":[{"embeddable":true,"href":"https:\/\/drap-art.org\/es\/wp-json\/wp\/v2\/comments?post=5360"}],"version-history":[{"count":0,"href":"https:\/\/drap-art.org\/es\/wp-json\/wp\/v2\/pages\/5360\/revisions"}],"up":[{"embeddable":true,"href":"https:\/\/drap-art.org\/es\/wp-json\/wp\/v2\/pages\/5370"}],"wp:featuredmedia":[{"embeddable":true,"href":"https:\/\/drap-art.org\/es\/wp-json\/wp\/v2\/media\/5148"}],"wp:attachment":[{"href":"https:\/\/drap-art.org\/es\/wp-json\/wp\/v2\/media?parent=5360"}],"curies":[{"name":"wp","href":"https:\/\/api.w.org\/{rel}","templated":true}]}}