{"id":5364,"date":"2024-06-28T13:13:59","date_gmt":"2024-06-28T11:13:59","guid":{"rendered":"https:\/\/drap-art.org\/venda-i-lloguer-dart\/"},"modified":"2025-02-14T18:21:56","modified_gmt":"2025-02-14T16:21:56","slug":"venta-y-alquiler-de-art","status":"publish","type":"page","link":"https:\/\/drap-art.org\/es\/quienes-somos\/que-hacemos\/venta-y-alquiler-de-art\/","title":{"rendered":"Venta y alquiler de arte"},"content":{"rendered":"<h4>Asociaci\u00f3n Drap-Art<\/h4>\n<h1>Hacemos Venta y alquiler de arte<\/h1>\n<div>\n<p>Al alquilar o comprar obras de arte creadas por nuestros artistas, no solo decoras un espacio, sino que tambi\u00e9n contribuyes a crear conciencia sobre los problemas ambientales y sociales.\u00a0Creas una atm\u00f3sfera especial en la que los materiales vintage se combinan de manera original e innovadora para dise\u00f1ar interiores \u00fanicos y contribuir a un cambio hacia un entorno m\u00e1s sostenible.<\/p>\n<\/div>\n<h1>Aspectes Claus<\/h1>\n<div>\n<ul>\n<li>Decoren un espai<\/li>\n<li>Posen l&#8217;art en la teva vida<\/li>\n<li>Conviden a la contemplaci\u00f3<\/li>\n<li>Estimulen la reflexi\u00f3<\/li>\n<li>Creen un ambient especial<\/li>\n<li>Son icones d&#8217;una manera de pensar<\/li>\n<li>Ens recorden la urg\u00e8ncia de canviar d&#8217;h\u00e0bits<\/li>\n<li>Fan els espais c\u00e0lids i acollidors<\/li>\n<li>Contribueixen a la creaci\u00f3 d&#8217;un m\u00f3n millor<\/li>\n<\/ul>\n<\/div>\n<ul>\n<li>\n<p>        <img decoding=\"async\" src=\"\/wp-content\/uploads\/2024\/06\/cb_Concierto-La-Maga_plaza-del-Rey_0396-1-1024x683-1.jpg\" alt=\"\"><\/p>\n<h3>cb_Concierto-La-Maga_plaza-del-Rey_0396-1-1024&#215;683<\/h3>\n<\/li>\n<li>\n<p>        <img decoding=\"async\" src=\"\/wp-content\/uploads\/2016\/11\/drapart-2016-05-2000x500-1.jpg\" alt=\"\"><\/p>\n<h3>drapart-2016-05-2000&#215;500<\/h3>\n<\/li>\n<\/ul>\n<p><!--more--><br \/>\n<!-- {\"type\":\"layout\",\"children\":[{\"type\":\"section\",\"props\":{\"height\":\"viewport\",\"height_viewport\":50,\"image\":\"wp-content\\\/uploads\\\/2024\\\/10\\\/drap-art-venda-illoguerd-art-hero.jpg\",\"image_effect\":\"parallax\",\"image_parallax_bgy\":\"0 0%,-120 100%\",\"image_position\":\"center-center\",\"image_size\":\"cover\",\"media_overlay\":\"rgba(0, 0, 0, 0.33)\",\"style\":\"default\",\"text_color\":\"light\",\"title\":\"fem venda i lloguer d'art\",\"title_breakpoint\":\"xl\",\"title_position\":\"top-left\",\"title_rotation\":\"left\",\"vertical_align\":\"middle\",\"width\":\"default\"},\"children\":[{\"type\":\"row\",\"children\":[{\"type\":\"column\",\"props\":{\"image_position\":\"center-center\",\"position_sticky_breakpoint\":\"m\"},\"children\":[{\"type\":\"headline\",\"props\":{\"text_align\":\"center\",\"title_element\":\"h1\",\"title_style\":\"heading-medium\"},\"source_extended\":{\"props\":{\"content\":{\"filters\":{\"search\":\"\"},\"name\":\"title\",\"query\":{\"name\":\"pages.singlePage\"}}}},\"source\":[]}]}]}]},{\"type\":\"section\",\"props\":{\"image_position\":\"center-center\",\"style\":\"default\",\"title_breakpoint\":\"xl\",\"title_position\":\"top-left\",\"title_rotation\":\"left\",\"vertical_align\":\"middle\",\"width\":\"default\"},\"children\":[{\"type\":\"row\",\"children\":[{\"type\":\"column\",\"props\":{\"image_position\":\"center-center\",\"position_sticky_breakpoint\":\"m\"},\"children\":[{\"type\":\"headline\",\"props\":{\"content\":\"Asociaci\\u00f3n Drap-Art\",\"margin_remove_bottom\":true,\"title_element\":\"h4\"}},{\"type\":\"headline\",\"props\":{\"content\":\"Hacemos Venta y alquiler de arte\",\"margin_remove_top\":true,\"title_decoration\":\"line\",\"title_element\":\"h1\"}}]}]},{\"type\":\"row\",\"props\":{\"column_gap\":\"large\",\"layout\":\"1-2,1-2\"},\"children\":[{\"type\":\"column\",\"props\":{\"image_position\":\"center-center\",\"position_sticky_breakpoint\":\"m\",\"width_medium\":\"1-2\"},\"children\":[{\"type\":\"text\",\"props\":{\"column_breakpoint\":\"m\",\"content\":\"\n\n<p>Al alquilar o comprar obras de arte creadas por nuestros artistas, no solo decoras un espacio, sino que tambi\\u00e9n contribuyes a crear conciencia sobre los problemas ambientales y sociales.\\u00a0Creas una atm\\u00f3sfera especial en la que los materiales vintage se combinan de manera original e innovadora para dise\\u00f1ar interiores \\u00fanicos y contribuir a un cambio hacia un entorno m\\u00e1s sostenible.<\\\/p>\",\"margin\":\"default\"}}]},{\"type\":\"column\",\"props\":{\"image_position\":\"center-center\",\"position_sticky_breakpoint\":\"m\",\"width_medium\":\"1-2\"}}]}]},{\"type\":\"section\",\"props\":{\"image_position\":\"center-center\",\"style\":\"secondary\",\"title_breakpoint\":\"xl\",\"title_position\":\"top-left\",\"title_rotation\":\"left\",\"vertical_align\":\"middle\",\"width\":\"default\"},\"children\":[{\"type\":\"row\",\"children\":[{\"type\":\"column\",\"props\":{\"image_position\":\"center-center\",\"position_sticky_breakpoint\":\"m\"},\"children\":[{\"type\":\"headline\",\"props\":{\"content\":\"Aspectes Claus\",\"title_element\":\"h1\"}},{\"type\":\"text\",\"props\":{\"column\":\"1-3\",\"column_breakpoint\":\"m\",\"content\":\"\n\n<ul>\\n\n\n<li>Decoren un espai<\\\/li>\\n\n\n<li>Posen l'art en la teva vida<\\\/li>\\n\n\n<li>Conviden a la contemplaci\\u00f3<\\\/li>\\n\n\n<li>Estimulen la reflexi\\u00f3<\\\/li>\\n\n\n<li>Creen un ambient especial<\\\/li>\\n\n\n<li>Son icones d'una manera de pensar<\\\/li>\\n\n\n<li>Ens recorden la urg\\u00e8ncia de canviar d'h\\u00e0bits<\\\/li>\\n\n\n<li>Fan els espais c\\u00e0lids i acollidors<\\\/li>\\n\n\n<li>Contribueixen a la creaci\\u00f3 d'un m\\u00f3n millor<\\\/li>\\n<\\\/ul>\",\"margin\":\"default\"}}]}]}]},{\"type\":\"section\",\"props\":{\"image_position\":\"center-center\",\"style\":\"default\",\"title_breakpoint\":\"xl\",\"title_position\":\"top-left\",\"title_rotation\":\"left\",\"vertical_align\":\"middle\",\"width\":\"default\"},\"children\":[{\"type\":\"row\",\"children\":[{\"type\":\"column\",\"props\":{\"image_position\":\"center-center\",\"position_sticky_breakpoint\":\"m\"},\"children\":[{\"type\":\"gallery\",\"props\":{\"filter_align\":\"left\",\"filter_all\":true,\"filter_grid_breakpoint\":\"m\",\"filter_grid_width\":\"auto\",\"filter_position\":\"top\",\"filter_style\":\"tab\",\"grid_default\":\"1\",\"grid_medium\":\"2\",\"image_height\":\"470\",\"image_width\":\"720\",\"item_animation\":true,\"lightbox\":true,\"link_style\":\"default\",\"link_text\":\"\",\"margin\":\"default\",\"meta_align\":\"below-title\",\"meta_element\":\"div\",\"meta_style\":\"text-meta\",\"overlay_hover\":true,\"overlay_link\":true,\"overlay_mode\":\"cover\",\"overlay_position\":\"center\",\"overlay_style\":\"overlay-default\",\"overlay_transition\":\"fade\",\"show_content\":true,\"show_hover_image\":true,\"show_hover_video\":true,\"show_link\":true,\"show_meta\":true,\"show_title\":false,\"text_align\":\"center\",\"text_color\":\"light\",\"title_element\":\"h3\",\"title_hover_style\":\"reset\"},\"children\":[{\"type\":\"gallery_item\",\"props\":{\"image\":\"wp-content\\\/uploads\\\/2024\\\/06\\\/cb_Concierto-La-Maga_plaza-del-Rey_0396-1-1024x683-1.jpg\",\"title\":\"cb_Concierto-La-Maga_plaza-del-Rey_0396-1-1024x683\"}},{\"type\":\"gallery_item\",\"props\":{\"image\":\"wp-content\\\/uploads\\\/2016\\\/11\\\/drapart-2016-05-2000x500-1.jpg\",\"title\":\"drapart-2016-05-2000x500\"}}]}]}]}]}],\"version\":\"4.4.20\",\"yooessentialsVersion\":\"2.2.32\"} --><\/p>\n","protected":false},"excerpt":{"rendered":"<p>Asociaci\u00f3n Drap-Art Hacemos Venta y alquiler de arte Al alquilar o comprar obras de arte creadas por nuestros artistas, no solo decoras un espacio, sino que tambi\u00e9n contribuyes a crear [&hellip;]<\/p>\n","protected":false},"author":2,"featured_media":5142,"parent":5370,"menu_order":0,"comment_status":"closed","ping_status":"closed","template":"","meta":{"footnotes":""},"class_list":["post-5364","page","type-page","status-publish","has-post-thumbnail","hentry"],"acf":[],"yoast_head":"<!-- This site is optimized with the Yoast SEO plugin v27.3 - https:\/\/yoast.com\/product\/yoast-seo-wordpress\/ -->\n<title>Venta y alquiler de arte - Drap-Art<\/title>\n<meta name=\"robots\" content=\"index, follow, max-snippet:-1, max-image-preview:large, max-video-preview:-1\" \/>\n<link rel=\"canonical\" href=\"https:\/\/drap-art.org\/es\/quienes-somos\/que-hacemos\/venta-y-alquiler-de-art\/\" \/>\n<meta name=\"twitter:label1\" content=\"Tiempo de lectura\" \/>\n\t<meta name=\"twitter:data1\" content=\"1 minuto\" \/>\n<!-- \/ Yoast SEO plugin. -->","yoast_head_json":{"title":"Venta y alquiler de arte - Drap-Art","robots":{"index":"index","follow":"follow","max-snippet":"max-snippet:-1","max-image-preview":"max-image-preview:large","max-video-preview":"max-video-preview:-1"},"canonical":"https:\/\/drap-art.org\/es\/quienes-somos\/que-hacemos\/venta-y-alquiler-de-art\/","twitter_misc":{"Tiempo de lectura":"1 minuto"},"schema":{"@context":"https:\/\/schema.org","@graph":[{"@type":"WebPage","@id":"https:\/\/drap-art.org\/es\/quienes-somos\/que-hacemos\/venta-y-alquiler-de-art\/","url":"https:\/\/drap-art.org\/es\/quienes-somos\/que-hacemos\/venta-y-alquiler-de-art\/","name":"Venta y alquiler de arte - Drap-Art","isPartOf":{"@id":"https:\/\/drap-art.org\/#website"},"primaryImageOfPage":{"@id":"https:\/\/drap-art.org\/es\/quienes-somos\/que-hacemos\/venta-y-alquiler-de-art\/#primaryimage"},"image":{"@id":"https:\/\/drap-art.org\/es\/quienes-somos\/que-hacemos\/venta-y-alquiler-de-art\/#primaryimage"},"thumbnailUrl":"https:\/\/drap-art.org\/wp-content\/uploads\/2024\/10\/drap-art-venda-lloguer-d-art.jpg","datePublished":"2024-06-28T11:13:59+00:00","dateModified":"2025-02-14T16:21:56+00:00","breadcrumb":{"@id":"https:\/\/drap-art.org\/es\/quienes-somos\/que-hacemos\/venta-y-alquiler-de-art\/#breadcrumb"},"inLanguage":"es","potentialAction":[{"@type":"ReadAction","target":["https:\/\/drap-art.org\/es\/quienes-somos\/que-hacemos\/venta-y-alquiler-de-art\/"]}]},{"@type":"ImageObject","inLanguage":"es","@id":"https:\/\/drap-art.org\/es\/quienes-somos\/que-hacemos\/venta-y-alquiler-de-art\/#primaryimage","url":"https:\/\/drap-art.org\/wp-content\/uploads\/2024\/10\/drap-art-venda-lloguer-d-art.jpg","contentUrl":"https:\/\/drap-art.org\/wp-content\/uploads\/2024\/10\/drap-art-venda-lloguer-d-art.jpg","width":800,"height":800},{"@type":"BreadcrumbList","@id":"https:\/\/drap-art.org\/es\/quienes-somos\/que-hacemos\/venta-y-alquiler-de-art\/#breadcrumb","itemListElement":[{"@type":"ListItem","position":1,"name":"Home","item":"https:\/\/drap-art.org\/"},{"@type":"ListItem","position":2,"name":"Qui\u00e9nes somos","item":"https:\/\/drap-art.org\/es\/quienes-somos\/"},{"@type":"ListItem","position":3,"name":"Qu\u00e9 hacemos","item":"https:\/\/drap-art.org\/es\/quienes-somos\/que-hacemos\/"},{"@type":"ListItem","position":4,"name":"Venta y alquiler de arte"}]},{"@type":"WebSite","@id":"https:\/\/drap-art.org\/#website","url":"https:\/\/drap-art.org\/","name":"Drap-Art","description":"Festival Internacional de Arte y Sostenibilidad","publisher":{"@id":"https:\/\/drap-art.org\/#organization"},"potentialAction":[{"@type":"SearchAction","target":{"@type":"EntryPoint","urlTemplate":"https:\/\/drap-art.org\/?s={search_term_string}"},"query-input":{"@type":"PropertyValueSpecification","valueRequired":true,"valueName":"search_term_string"}}],"inLanguage":"es"},{"@type":"Organization","@id":"https:\/\/drap-art.org\/#organization","name":"Associaci\u00f3 Drap-Art","url":"https:\/\/drap-art.org\/","logo":{"@type":"ImageObject","inLanguage":"es","@id":"https:\/\/drap-art.org\/#\/schema\/logo\/image\/","url":"https:\/\/drap-art.org\/wp-content\/uploads\/2024\/10\/logo-drapart-24.png","contentUrl":"https:\/\/drap-art.org\/wp-content\/uploads\/2024\/10\/logo-drapart-24.png","width":2157,"height":1929,"caption":"Associaci\u00f3 Drap-Art"},"image":{"@id":"https:\/\/drap-art.org\/#\/schema\/logo\/image\/"},"sameAs":["https:\/\/www.facebook.com\/drapart\/","https:\/\/x.com\/DrapArt","https:\/\/www.instagram.com\/drapart_org\/","https:\/\/www.youtube.com\/channel\/UC_FGj-k0m_HgMv_aYSN5_4Q"]}]}},"_links":{"self":[{"href":"https:\/\/drap-art.org\/es\/wp-json\/wp\/v2\/pages\/5364","targetHints":{"allow":["GET"]}}],"collection":[{"href":"https:\/\/drap-art.org\/es\/wp-json\/wp\/v2\/pages"}],"about":[{"href":"https:\/\/drap-art.org\/es\/wp-json\/wp\/v2\/types\/page"}],"author":[{"embeddable":true,"href":"https:\/\/drap-art.org\/es\/wp-json\/wp\/v2\/users\/2"}],"replies":[{"embeddable":true,"href":"https:\/\/drap-art.org\/es\/wp-json\/wp\/v2\/comments?post=5364"}],"version-history":[{"count":0,"href":"https:\/\/drap-art.org\/es\/wp-json\/wp\/v2\/pages\/5364\/revisions"}],"up":[{"embeddable":true,"href":"https:\/\/drap-art.org\/es\/wp-json\/wp\/v2\/pages\/5370"}],"wp:featuredmedia":[{"embeddable":true,"href":"https:\/\/drap-art.org\/es\/wp-json\/wp\/v2\/media\/5142"}],"wp:attachment":[{"href":"https:\/\/drap-art.org\/es\/wp-json\/wp\/v2\/media?parent=5364"}],"curies":[{"name":"wp","href":"https:\/\/api.w.org\/{rel}","templated":true}]}}