{"id":5366,"date":"2024-04-22T15:37:37","date_gmt":"2024-04-22T13:37:37","guid":{"rendered":"https:\/\/drap-art.org\/qui-som\/"},"modified":"2025-05-22T13:05:24","modified_gmt":"2025-05-22T11:05:24","slug":"quienes-somos","status":"publish","type":"page","link":"https:\/\/drap-art.org\/es\/quienes-somos\/","title":{"rendered":"Qui\u00e9nes somos"},"content":{"rendered":"<h1>Nada desaparece, todo se transforma<\/h1>\n<div>\n<p data-start=\"0\" data-end=\"315\">Somos una asociaci\u00f3n de artistas, gestores culturales y personas creativas de diversas disciplinas que hemos creado Drap-Art con el objetivo de hacer visibles, a trav\u00e9s del arte, los desastres ecol\u00f3gicos ocasionados por nuestra sociedad de consumo actual y de proponer estilos de vida alternativos, m\u00e1s sostenibles.<\/p>\n<p data-start=\"317\" data-end=\"512\">Drap-Art nace en 1995, en Barcelona, como una plataforma para artistas que recuperan el concepto del objet trouv\u00e9 y lo sit\u00faan en el contexto de una reflexi\u00f3n sobre su entorno y sus problem\u00e1ticas.<\/p>\n<p data-start=\"514\" data-end=\"856\">Drap-Art ha estado presente en m\u00e1s de 16 pa\u00edses y, en sus 29 a\u00f1os de actividad, el proyecto se ha extendido a las Am\u00e9ricas, con actividades habituales en Barcelona, Montevideo y Pittsburgh, y desde 2017 tambi\u00e9n en Buenos Aires, difundiendo el trabajo de m\u00e1s de 780 artistas y realizando actividades de sensibilizaci\u00f3n para todos los p\u00fablicos.<\/p>\n<p data-start=\"858\" data-end=\"1136\">Drap-Art se ha convertido en una red del emergente sector de artistas, dise\u00f1adores, artesanos y otros profesionales creativos catalanes que trabajan con objetos reutilizados, fomentando el intercambio con artistas de otras partes del Estado espa\u00f1ol, Europa y el resto del mundo.<\/p>\n<p data-start=\"1138\" data-end=\"1658\">Desde estas premisas, funciona, por un lado, como un trampol\u00edn para j\u00f3venes artistas hacia el mundo profesional del arte, creando oportunidades laborales y fomentando el intercambio con artistas experimentados. Por otro lado, act\u00faa como una campa\u00f1a de sensibilizaci\u00f3n que amplifica y difunde las reflexiones de sus artistas en torno a cuestiones medioambientales y sociales, invitando al p\u00fablico a consumir de manera m\u00e1s responsable, cambiar h\u00e1bitos y respetar el lema de las tres erres (reducir, reutilizar y reciclar).<\/p>\n<p data-start=\"1660\" data-end=\"2033\" data-is-last-node=\"\">La filosof\u00eda de Drap-Art se est\u00e1 extendiendo a otros \u00e1mbitos de la acci\u00f3n social y cultural como premisa para sobrevivir en la actual \u00e9poca de crisis econ\u00f3mica, social y medioambiental, promoviendo el arte como una herramienta de experimentaci\u00f3n y transformaci\u00f3n. Los h\u00e1bitos de usar y tirar deben redirigirse hacia la conciencia de que nada desaparece, todo se transforma.<\/p>\n<\/div>\n<p><img decoding=\"async\" src=\"\/wp-content\/uploads\/2024\/10\/Jana-Alvarez-Sidecar_Girl-Upcycling.jpg\" alt=\"\"><\/p>\n<h1>Misi\u00f3n<\/h1>\n<div>\n<p>La misi\u00f3n de Drap-Art es ofrecer una plataforma para artistas que trabajan con conceptos como la sostenibilidad, la reutilizaci\u00f3n y el uso m\u00e1s eficiente de los recursos a trav\u00e9s de festivales, exposiciones, talleres, eventos y espacios de debate, con el objetivo de educar y entretener sobre temas ambientales y sociales a trav\u00e9s de la creatividad y el arte.<\/p>\n<p>Adem\u00e1s, busca generar un impacto positivo en las generaciones m\u00e1s j\u00f3venes, en artistas sostenibles y en personas interesadas en llevar a cabo acciones que contribuyan a crear conciencia sobre los problemas ambientales y las problem\u00e1ticas sociales.<\/p>\n<\/div>\n<p><img decoding=\"async\" src=\"\/wp-content\/uploads\/2024\/10\/drap-art-misio.jpg\" alt=\"\"><\/p>\n<h1>Visi\u00f3n<\/h1>\n<div>\n<p>Despertar la conciencia colectiva a trav\u00e9s del arte y la creatividad, ofreciendo un punto de referencia en la lucha a favor del medioambiente y la inclusi\u00f3n social. Dar a conocer soluciones positivas para un mundo m\u00e1s sostenible social, ambiental y econ\u00f3micamente. Contribuir al cambio del h\u00e1bito de comprar y tirar hacia h\u00e1bitos de cuidado, asumiendo la responsabilidad sobre el consumo y los residuos, fomentando la reducci\u00f3n, la reutilizaci\u00f3n y el reciclaje.<\/p>\n<\/div>\n<p><img decoding=\"async\" src=\"\/wp-content\/uploads\/2024\/10\/drap-art-visio.jpg\" alt=\"\"><\/p>\n<h1>Objectivos<\/h1>\n<div>\n<ul>\n<li>\n<p data-start=\"0\" data-end=\"211\">Promover el emergente sector de artistas que trabajan con materiales descartados, utilizando el reciclaje creativo como una herramienta para apoyar la transformaci\u00f3n en el arte, el medioambiente y la sociedad.<\/p>\n<\/li>\n<li>\n<p data-start=\"0\" data-end=\"211\">Liderar una red para el reconocimiento de artistas y emprendedores que tienen en cuenta el concepto de las 3R: reducir, reutilizar y reciclar.<\/p>\n<\/li>\n<li>\n<p data-start=\"0\" data-end=\"211\">Incorporar los temas fundamentales del desarrollo sostenible, como el cambio clim\u00e1tico, el consumo sostenible, la reutilizaci\u00f3n y la prevenci\u00f3n de residuos, en la educaci\u00f3n, la ense\u00f1anza y el aprendizaje mediante la experimentaci\u00f3n art\u00edstica.<\/p>\n<\/li>\n<li>\n<p data-start=\"0\" data-end=\"211\">Concebir m\u00e9todos participativos a trav\u00e9s del arte orientados a distintos sectores sociales, que les otorguen autonom\u00eda para cambiar su comportamiento y facilitar la adopci\u00f3n de medidas a favor del desarrollo sostenible.<\/p>\n<\/li>\n<li>\n<p data-start=\"0\" data-end=\"211\">Brindar una oportunidad a las obras de artistas que reutilizan materiales descartados, evitando que acaben en el vertedero y fomentando una nueva industria cultural creativa, verde y circular.<\/p>\n<\/li>\n<\/ul>\n<\/div>\n<p><img decoding=\"async\" src=\"\/wp-content\/uploads\/2024\/10\/drap-art-objectius.jpg\" alt=\"\"><\/p>\n<h2>Nada desaparece, todo se transforma<\/h2>\n<p><!--more--><br \/>\n<!-- {\"type\":\"layout\",\"children\":[{\"type\":\"section\",\"props\":{\"image_position\":\"center-center\",\"style\":\"default\",\"title_breakpoint\":\"xl\",\"title_position\":\"top-left\",\"title_rotation\":\"left\",\"vertical_align\":\"middle\",\"width\":\"default\"},\"children\":[{\"type\":\"row\",\"children\":[{\"type\":\"column\",\"props\":{\"image_position\":\"center-center\",\"position_sticky_breakpoint\":\"m\"},\"children\":[{\"type\":\"headline\",\"props\":{\"content\":\"Nada desaparece, todo se transforma\",\"title_element\":\"h1\"}}]}]}]},{\"type\":\"section\",\"props\":{\"image_position\":\"center-center\",\"style\":\"muted\",\"title_breakpoint\":\"xl\",\"title_position\":\"top-left\",\"title_rotation\":\"left\",\"vertical_align\":\"middle\",\"width\":\"default\"},\"children\":[{\"type\":\"row\",\"props\":{\"layout\":\"1-2,1-2\"},\"children\":[{\"type\":\"column\",\"props\":{\"image_position\":\"center-center\",\"position_sticky_breakpoint\":\"m\",\"width_medium\":\"1-2\"},\"children\":[{\"type\":\"headline\",\"props\":{\"title_element\":\"h1\",\"title_style\":\"h2\"},\"source_extended\":{\"props\":{\"content\":{\"filters\":{\"search\":\"\"},\"name\":\"title\",\"query\":{\"name\":\"pages.singlePage\"}}}},\"source\":{}},{\"type\":\"text\",\"props\":{\"column_breakpoint\":\"m\",\"content\":\"\n\n<p data-start=\\\"0\\\" data-end=\\\"315\\\">Somos una asociaci\\u00f3n de artistas, gestores culturales y personas creativas de diversas disciplinas que hemos creado Drap-Art con el objetivo de hacer visibles, a trav\\u00e9s del arte, los desastres ecol\\u00f3gicos ocasionados por nuestra sociedad de consumo actual y de proponer estilos de vida alternativos, m\\u00e1s sostenibles.<\\\/p>\\n\n\n<p data-start=\\\"317\\\" data-end=\\\"512\\\">Drap-Art nace en 1995, en Barcelona, como una plataforma para artistas que recuperan el concepto del objet trouv\\u00e9 y lo sit\\u00faan en el contexto de una reflexi\\u00f3n sobre su entorno y sus problem\\u00e1ticas.<\\\/p>\\n\n\n<p data-start=\\\"514\\\" data-end=\\\"856\\\">Drap-Art ha estado presente en m\\u00e1s de 16 pa\\u00edses y, en sus 29 a\\u00f1os de actividad, el proyecto se ha extendido a las Am\\u00e9ricas, con actividades habituales en Barcelona, Montevideo y Pittsburgh, y desde 2017 tambi\\u00e9n en Buenos Aires, difundiendo el trabajo de m\\u00e1s de 780 artistas y realizando actividades de sensibilizaci\\u00f3n para todos los p\\u00fablicos.<\\\/p>\\n\n\n<p data-start=\\\"858\\\" data-end=\\\"1136\\\">Drap-Art se ha convertido en una red del emergente sector de artistas, dise\\u00f1adores, artesanos y otros profesionales creativos catalanes que trabajan con objetos reutilizados, fomentando el intercambio con artistas de otras partes del Estado espa\\u00f1ol, Europa y el resto del mundo.<\\\/p>\\n\n\n<p data-start=\\\"1138\\\" data-end=\\\"1658\\\">Desde estas premisas, funciona, por un lado, como un trampol\\u00edn para j\\u00f3venes artistas hacia el mundo profesional del arte, creando oportunidades laborales y fomentando el intercambio con artistas experimentados. Por otro lado, act\\u00faa como una campa\\u00f1a de sensibilizaci\\u00f3n que amplifica y difunde las reflexiones de sus artistas en torno a cuestiones medioambientales y sociales, invitando al p\\u00fablico a consumir de manera m\\u00e1s responsable, cambiar h\\u00e1bitos y respetar el lema de las tres erres (reducir, reutilizar y reciclar).<\\\/p>\\n\n\n<p data-start=\\\"1660\\\" data-end=\\\"2033\\\" data-is-last-node=\\\"\\\">La filosof\\u00eda de Drap-Art se est\\u00e1 extendiendo a otros \\u00e1mbitos de la acci\\u00f3n social y cultural como premisa para sobrevivir en la actual \\u00e9poca de crisis econ\\u00f3mica, social y medioambiental, promoviendo el arte como una herramienta de experimentaci\\u00f3n y transformaci\\u00f3n. Los h\\u00e1bitos de usar y tirar deben redirigirse hacia la conciencia de que nada desaparece, todo se transforma.<\\\/p>\",\"margin\":\"default\"}}]},{\"type\":\"column\",\"props\":{\"image_position\":\"center-center\",\"position_sticky\":\"column\",\"position_sticky_breakpoint\":\"m\",\"position_sticky_offset\":\"90\",\"width_medium\":\"1-2\"},\"children\":[{\"type\":\"image\",\"props\":{\"image\":\"wp-content\\\/uploads\\\/2024\\\/10\\\/Jana-Alvarez-Sidecar_Girl-Upcycling.jpg\",\"image_svg_color\":\"emphasis\",\"margin\":\"default\"}}]}]}],\"name\":\"qui som\"},{\"type\":\"section\",\"props\":{\"image_position\":\"center-center\",\"style\":\"default\",\"title_breakpoint\":\"xl\",\"title_position\":\"top-left\",\"title_rotation\":\"left\",\"vertical_align\":\"middle\",\"width\":\"default\"},\"children\":[{\"type\":\"row\",\"props\":{\"layout\":\"1-2,1-2\"},\"children\":[{\"type\":\"column\",\"props\":{\"image_position\":\"center-center\",\"position_sticky_breakpoint\":\"m\",\"width_medium\":\"1-2\"},\"children\":[{\"type\":\"headline\",\"props\":{\"content\":\"Misi\\u00f3n\",\"title_element\":\"h1\",\"title_style\":\"h2\"}},{\"type\":\"text\",\"props\":{\"column_breakpoint\":\"m\",\"content\":\"\n\n<p>La misi\\u00f3n de Drap-Art es ofrecer una plataforma para artistas que trabajan con conceptos como la sostenibilidad, la reutilizaci\\u00f3n y el uso m\\u00e1s eficiente de los recursos a trav\\u00e9s de festivales, exposiciones, talleres, eventos y espacios de debate, con el objetivo de educar y entretener sobre temas ambientales y sociales a trav\\u00e9s de la creatividad y el arte.<\\\/p>\\n\n\n<p>Adem\\u00e1s, busca generar un impacto positivo en las generaciones m\\u00e1s j\\u00f3venes, en artistas sostenibles y en personas interesadas en llevar a cabo acciones que contribuyan a crear conciencia sobre los problemas ambientales y las problem\\u00e1ticas sociales.<\\\/p>\",\"margin\":\"default\"}}]},{\"type\":\"column\",\"props\":{\"image_position\":\"center-center\",\"order_first\":\"l\",\"position_sticky_breakpoint\":\"m\",\"width_medium\":\"1-2\"},\"children\":[{\"type\":\"image\",\"props\":{\"image\":\"wp-content\\\/uploads\\\/2024\\\/10\\\/drap-art-misio.jpg\",\"image_svg_color\":\"emphasis\",\"margin\":\"default\"}}]}]}],\"name\":\"Misio\"},{\"type\":\"section\",\"props\":{\"image_position\":\"center-center\",\"style\":\"default\",\"title_breakpoint\":\"xl\",\"title_position\":\"top-left\",\"title_rotation\":\"left\",\"vertical_align\":\"middle\",\"width\":\"default\"},\"children\":[{\"type\":\"row\",\"props\":{\"layout\":\"1-2,1-2\"},\"children\":[{\"type\":\"column\",\"props\":{\"image_position\":\"center-center\",\"position_sticky_breakpoint\":\"m\",\"width_medium\":\"1-2\"},\"children\":[{\"type\":\"headline\",\"props\":{\"content\":\"Visi\\u00f3n\",\"title_element\":\"h1\",\"title_style\":\"h2\"}},{\"type\":\"text\",\"props\":{\"column_breakpoint\":\"m\",\"content\":\"\n\n<p>Despertar la conciencia colectiva a trav\\u00e9s del arte y la creatividad, ofreciendo un punto de referencia en la lucha a favor del medioambiente y la inclusi\\u00f3n social. Dar a conocer soluciones positivas para un mundo m\\u00e1s sostenible social, ambiental y econ\\u00f3micamente. Contribuir al cambio del h\\u00e1bito de comprar y tirar hacia h\\u00e1bitos de cuidado, asumiendo la responsabilidad sobre el consumo y los residuos, fomentando la reducci\\u00f3n, la reutilizaci\\u00f3n y el reciclaje.<\\\/p>\",\"margin\":\"default\"}}]},{\"type\":\"column\",\"props\":{\"image_position\":\"center-center\",\"position_sticky_breakpoint\":\"m\",\"width_medium\":\"1-2\"},\"children\":[{\"type\":\"image\",\"props\":{\"image\":\"wp-content\\\/uploads\\\/2024\\\/10\\\/drap-art-visio.jpg\",\"image_svg_color\":\"emphasis\",\"margin\":\"default\"}}]}]}],\"name\":\"Visio\"},{\"type\":\"section\",\"props\":{\"image_position\":\"center-center\",\"style\":\"muted\",\"title_breakpoint\":\"xl\",\"title_position\":\"top-left\",\"title_rotation\":\"left\",\"vertical_align\":\"middle\",\"width\":\"default\"},\"children\":[{\"type\":\"row\",\"props\":{\"layout\":\"1-2,1-2\"},\"children\":[{\"type\":\"column\",\"props\":{\"image_position\":\"center-center\",\"position_sticky_breakpoint\":\"m\",\"width_medium\":\"1-2\"},\"children\":[{\"type\":\"headline\",\"props\":{\"content\":\"Objectivos\",\"title_element\":\"h1\",\"title_style\":\"h2\"}},{\"type\":\"text\",\"props\":{\"column_breakpoint\":\"m\",\"content\":\"\n\n<ul>\\n\n\n<li>\\n\n\n<p data-start=\\\"0\\\" data-end=\\\"211\\\">Promover el emergente sector de artistas que trabajan con materiales descartados, utilizando el reciclaje creativo como una herramienta para apoyar la transformaci\\u00f3n en el arte, el medioambiente y la sociedad.<\\\/p>\\n<\\\/li>\\n\n\n<li>\\n\n\n<p data-start=\\\"0\\\" data-end=\\\"211\\\">Liderar una red para el reconocimiento de artistas y emprendedores que tienen en cuenta el concepto de las 3R: reducir, reutilizar y reciclar.<\\\/p>\\n<\\\/li>\\n\n\n<li>\\n\n\n<p data-start=\\\"0\\\" data-end=\\\"211\\\">Incorporar los temas fundamentales del desarrollo sostenible, como el cambio clim\\u00e1tico, el consumo sostenible, la reutilizaci\\u00f3n y la prevenci\\u00f3n de residuos, en la educaci\\u00f3n, la ense\\u00f1anza y el aprendizaje mediante la experimentaci\\u00f3n art\\u00edstica.<\\\/p>\\n<\\\/li>\\n\n\n<li>\\n\n\n<p data-start=\\\"0\\\" data-end=\\\"211\\\">Concebir m\\u00e9todos participativos a trav\\u00e9s del arte orientados a distintos sectores sociales, que les otorguen autonom\\u00eda para cambiar su comportamiento y facilitar la adopci\\u00f3n de medidas a favor del desarrollo sostenible.<\\\/p>\\n<\\\/li>\\n\n\n<li>\\n\n\n<p data-start=\\\"0\\\" data-end=\\\"211\\\">Brindar una oportunidad a las obras de artistas que reutilizan materiales descartados, evitando que acaben en el vertedero y fomentando una nueva industria cultural creativa, verde y circular.<\\\/p>\\n<\\\/li>\\n<\\\/ul>\",\"margin\":\"default\"}}]},{\"type\":\"column\",\"props\":{\"image_position\":\"center-center\",\"position_sticky\":\"column\",\"position_sticky_breakpoint\":\"m\",\"position_sticky_offset\":\"90\",\"width_medium\":\"1-2\"},\"children\":[{\"type\":\"image\",\"props\":{\"image\":\"wp-content\\\/uploads\\\/2024\\\/10\\\/drap-art-objectius.jpg\",\"image_svg_color\":\"emphasis\",\"margin\":\"default\"}}]}]}],\"name\":\"objectius\"},{\"type\":\"section\",\"props\":{\"image_position\":\"center-center\",\"style\":\"default\",\"title_breakpoint\":\"xl\",\"title_position\":\"top-left\",\"title_rotation\":\"left\",\"vertical_align\":\"middle\",\"width\":\"default\"},\"children\":[{\"type\":\"row\",\"children\":[{\"type\":\"column\",\"props\":{\"image_position\":\"center-center\",\"position_sticky_breakpoint\":\"m\"},\"children\":[{\"type\":\"headline\",\"props\":{\"content\":\"Nada desaparece, todo se transforma\",\"title_element\":\"h2\",\"title_style\":\"h1\"}}]}]}]}],\"version\":\"4.5.5\",\"yooessentialsVersion\":\"2.3.7\"} --><\/p>\n","protected":false},"excerpt":{"rendered":"<p>Nada desaparece, todo se transforma Somos una asociaci\u00f3n de artistas, gestores culturales y personas creativas de diversas disciplinas que hemos creado Drap-Art con el objetivo de hacer visibles, a trav\u00e9s [&hellip;]<\/p>\n","protected":false},"author":1,"featured_media":0,"parent":0,"menu_order":0,"comment_status":"closed","ping_status":"closed","template":"","meta":{"footnotes":""},"class_list":["post-5366","page","type-page","status-publish","hentry"],"acf":[],"yoast_head":"<!-- This site is optimized with the Yoast SEO plugin v27.3 - https:\/\/yoast.com\/product\/yoast-seo-wordpress\/ -->\n<title>Qui\u00e9nes somos | Drap-Art \u2013 Arte sostenible y reciclaje creativo<\/title>\n<meta name=\"description\" content=\"Conoce Drap-Art, una asociaci\u00f3n de artistas y gestores culturales que promueven la sostenibilidad a trav\u00e9s del arte reciclado.\" \/>\n<meta name=\"robots\" content=\"index, follow, max-snippet:-1, max-image-preview:large, max-video-preview:-1\" \/>\n<link rel=\"canonical\" href=\"https:\/\/drap-art.org\/es\/quienes-somos\/\" \/>\n<meta name=\"twitter:label1\" content=\"Tiempo de lectura\" \/>\n\t<meta name=\"twitter:data1\" content=\"4 minutos\" \/>\n<!-- \/ Yoast SEO plugin. -->","yoast_head_json":{"title":"Qui\u00e9nes somos | Drap-Art \u2013 Arte sostenible y reciclaje creativo","description":"Conoce Drap-Art, una asociaci\u00f3n de artistas y gestores culturales que promueven la sostenibilidad a trav\u00e9s del arte reciclado.","robots":{"index":"index","follow":"follow","max-snippet":"max-snippet:-1","max-image-preview":"max-image-preview:large","max-video-preview":"max-video-preview:-1"},"canonical":"https:\/\/drap-art.org\/es\/quienes-somos\/","twitter_misc":{"Tiempo de lectura":"4 minutos"},"schema":{"@context":"https:\/\/schema.org","@graph":[{"@type":"WebPage","@id":"https:\/\/drap-art.org\/es\/quienes-somos\/","url":"https:\/\/drap-art.org\/es\/quienes-somos\/","name":"Qui\u00e9nes somos | Drap-Art \u2013 Arte sostenible y reciclaje creativo","isPartOf":{"@id":"https:\/\/drap-art.org\/#website"},"datePublished":"2024-04-22T13:37:37+00:00","dateModified":"2025-05-22T11:05:24+00:00","description":"Conoce Drap-Art, una asociaci\u00f3n de artistas y gestores culturales que promueven la sostenibilidad a trav\u00e9s del arte reciclado.","breadcrumb":{"@id":"https:\/\/drap-art.org\/es\/quienes-somos\/#breadcrumb"},"inLanguage":"es","potentialAction":[{"@type":"ReadAction","target":["https:\/\/drap-art.org\/es\/quienes-somos\/"]}]},{"@type":"BreadcrumbList","@id":"https:\/\/drap-art.org\/es\/quienes-somos\/#breadcrumb","itemListElement":[{"@type":"ListItem","position":1,"name":"Home","item":"https:\/\/drap-art.org\/"},{"@type":"ListItem","position":2,"name":"Qui\u00e9nes somos"}]},{"@type":"WebSite","@id":"https:\/\/drap-art.org\/#website","url":"https:\/\/drap-art.org\/","name":"Drap-Art","description":"Festival Internacional de Arte y Sostenibilidad","publisher":{"@id":"https:\/\/drap-art.org\/#organization"},"potentialAction":[{"@type":"SearchAction","target":{"@type":"EntryPoint","urlTemplate":"https:\/\/drap-art.org\/?s={search_term_string}"},"query-input":{"@type":"PropertyValueSpecification","valueRequired":true,"valueName":"search_term_string"}}],"inLanguage":"es"},{"@type":"Organization","@id":"https:\/\/drap-art.org\/#organization","name":"Associaci\u00f3 Drap-Art","url":"https:\/\/drap-art.org\/","logo":{"@type":"ImageObject","inLanguage":"es","@id":"https:\/\/drap-art.org\/#\/schema\/logo\/image\/","url":"https:\/\/drap-art.org\/wp-content\/uploads\/2024\/10\/logo-drapart-24.png","contentUrl":"https:\/\/drap-art.org\/wp-content\/uploads\/2024\/10\/logo-drapart-24.png","width":2157,"height":1929,"caption":"Associaci\u00f3 Drap-Art"},"image":{"@id":"https:\/\/drap-art.org\/#\/schema\/logo\/image\/"},"sameAs":["https:\/\/www.facebook.com\/drapart\/","https:\/\/x.com\/DrapArt","https:\/\/www.instagram.com\/drapart_org\/","https:\/\/www.youtube.com\/channel\/UC_FGj-k0m_HgMv_aYSN5_4Q"]}]}},"_links":{"self":[{"href":"https:\/\/drap-art.org\/es\/wp-json\/wp\/v2\/pages\/5366","targetHints":{"allow":["GET"]}}],"collection":[{"href":"https:\/\/drap-art.org\/es\/wp-json\/wp\/v2\/pages"}],"about":[{"href":"https:\/\/drap-art.org\/es\/wp-json\/wp\/v2\/types\/page"}],"author":[{"embeddable":true,"href":"https:\/\/drap-art.org\/es\/wp-json\/wp\/v2\/users\/1"}],"replies":[{"embeddable":true,"href":"https:\/\/drap-art.org\/es\/wp-json\/wp\/v2\/comments?post=5366"}],"version-history":[{"count":2,"href":"https:\/\/drap-art.org\/es\/wp-json\/wp\/v2\/pages\/5366\/revisions"}],"predecessor-version":[{"id":10092,"href":"https:\/\/drap-art.org\/es\/wp-json\/wp\/v2\/pages\/5366\/revisions\/10092"}],"wp:attachment":[{"href":"https:\/\/drap-art.org\/es\/wp-json\/wp\/v2\/media?parent=5366"}],"curies":[{"name":"wp","href":"https:\/\/api.w.org\/{rel}","templated":true}]}}