{"id":5378,"date":"2024-06-28T13:11:08","date_gmt":"2024-06-28T11:11:08","guid":{"rendered":"https:\/\/drap-art.org\/qui-som\/que-fem\/festivals\/"},"modified":"2025-02-14T18:14:35","modified_gmt":"2025-02-14T16:14:35","slug":"festivales","status":"publish","type":"page","link":"https:\/\/drap-art.org\/es\/quienes-somos\/que-hacemos\/festivales\/","title":{"rendered":"Festivales"},"content":{"rendered":"<h4>Asociaci\u00f3n Drap-Art<\/h4>\n<h1>Hacemos Festivales<\/h1>\n<div>\n<p>Los festivales ofrecen a los visitantes la oportunidad de profundizar en temas como la gesti\u00f3n de residuos, el consumismo, el cambio clim\u00e1tico, la contaminaci\u00f3n marina por micropl\u00e1sticos, el drama de las migraciones clandestinas, la desigualdad social y las cuestiones de g\u00e9nero. Al mismo tiempo, presentan posibles soluciones como el desarrollo sostenible, el consumo responsable y propuestas para cambiar h\u00e1bitos.<\/p>\n<p>Drap-Art act\u00faa como una plataforma que da visibilidad a los artistas que trabajan en el \u00e1mbito de la sostenibilidad y el desarrollo social, ofreci\u00e9ndoles un espacio para mostrar su obra, educar y concienciar sobre la necesidad urgente de encontrar alternativas innovadoras e inclusivas para todas las comunidades que forman parte de la sociedad.<\/p>\n<\/p>\n<p>Adem\u00e1s, Drap-Art estimula la creatividad y el pensamiento cr\u00edtico, conectando a personas de diferentes entornos sociales.<\/p>\n<\/div>\n<div>\n<p>Los festivales pueden mostrar una gran variedad de formas creativas de reciclar y reutilizar, y se pueden desarrollar en hasta 9 modalidades:<\/p>\n<ul>\n<li>Exposiciones colectivas<\/li>\n<li>Intervenciones en el espacio p\u00fablico<\/li>\n<li>Mercado de arte, dise\u00f1o y artesan\u00eda<\/li>\n<li>Talleres de reciclaje creativo<\/li>\n<li>Performances y espect\u00e1culos<\/li>\n<li>Audiovisuales<\/li>\n<li>Proyecciones de tem\u00e1ticas ambientales<\/li>\n<li>Conferencias y debates<\/li>\n<li>Arte en vivo<\/li>\n<\/ul>\n<\/div>\n<h1>Aspectos Clave<\/h1>\n<div>\n<ul>\n<li>Plataformas para la comunidad creativa<\/li>\n<li>Campa\u00f1as ambientales a trav\u00e9s del arte<\/li>\n<li>Arte que aborda problemas ambientales y sociales<\/li>\n<li>Creaci\u00f3n interactiva Inclusi\u00f3n social<\/li>\n<li>Educaci\u00f3n y sensibilizaci\u00f3n<\/li>\n<li>Un nuevo mercado para el arte sostenible<\/li>\n<li>Multidisciplinar, interdisciplinar, innovador<\/li>\n<li>Desarrolla nuevas soluciones<\/li>\n<\/ul>\n<\/div>\n<ul>\n<li>\n<p>        <img decoding=\"async\" src=\"\/wp-content\/uploads\/2024\/06\/cb_Concierto-La-Maga_plaza-del-Rey_0396-1-1024x683-1.jpg\" alt=\"\"><\/p>\n<h3>cb_Concierto-La-Maga_plaza-del-Rey_0396-1-1024&#215;683<\/h3>\n<\/li>\n<li>\n<p>        <img decoding=\"async\" src=\"\/wp-content\/uploads\/2016\/11\/drapart-2016-05-2000x500-1.jpg\" alt=\"\"><\/p>\n<h3>drapart-2016-05-2000&#215;500<\/h3>\n<\/li>\n<\/ul>\n<p><!--more--><br \/>\n<!-- {\"type\":\"layout\",\"children\":[{\"type\":\"section\",\"props\":{\"height\":\"viewport\",\"height_viewport\":50,\"image\":\"wp-content\\\/uploads\\\/2024\\\/10\\\/drap-art-fem-festivals-hero.jpg\",\"image_effect\":\"parallax\",\"image_parallax_bgy\":\"0 0%,-120 100%\",\"image_position\":\"center-center\",\"image_size\":\"cover\",\"media_overlay\":\"rgba(0, 0, 0, 0.33)\",\"style\":\"default\",\"text_color\":\"light\",\"title\":\"fem festivals\",\"title_breakpoint\":\"xl\",\"title_position\":\"top-left\",\"title_rotation\":\"left\",\"vertical_align\":\"middle\",\"width\":\"default\"},\"children\":[{\"type\":\"row\",\"children\":[{\"type\":\"column\",\"props\":{\"image_position\":\"center-center\",\"position_sticky_breakpoint\":\"m\"},\"children\":[{\"type\":\"headline\",\"props\":{\"text_align\":\"center\",\"title_element\":\"h1\",\"title_style\":\"heading-medium\"},\"source_extended\":{\"props\":{\"content\":{\"filters\":{\"search\":\"\"},\"name\":\"title\",\"query\":{\"name\":\"pages.singlePage\"}}}},\"source\":{}}]}]}]},{\"type\":\"section\",\"props\":{\"image_position\":\"center-center\",\"style\":\"default\",\"title_breakpoint\":\"xl\",\"title_position\":\"top-left\",\"title_rotation\":\"left\",\"vertical_align\":\"middle\",\"width\":\"default\"},\"children\":[{\"type\":\"row\",\"children\":[{\"type\":\"column\",\"props\":{\"image_position\":\"center-center\",\"position_sticky_breakpoint\":\"m\"},\"children\":[{\"type\":\"headline\",\"props\":{\"content\":\"Asociaci\\u00f3n Drap-Art\",\"margin_remove_bottom\":true,\"title_element\":\"h4\"}},{\"type\":\"headline\",\"props\":{\"content\":\"Hacemos Festivales\",\"margin_remove_top\":true,\"title_decoration\":\"line\",\"title_element\":\"h1\"}}]}]},{\"type\":\"row\",\"props\":{\"column_gap\":\"large\",\"layout\":\"1-2,1-2\"},\"children\":[{\"type\":\"column\",\"props\":{\"image_position\":\"center-center\",\"position_sticky_breakpoint\":\"m\",\"width_medium\":\"1-2\"},\"children\":[{\"type\":\"text\",\"props\":{\"column_breakpoint\":\"m\",\"content\":\"\n\n<p>Los festivales ofrecen a los visitantes la oportunidad de profundizar en temas como la gesti\\u00f3n de residuos, el consumismo, el cambio clim\\u00e1tico, la contaminaci\\u00f3n marina por micropl\\u00e1sticos, el drama de las migraciones clandestinas, la desigualdad social y las cuestiones de g\\u00e9nero. Al mismo tiempo, presentan posibles soluciones como el desarrollo sostenible, el consumo responsable y propuestas para cambiar h\\u00e1bitos.<\\\/p>\\n\n\n<p>Drap-Art act\\u00faa como una plataforma que da visibilidad a los artistas que trabajan en el \\u00e1mbito de la sostenibilidad y el desarrollo social, ofreci\\u00e9ndoles un espacio para mostrar su obra, educar y concienciar sobre la necesidad urgente de encontrar alternativas innovadoras e inclusivas para todas las comunidades que forman parte de la sociedad.<\\\/p>\\n\n\n<p><\\\/p>\\n\n\n<p>Adem\\u00e1s, Drap-Art estimula la creatividad y el pensamiento cr\\u00edtico, conectando a personas de diferentes entornos sociales.<\\\/p>\",\"margin\":\"default\"}}]},{\"type\":\"column\",\"props\":{\"image_position\":\"center-center\",\"position_sticky_breakpoint\":\"m\",\"width_medium\":\"1-2\"},\"children\":[{\"type\":\"text\",\"props\":{\"column_breakpoint\":\"m\",\"content\":\"\n\n<p>Los festivales pueden mostrar una gran variedad de formas creativas de reciclar y reutilizar, y se pueden desarrollar en hasta 9 modalidades:<\\\/p>\\n\n\n<ul>\\n\n\n<li>Exposiciones colectivas<\\\/li>\\n\n\n<li>Intervenciones en el espacio p\\u00fablico<\\\/li>\\n\n\n<li>Mercado de arte, dise\\u00f1o y artesan\\u00eda<\\\/li>\\n\n\n<li>Talleres de reciclaje creativo<\\\/li>\\n\n\n<li>Performances y espect\\u00e1culos<\\\/li>\\n\n\n<li>Audiovisuales<\\\/li>\\n\n\n<li>Proyecciones de tem\\u00e1ticas ambientales<\\\/li>\\n\n\n<li>Conferencias y debates<\\\/li>\\n\n\n<li>Arte en vivo<\\\/li>\\n<\\\/ul>\",\"margin\":\"default\"}}]}]}]},{\"type\":\"section\",\"props\":{\"image_position\":\"center-center\",\"style\":\"secondary\",\"title_breakpoint\":\"xl\",\"title_position\":\"top-left\",\"title_rotation\":\"left\",\"vertical_align\":\"middle\",\"width\":\"default\"},\"children\":[{\"type\":\"row\",\"children\":[{\"type\":\"column\",\"props\":{\"image_position\":\"center-center\",\"position_sticky_breakpoint\":\"m\"},\"children\":[{\"type\":\"headline\",\"props\":{\"content\":\"Aspectos Clave\",\"title_element\":\"h1\"}},{\"type\":\"text\",\"props\":{\"column\":\"1-3\",\"column_breakpoint\":\"m\",\"content\":\"\n\n<ul>\\n\n\n<li>Plataformas para la comunidad creativa<\\\/li>\\n\n\n<li>Campa\\u00f1as ambientales a trav\\u00e9s del arte<\\\/li>\\n\n\n<li>Arte que aborda problemas ambientales y sociales<\\\/li>\\n\n\n<li>Creaci\\u00f3n interactiva Inclusi\\u00f3n social<\\\/li>\\n\n\n<li>Educaci\\u00f3n y sensibilizaci\\u00f3n<\\\/li>\\n\n\n<li>Un nuevo mercado para el arte sostenible<\\\/li>\\n\n\n<li>Multidisciplinar, interdisciplinar, innovador<\\\/li>\\n\n\n<li>Desarrolla nuevas soluciones<\\\/li>\\n<\\\/ul>\",\"margin\":\"default\"}}]}]}]},{\"type\":\"section\",\"props\":{\"image_position\":\"center-center\",\"style\":\"default\",\"title_breakpoint\":\"xl\",\"title_position\":\"top-left\",\"title_rotation\":\"left\",\"vertical_align\":\"middle\",\"width\":\"default\"},\"children\":[{\"type\":\"row\",\"children\":[{\"type\":\"column\",\"props\":{\"image_position\":\"center-center\",\"position_sticky_breakpoint\":\"m\"},\"children\":[{\"type\":\"gallery\",\"props\":{\"filter_align\":\"left\",\"filter_all\":true,\"filter_grid_breakpoint\":\"m\",\"filter_grid_width\":\"auto\",\"filter_position\":\"top\",\"filter_style\":\"tab\",\"grid_default\":\"1\",\"grid_medium\":\"2\",\"image_height\":\"470\",\"image_width\":\"720\",\"item_animation\":true,\"lightbox\":true,\"link_style\":\"default\",\"link_text\":\"\",\"margin\":\"default\",\"meta_align\":\"below-title\",\"meta_element\":\"div\",\"meta_style\":\"text-meta\",\"overlay_hover\":true,\"overlay_link\":true,\"overlay_mode\":\"cover\",\"overlay_position\":\"center\",\"overlay_style\":\"overlay-default\",\"overlay_transition\":\"fade\",\"show_content\":true,\"show_hover_image\":true,\"show_hover_video\":true,\"show_link\":true,\"show_meta\":true,\"show_title\":false,\"text_align\":\"center\",\"text_color\":\"light\",\"title_element\":\"h3\",\"title_hover_style\":\"reset\"},\"children\":[{\"type\":\"gallery_item\",\"props\":{\"image\":\"wp-content\\\/uploads\\\/2024\\\/06\\\/cb_Concierto-La-Maga_plaza-del-Rey_0396-1-1024x683-1.jpg\",\"title\":\"cb_Concierto-La-Maga_plaza-del-Rey_0396-1-1024x683\"}},{\"type\":\"gallery_item\",\"props\":{\"image\":\"wp-content\\\/uploads\\\/2016\\\/11\\\/drapart-2016-05-2000x500-1.jpg\",\"title\":\"drapart-2016-05-2000x500\"}}]}]}]}]}],\"version\":\"4.4.20\",\"yooessentialsVersion\":\"2.2.32\"} --><\/p>\n","protected":false},"excerpt":{"rendered":"<p>Asociaci\u00f3n Drap-Art Hacemos Festivales Los festivales ofrecen a los visitantes la oportunidad de profundizar en temas como la gesti\u00f3n de residuos, el consumismo, el cambio clim\u00e1tico, la contaminaci\u00f3n marina por [&hellip;]<\/p>\n","protected":false},"author":2,"featured_media":5157,"parent":5370,"menu_order":0,"comment_status":"closed","ping_status":"closed","template":"","meta":{"footnotes":""},"class_list":["post-5378","page","type-page","status-publish","has-post-thumbnail","hentry"],"acf":[],"yoast_head":"<!-- This site is optimized with the Yoast SEO plugin v27.3 - https:\/\/yoast.com\/product\/yoast-seo-wordpress\/ -->\n<title>Festivales - Drap-Art<\/title>\n<meta name=\"robots\" content=\"index, follow, max-snippet:-1, max-image-preview:large, max-video-preview:-1\" \/>\n<link rel=\"canonical\" href=\"https:\/\/drap-art.org\/es\/quienes-somos\/que-hacemos\/festivales\/\" \/>\n<meta name=\"twitter:label1\" content=\"Tiempo de lectura\" \/>\n\t<meta name=\"twitter:data1\" content=\"1 minuto\" \/>\n<!-- \/ Yoast SEO plugin. -->","yoast_head_json":{"title":"Festivales - Drap-Art","robots":{"index":"index","follow":"follow","max-snippet":"max-snippet:-1","max-image-preview":"max-image-preview:large","max-video-preview":"max-video-preview:-1"},"canonical":"https:\/\/drap-art.org\/es\/quienes-somos\/que-hacemos\/festivales\/","twitter_misc":{"Tiempo de lectura":"1 minuto"},"schema":{"@context":"https:\/\/schema.org","@graph":[{"@type":"WebPage","@id":"https:\/\/drap-art.org\/es\/quienes-somos\/que-hacemos\/festivales\/","url":"https:\/\/drap-art.org\/es\/quienes-somos\/que-hacemos\/festivales\/","name":"Festivales - Drap-Art","isPartOf":{"@id":"https:\/\/drap-art.org\/#website"},"primaryImageOfPage":{"@id":"https:\/\/drap-art.org\/es\/quienes-somos\/que-hacemos\/festivales\/#primaryimage"},"image":{"@id":"https:\/\/drap-art.org\/es\/quienes-somos\/que-hacemos\/festivales\/#primaryimage"},"thumbnailUrl":"https:\/\/drap-art.org\/wp-content\/uploads\/2024\/10\/drap-art-festivals.jpg","datePublished":"2024-06-28T11:11:08+00:00","dateModified":"2025-02-14T16:14:35+00:00","breadcrumb":{"@id":"https:\/\/drap-art.org\/es\/quienes-somos\/que-hacemos\/festivales\/#breadcrumb"},"inLanguage":"es","potentialAction":[{"@type":"ReadAction","target":["https:\/\/drap-art.org\/es\/quienes-somos\/que-hacemos\/festivales\/"]}]},{"@type":"ImageObject","inLanguage":"es","@id":"https:\/\/drap-art.org\/es\/quienes-somos\/que-hacemos\/festivales\/#primaryimage","url":"https:\/\/drap-art.org\/wp-content\/uploads\/2024\/10\/drap-art-festivals.jpg","contentUrl":"https:\/\/drap-art.org\/wp-content\/uploads\/2024\/10\/drap-art-festivals.jpg","width":1638,"height":1638},{"@type":"BreadcrumbList","@id":"https:\/\/drap-art.org\/es\/quienes-somos\/que-hacemos\/festivales\/#breadcrumb","itemListElement":[{"@type":"ListItem","position":1,"name":"Home","item":"https:\/\/drap-art.org\/"},{"@type":"ListItem","position":2,"name":"Qui\u00e9nes somos","item":"https:\/\/drap-art.org\/es\/quienes-somos\/"},{"@type":"ListItem","position":3,"name":"Qu\u00e9 hacemos","item":"https:\/\/drap-art.org\/es\/quienes-somos\/que-hacemos\/"},{"@type":"ListItem","position":4,"name":"Festivales"}]},{"@type":"WebSite","@id":"https:\/\/drap-art.org\/#website","url":"https:\/\/drap-art.org\/","name":"Drap-Art","description":"Festival Internacional de Arte y Sostenibilidad","publisher":{"@id":"https:\/\/drap-art.org\/#organization"},"potentialAction":[{"@type":"SearchAction","target":{"@type":"EntryPoint","urlTemplate":"https:\/\/drap-art.org\/?s={search_term_string}"},"query-input":{"@type":"PropertyValueSpecification","valueRequired":true,"valueName":"search_term_string"}}],"inLanguage":"es"},{"@type":"Organization","@id":"https:\/\/drap-art.org\/#organization","name":"Associaci\u00f3 Drap-Art","url":"https:\/\/drap-art.org\/","logo":{"@type":"ImageObject","inLanguage":"es","@id":"https:\/\/drap-art.org\/#\/schema\/logo\/image\/","url":"https:\/\/drap-art.org\/wp-content\/uploads\/2024\/10\/logo-drapart-24.png","contentUrl":"https:\/\/drap-art.org\/wp-content\/uploads\/2024\/10\/logo-drapart-24.png","width":2157,"height":1929,"caption":"Associaci\u00f3 Drap-Art"},"image":{"@id":"https:\/\/drap-art.org\/#\/schema\/logo\/image\/"},"sameAs":["https:\/\/www.facebook.com\/drapart\/","https:\/\/x.com\/DrapArt","https:\/\/www.instagram.com\/drapart_org\/","https:\/\/www.youtube.com\/channel\/UC_FGj-k0m_HgMv_aYSN5_4Q"]}]}},"_links":{"self":[{"href":"https:\/\/drap-art.org\/es\/wp-json\/wp\/v2\/pages\/5378","targetHints":{"allow":["GET"]}}],"collection":[{"href":"https:\/\/drap-art.org\/es\/wp-json\/wp\/v2\/pages"}],"about":[{"href":"https:\/\/drap-art.org\/es\/wp-json\/wp\/v2\/types\/page"}],"author":[{"embeddable":true,"href":"https:\/\/drap-art.org\/es\/wp-json\/wp\/v2\/users\/2"}],"replies":[{"embeddable":true,"href":"https:\/\/drap-art.org\/es\/wp-json\/wp\/v2\/comments?post=5378"}],"version-history":[{"count":0,"href":"https:\/\/drap-art.org\/es\/wp-json\/wp\/v2\/pages\/5378\/revisions"}],"up":[{"embeddable":true,"href":"https:\/\/drap-art.org\/es\/wp-json\/wp\/v2\/pages\/5370"}],"wp:featuredmedia":[{"embeddable":true,"href":"https:\/\/drap-art.org\/es\/wp-json\/wp\/v2\/media\/5157"}],"wp:attachment":[{"href":"https:\/\/drap-art.org\/es\/wp-json\/wp\/v2\/media?parent=5378"}],"curies":[{"name":"wp","href":"https:\/\/api.w.org\/{rel}","templated":true}]}}